{"id":90,"date":"2023-04-03T19:29:49","date_gmt":"2023-04-03T17:29:49","guid":{"rendered":"https:\/\/consolatozurigo.esteri.it\/?page_id=90"},"modified":"2026-03-05T10:48:16","modified_gmt":"2026-03-05T08:48:16","slug":"traduzione-e-legalizzazione-dei-documenti","status":"publish","type":"page","link":"https:\/\/consbasilea.esteri.it\/it\/servizi-consolari\/servizi-per-il-cittadino-italiano\/traduzione-e-legalizzazione-dei-documenti\/","title":{"rendered":"Traduzione e legalizzazione dei documenti"},"content":{"rendered":"<p>Per poter essere fatti valere in Italia, gli atti e i documenti rilasciati da autorit\u00e0 straniere devono essere legalizzati dalle rappresentanze diplomatico-consolari italiane all\u2019estero nella cui circoscrizione sono stati emessi.<\/p>\n<p>Per la parte sulla traduzione, si rimanda alla pagina <a href=\"https:\/\/consbasilea.esteri.it\/it\/servizi-consolari\/servizi-per-il-cittadino-italiano\/stato-civile\/trascrizione-in-italia-di-atti-di-stato-civile\/traduttori-con-firma-depositata\/\">Traduttori di riferimento \u2013 Consolato d\u2019Italia Basilea<\/a>.<\/p>\n<p>Per procedere alla\u00a0<strong>legalizzazione<\/strong>\u00a0il richiedente dovr\u00e0 presentarsi, previo appuntamento, presso l\u2019Ufficio consolare munito dell\u2019atto (in originale) da legalizzare.<br \/>\nAl fine di ottenere il\u00a0<strong>certificato di conformit\u00e0 della traduzione<\/strong>\u00a0il richiedente dovr\u00e0 presentarsi, previo appuntamento, presso l\u2019Ufficio consolare munito del documento originale in lingua straniera e della traduzione.<\/p>\n<p>Gli atti di cui sopra sono soggetti al\u00a0<strong>pagamento dei diritti<\/strong>\u00a0di cui alla\u00a0<a href=\"https:\/\/consbasilea.esteri.it\/wp-content\/uploads\/2025\/01\/Tabella-tariffa-consolare-I-trimestre-2025-4.pdf\" target=\"_blank\" rel=\"noopener\">Tariffa consolare<\/a>\u00a0attualmente vigente.<\/p>\n<p><strong>L\u2019apostille<br \/>\n<\/strong>Nei Paesi che hanno sottoscritto la Convenzione de L\u2019Aia del 5 ottobre 1961 relativa all\u2019abolizione della legalizzazione di atti pubblici stranieri (la Svizzera \u00e8 firmataria di tale convenzione), la necessit\u00e0 di legalizzare gli atti e i documenti rilasciati da autorit\u00e0 straniere \u00e8 sostituita da un\u2019altra formalit\u00e0: l\u2019apposizione della \u201cpostilla\u201d (o apostille).<br \/>\nPertanto, una persona proveniente da un Paese che ha aderito a questa Convenzione non ha bisogno di recarsi presso la Rappresentanza consolare e chiedere la legalizzazione, ma pu\u00f2 recarsi presso la competente autorit\u00e0 interna designata da ciascuno Stato \u2013 e indicata per ciascun Paese nell\u2019atto di adesione alla Convenzione stessa (normalmente si tratta del Ministero degli Esteri) \u2013 per ottenere l\u2019apposizione dell\u2019apostille sul documento. Cos\u00ec perfezionato, il documento viene riconosciuto in Italia.<\/p>\n<p>L\u2019elenco aggiornato dei Paesi che hanno ratificato la Convenzione de L\u2019Aja e delle autorit\u00e0 competenti all\u2019apposizione dell\u2019apostille per ciascuno degli Stati \u00e8 disponibile sul sito web della Conferenza de L\u2019Aja di diritto internazionale privato:<br \/>\n<a href=\"http:\/\/www.hcch.net\/\">http:\/\/www.hcch.net\/<\/a>.<\/p>\n<p>Per informazioni scrivere a:\u00a0<a href=\"mailto:basilea.statocivile@esteri.it\" target=\"_blank\" rel=\"noopener\">basilea.statocivile@esteri.it<\/a><\/p>\n","protected":false},"excerpt":{"rendered":"Per poter essere fatti valere in Italia, gli atti e i documenti rilasciati da autorit\u00e0 straniere devono essere legalizzati dalle rappresentanze diplomatico-consolari italiane all\u2019estero nella cui circoscrizione sono stati emessi. Per la parte sulla traduzione, si rimanda alla pagina Traduttori di riferimento \u2013 Consolato d\u2019Italia Basilea. Per procedere alla\u00a0legalizzazione\u00a0il richiedente dovr\u00e0 presentarsi, previo appuntamento, presso [&hellip;]","protected":false},"author":1,"featured_media":0,"parent":59,"menu_order":14,"comment_status":"closed","ping_status":"closed","template":"","meta":{"footnotes":""},"class_list":["post-90","page","type-page","status-publish","hentry"],"_links":{"self":[{"href":"https:\/\/consbasilea.esteri.it\/it\/wp-json\/wp\/v2\/pages\/90","targetHints":{"allow":["GET"]}}],"collection":[{"href":"https:\/\/consbasilea.esteri.it\/it\/wp-json\/wp\/v2\/pages"}],"about":[{"href":"https:\/\/consbasilea.esteri.it\/it\/wp-json\/wp\/v2\/types\/page"}],"author":[{"embeddable":true,"href":"https:\/\/consbasilea.esteri.it\/it\/wp-json\/wp\/v2\/users\/1"}],"replies":[{"embeddable":true,"href":"https:\/\/consbasilea.esteri.it\/it\/wp-json\/wp\/v2\/comments?post=90"}],"version-history":[{"count":7,"href":"https:\/\/consbasilea.esteri.it\/it\/wp-json\/wp\/v2\/pages\/90\/revisions"}],"predecessor-version":[{"id":4358,"href":"https:\/\/consbasilea.esteri.it\/it\/wp-json\/wp\/v2\/pages\/90\/revisions\/4358"}],"up":[{"embeddable":true,"href":"https:\/\/consbasilea.esteri.it\/it\/wp-json\/wp\/v2\/pages\/59"}],"wp:attachment":[{"href":"https:\/\/consbasilea.esteri.it\/it\/wp-json\/wp\/v2\/media?parent=90"}],"curies":[{"name":"wp","href":"https:\/\/api.w.org\/{rel}","templated":true}]}}