{"id":89,"date":"2023-04-03T19:29:38","date_gmt":"2023-04-03T17:29:38","guid":{"rendered":"https:\/\/consolatozurigo.esteri.it\/?page_id=89"},"modified":"2023-07-07T11:33:21","modified_gmt":"2023-07-07T09:33:21","slug":"servizi-notarili","status":"publish","type":"page","link":"https:\/\/consbasilea.esteri.it\/it\/servizi-consolari\/servizi-per-il-cittadino-italiano\/servizi-notarili\/","title":{"rendered":"Servizi notarili"},"content":{"rendered":"<p>L\u2019ufficio consolare esercita \u2013 esclusivamente nei confronti di cittadini italiani che si trovano all\u2019estero in via permanente o temporanea \u2013 <strong>alcune funzioni notarili<\/strong> previste dal nostro ordinamento. Essenzialmente si tratta del <strong>ricevimento di atti pubblici (procure, testamenti), di atti notori, di autenticazioni e di sottoscrizioni apposte a scritture private<\/strong>.<\/p>\n<p>Esistono tuttavia alcune differenze tra le competenze consolari in materia notarile e quelle attribuite ai notai esercenti in Italia, sostanzialmente connesse alla diversa posizione del Capo della Rappresentanza consolare, funzionario dello Stato, e quella del notaio, libero professionista.<\/p>\n<p>Il notaio, infatti, pu\u00f2 anche essere chiamato a fungere da consulente legale del cliente. E&#8217;\u00a0 invece <strong>escluso che l\u2019Autorit\u00e0 consolare possa svolgere tale attivit\u00e0<\/strong>. Il suo consiglio, se richiesto, deve essere limitato al campo giuridico, con particolare riguardo alla validit\u00e0 degli atti che le si domanda di ricevere. La sua assistenza deve limitarsi alla legalit\u00e0 degli atti prospettati e non alla loro utilit\u00e0 economica.<\/p>\n<p>Il notaio pu\u00f2 essere a volte il mandatario del cliente rispetto alla pubblicit\u00e0 e alla esecuzione di formalit\u00e0 relative agli atti da lui ricevuti. Nessuna attivit\u00e0 di tale natura pu\u00f2, invece, essere svolta dal capo della Rappresentanza consolare.<\/p>\n<p>Mentre il notaio ha diritto ad un onorario, tutti gli atti consolari sono soggetti unicamente alla tassa indicata nella Tariffa consolare.<\/p>\n<p align=\"left\">I servizi notarili pi\u00f9 frequentemente richiesti ad un Ufficio consolare sono:<\/p>\n<ul>\n<li>\n<div align=\"left\"><strong>Procure<\/strong><\/div>\n<\/li>\n<li>\n<div align=\"left\"><strong>Testamenti<\/strong><\/div>\n<\/li>\n<li>\n<div align=\"left\"><strong>Atti Pubblici<\/strong><\/div>\n<\/li>\n<li>\n<div align=\"left\"><strong>Attivit\u00e0 di autenticazione<\/strong><\/div>\n<\/li>\n<\/ul>\n<p>Il cittadino italiano all\u2019estero pu\u00f2, in alternativa, <strong>formalizzare l\u2019atto presso un pubblico notaio ufficialmente accreditato nel Paese di residenza.<\/strong> Successivamente, se il Paese ha aderito alla Convenzione dell\u2019Aja del 1961 per l\u2019abolizione della legalizzazione (la Svizzera ha firmato tale convenzione), deve provvedere a far apporre sul documento l\u2019\u00abapostille\u00bb da parte dell\u2019Autorit\u00e0 preposta nel Paese di residenza. Se il Paese non ha aderito alla Convenzione suddetta, dovr\u00e0 far legalizzare la firma del notaio a cura della Rappresentanza consolare italiana.<\/p>\n<p>Per la sottoscrizione di atti notarili ed altri servizi da far valere dinanzi alle Autorit\u00e0 italiane,\u00a0<em><u>i cittadini stranieri<\/u><\/em>\u00a0dovranno rivolgersi ad un notaio\u00a0svizzero (<a href=\"https:\/\/snv-fsn.ch\/it\/ricerca-notaio\">https:\/\/snv-fsn.ch\/it\/ricerca-notaio<\/a>).<\/p>\n<p>I documenti notarili rilasciati dai Notai svizzeri (procura speciale, delega,\u00a0etc.), per essere validi in Italia, devono essere legalizzati tramite Apostille. L\u2019Apostille viene apposta dalla Cancelleria di Stato del Cantone (Staatskanzlei).<\/p>\n<p>Gli atti notarili rilasciati presso il Consolato sono validi, senza alcuna ulteriore legalizzazione,\u00a0nel territorio della Repubblica Italiana e presso le Rappresentanze diplomatico-consolari Italiane.<\/p>\n<p>Per informazioni scrivere a: <a href=\"mailto:notarile.basilea@esteri.it\" target=\"_blank\" rel=\"noopener\">notarile.basilea@esteri.it<\/a><\/p>\n","protected":false},"excerpt":{"rendered":"L\u2019ufficio consolare esercita \u2013 esclusivamente nei confronti di cittadini italiani che si trovano all\u2019estero in via permanente o temporanea \u2013 alcune funzioni notarili previste dal nostro ordinamento. Essenzialmente si tratta del ricevimento di atti pubblici (procure, testamenti), di atti notori, di autenticazioni e di sottoscrizioni apposte a scritture private. Esistono tuttavia alcune differenze tra le [&hellip;]","protected":false},"author":1,"featured_media":0,"parent":59,"menu_order":12,"comment_status":"closed","ping_status":"closed","template":"","meta":{"footnotes":""},"class_list":["post-89","page","type-page","status-publish","hentry"],"_links":{"self":[{"href":"https:\/\/consbasilea.esteri.it\/it\/wp-json\/wp\/v2\/pages\/89","targetHints":{"allow":["GET"]}}],"collection":[{"href":"https:\/\/consbasilea.esteri.it\/it\/wp-json\/wp\/v2\/pages"}],"about":[{"href":"https:\/\/consbasilea.esteri.it\/it\/wp-json\/wp\/v2\/types\/page"}],"author":[{"embeddable":true,"href":"https:\/\/consbasilea.esteri.it\/it\/wp-json\/wp\/v2\/users\/1"}],"replies":[{"embeddable":true,"href":"https:\/\/consbasilea.esteri.it\/it\/wp-json\/wp\/v2\/comments?post=89"}],"version-history":[{"count":0,"href":"https:\/\/consbasilea.esteri.it\/it\/wp-json\/wp\/v2\/pages\/89\/revisions"}],"up":[{"embeddable":true,"href":"https:\/\/consbasilea.esteri.it\/it\/wp-json\/wp\/v2\/pages\/59"}],"wp:attachment":[{"href":"https:\/\/consbasilea.esteri.it\/it\/wp-json\/wp\/v2\/media?parent=89"}],"curies":[{"name":"wp","href":"https:\/\/api.w.org\/{rel}","templated":true}]}}