{"id":85,"date":"2023-04-03T19:28:49","date_gmt":"2023-04-03T17:28:49","guid":{"rendered":"https:\/\/consolatozurigo.esteri.it\/?page_id=85"},"modified":"2026-03-03T18:39:49","modified_gmt":"2026-03-03T16:39:49","slug":"anagrafe-degli-italiani-residenti-allestero-aire","status":"publish","type":"page","link":"https:\/\/consbasilea.esteri.it\/it\/servizi-consolari\/servizi-per-il-cittadino-italiano\/anagrafe-degli-italiani-residenti-allestero-aire\/","title":{"rendered":"Anagrafe degli Italiani residenti all\u2019estero (AIRE)"},"content":{"rendered":"<p>L\u2019<a href=\"https:\/\/www.esteri.it\/it\/servizi-consolari-e-visti\/italiani-all-estero\/aire_0\/\">Anagrafe degli Italiani Residenti all\u2019Estero (A.I.R.E.)<\/a> \u00e8 stata istituita con legge 27 ottobre 1988, n. 470.\u00a0Essa \u00e8 gestita dai Comuni sulla base dei dati e delle informazioni provenienti dalle Rappresentanze consolari all\u2019estero.<\/p>\n<p>L\u2019iscrizione all\u2019A.I.R.E. \u00e8 un diritto-dovere del cittadino (art. 6, L. 470\/1988) e costituisce il presupposto per usufruire dei servizi consolari forniti dalle Rappresentanze all\u2019estero, nonch\u00e9 per l\u2019esercizio di importanti diritti, quali per esempio:<\/p>\n<ul>\n<li>la possibilit\u00e0 di votare per corrispondenza in occasione di elezioni politiche e di referendum, di cui agli articoli 75 e 138 della Costituzione, come previsto dalla legge 459\/2001;<\/li>\n<li>la possibilit\u00e0 di votare in occasione delle elezioni dei rappresentanti italiani al Parlamento Europeo presso seggi istituiti dalla rete diplomatico-consolare nei Paesi appartenenti all\u2019U.E.;<\/li>\n<li>la possibilit\u00e0 di ottenere il rilascio di documenti di identit\u00e0 e di viaggio;<\/li>\n<li>la possibilit\u00e0 di richiedere il rilascio di certificazioni di competenza dei Consolati all\u2019estero.<\/li>\n<\/ul>\n<p><strong>Hanno l&#8217;obbligo di iscriversi all\u2019A.I.R.E.:<\/strong><\/p>\n<ul>\n<li>i cittadini che fissano all\u2019estero la dimora abituale per un periodo superiore a 12 mesi (art. 8, L. 470\/1988) &#8211; <strong>entro 90 giorni<\/strong> dal trasferimento della residenza;<\/li>\n<li>quelli che gi\u00e0 vi risiedono, sia perch\u00e9 nati all\u2019estero che per successivo acquisto della cittadinanza italiana a qualsiasi titolo.<\/li>\n<\/ul>\n<p><strong>Non hanno l&#8217;obbligo di iscriversi all\u2019A.I.R.E.:<\/strong><\/p>\n<ul>\n<li>i cittadini che si recano all\u2019estero per un periodo di tempo inferiore ad un anno;<\/li>\n<li>i lavoratori stagionali;<\/li>\n<li>i dipendenti di ruolo dello Stato in servizio all\u2019estero, che siano notificati ai sensi delle Convenzioni di Vienna sulle relazioni diplomatiche e sulle relazioni consolari rispettivamente del 1961 e del 1963;<\/li>\n<li>i militari italiani in servizio presso gli uffici e le strutture della NATO dislocate all\u2019estero.<\/li>\n<\/ul>\n<p><strong>IMPORTANTE &#8211; Come iscriversi all\u2019A.I.R.E.:<\/strong><\/p>\n<p>L\u2019iscrizione all\u2019A.I.R.E. \u00e8\u00a0<strong>GRATUITA<\/strong>.<\/p>\n<ul>\n<li><a href=\"https:\/\/www.esteri.it\/it\/servizi-consolari-e-visti\/italiani-all-estero\/aire_0\/\">L\u2019iscrizione all\u2019A.I.R.E<\/a>. \u00e8 effettuata <strong>entro 90 giorni<\/strong> dal trasferimento della residenza e comporta la contestuale cancellazione dall\u2019Anagrafe della Popolazione Residente (A.P.R.) del Comune di provenienza.<\/li>\n<li>L\u2019iscrizione del cittadino residente all\u2019estero pu\u00f2 anche avvenire d\u2019ufficio, sulla base di informazioni di cui gli Uffici consolari abbiano conoscenza (art. 6, comma 6, L. 470\/1988).<\/li>\n<li>La richiesta va effettuata attraverso il portale <a href=\"https:\/\/serviziconsolari.esteri.it\/ScoFE\/index.sco\"><strong><em>FAST-IT<\/em><\/strong><\/a> compilando l\u2019apposito modulo di richiesta (<a href=\"https:\/\/consbasilea.esteri.it\/servizi-consolari\/servizi-per-il-cittadino-italiano\/anagrafe-degli-italiani-residenti-allestero-aire\/fast-it-il-portale-dei-servizi-consolari\/\">vedi sezione di questo Sito<\/a>), a cui \u00e8 necessario allegare la documentazione indicata. Il portale permette al cittadino di comunicare anche l\u2019<strong><u>eventuale cambio di indirizzo.<\/u><\/strong><\/li>\n<\/ul>\n<p>Solo in casi eccezionali, dovutamente <strong><u>motivati<\/u><\/strong>, le pratiche potranno essere accettate via mail. Si prega di scrivere all\u2019indirizzo <a href=\"mailto:basilea.anagrafe@esteri.it\">basilea.anagrafe@esteri.it<\/a><\/p>\n<ol>\n<li><em>non saranno date risposte a richieste di informazioni presenti sul sito; eventuali allegati dovranno essere inviati solo in formato pdf).<\/em><\/li>\n<\/ol>\n<p><strong><em>Cosa succede quando mi iscrivo all\u2019AIRE?<\/em><\/strong><\/p>\n<p>L\u2019<strong>AIRE<\/strong> \u00e8 gestito dai Comuni sulla base delle informazioni provenienti dalle Ambasciate e dai Consolati. Pertanto, se la tua richiesta di iscrizione \u00e8 completa e accoglibile, il Consolato la inoltrer\u00e0 al tuo \u201c<strong>Comune AIRE<\/strong>\u201d (solitamente, il Comune di ultima residenza). L\u2019iscrizione si potr\u00e0 considerare avvenuta solo quando il Comune avr\u00e0 provveduto alle attivit\u00e0 di propria competenza.<\/p>\n<p>L\u2019iscrizione all\u2019AIRE comporta la cancellazione dall\u2019Anagrafe Nazionale della Popolazione Residente (ANPR).<\/p>\n<p><strong><em>Cosa succede se non mi iscrivo all\u2019AIRE?<\/em><\/strong><\/p>\n<p>Senza l\u2019iscrizione all\u2019AIRE non \u00e8 possibile accedere alla maggior parte dei <a href=\"https:\/\/consmanchester.esteri.it\/it\/servizi-consolari-e-visti\/servizi-per-il-cittadino-italiano\/\">servizi consolari<\/a> \u2013 quali l\u2019emissione di passaporti, la trascrizione degli atti di stato civile e il voto all\u2019estero. In generale, l\u2019esercizio concreto di molti diritti fondamentali dipende dall\u2019iscrizione anagrafica, che se non effettuata correttamente pu\u00f2 comportare conseguenze negative in relazione, ad esempio, ai diritti elettorali, sanitari, sociali e fiscali, civili e personali.<\/p>\n<p>Inoltre, <a href=\"https:\/\/www.esteri.it\/it\/servizi-consolari-e-visti\/italiani-all-estero\/aire_0\/\">a partire dal 2024<\/a>, i Comuni possono irrogare in una sanzione amministrativa pecuniaria compresa tra i 200\u20ac e i 1.000\u20ac per ciascun anno di mancata iscrizione all\u2019AIRE, fino a un massimo di 5 anni.<\/p>\n<p>&nbsp;<\/p>\n<p>&nbsp;<\/p>\n<p>&nbsp;<\/p>\n","protected":false},"excerpt":{"rendered":"L\u2019Anagrafe degli Italiani Residenti all\u2019Estero (A.I.R.E.) \u00e8 stata istituita con legge 27 ottobre 1988, n. 470.\u00a0Essa \u00e8 gestita dai Comuni sulla base dei dati e delle informazioni provenienti dalle Rappresentanze consolari all\u2019estero. L\u2019iscrizione all\u2019A.I.R.E. \u00e8 un diritto-dovere del cittadino (art. 6, L. 470\/1988) e costituisce il presupposto per usufruire dei servizi consolari forniti dalle Rappresentanze [&hellip;]","protected":false},"author":1,"featured_media":0,"parent":59,"menu_order":4,"comment_status":"closed","ping_status":"closed","template":"","meta":{"footnotes":""},"class_list":["post-85","page","type-page","status-publish","hentry"],"_links":{"self":[{"href":"https:\/\/consbasilea.esteri.it\/it\/wp-json\/wp\/v2\/pages\/85","targetHints":{"allow":["GET"]}}],"collection":[{"href":"https:\/\/consbasilea.esteri.it\/it\/wp-json\/wp\/v2\/pages"}],"about":[{"href":"https:\/\/consbasilea.esteri.it\/it\/wp-json\/wp\/v2\/types\/page"}],"author":[{"embeddable":true,"href":"https:\/\/consbasilea.esteri.it\/it\/wp-json\/wp\/v2\/users\/1"}],"replies":[{"embeddable":true,"href":"https:\/\/consbasilea.esteri.it\/it\/wp-json\/wp\/v2\/comments?post=85"}],"version-history":[{"count":2,"href":"https:\/\/consbasilea.esteri.it\/it\/wp-json\/wp\/v2\/pages\/85\/revisions"}],"predecessor-version":[{"id":5051,"href":"https:\/\/consbasilea.esteri.it\/it\/wp-json\/wp\/v2\/pages\/85\/revisions\/5051"}],"up":[{"embeddable":true,"href":"https:\/\/consbasilea.esteri.it\/it\/wp-json\/wp\/v2\/pages\/59"}],"wp:attachment":[{"href":"https:\/\/consbasilea.esteri.it\/it\/wp-json\/wp\/v2\/media?parent=85"}],"curies":[{"name":"wp","href":"https:\/\/api.w.org\/{rel}","templated":true}]}}