{"id":604,"date":"2023-07-07T13:18:24","date_gmt":"2023-07-07T11:18:24","guid":{"rendered":"https:\/\/consbasilea.esteri.it\/?page_id=604"},"modified":"2023-07-07T13:38:24","modified_gmt":"2023-07-07T11:38:24","slug":"bandi-di-gara","status":"publish","type":"page","link":"https:\/\/consbasilea.esteri.it\/it\/amministrazione-trasparente\/bandi-di-gara-e-contratti\/bandi-di-gara\/","title":{"rendered":"Bandi di gara"},"content":{"rendered":"<p>Il Consolato d\u2019Italia in Basilea promuove un\u2019indagine esplorativa rivolta alle Ditte o Societ\u00e0 potenzialmente interessate alla stipula di un contratto di servizi per la stampa e l\u2019imbustamento del materiale elettorale relativo ai plichi dei cittadini italiani residenti nei Cantoni di Basilea citt\u00e0, Basilea campagna, Soletta, Giura e Argovia in occasione delle elezioni politiche per il rinnovo del Parlamento italiano.<\/p>\n<p><a href=\"https:\/\/consbasilea.esteri.it\/wp-content\/uploads\/2023\/07\/2017.12.15_-avviso_esplorativo_cons._basilea_-it-.pdf\" target=\"_blank\" rel=\"noopener\">Avviso manifestazione d&#8217;interesse<\/a>\u00a0\u00a0\u00a0\u00a0<a href=\"https:\/\/consbasilea.esteri.it\/wp-content\/uploads\/2023\/07\/risposteposteita.pdf\" target=\"_blank\" rel=\"noopener\">Risposte a richieste di chiarimenti<\/a>\u00a0\u00a0\u00a0\u00a0<a href=\"https:\/\/consbasilea.esteri.it\/wp-content\/uploads\/2023\/07\/risposte170118.pdf\" target=\"_blank\" rel=\"noopener\">Risposte a richieste di chiarimenti del 16.01.18<\/a><\/p>\n<p>Das Italienische Konsulat in Basel f\u00fchrt eine \u00f6ffentliche Ausschreibung durch, die sich an die Unternehmen und Firmen richtet, welche im Rahmen der italienischen Parlamentswahlen an einen Vertrag zum Druck und zur Bereitstellung der Sendung des Wahlmaterials der italienischen B\u00fcrger in den Kantonen Basel-Stadt, Basel-Landschaft, Solothurn, Aargau und Jura.<\/p>\n<p><a href=\"https:\/\/consbasilea.esteri.it\/wp-content\/uploads\/2023\/07\/2017.12.15_-avviso_esplorativo_cons._basilea_-de-.pdf\" target=\"_blank\" rel=\"noopener\">\u00d6ffentliche Ausschreibung<\/a>\u00a0\u00a0\u00a0\u00a0<a href=\"https:\/\/consbasilea.esteri.it\/wp-content\/uploads\/2023\/07\/rispostepostedeu.pdf\" target=\"_blank\" rel=\"noopener\">Antworten auf Kl\u00e4rungsanfragen<\/a><\/p>\n<p>Le Consulat d\u2019Italie \u00e0 B\u00e2le promeut un sondage exploratoire adress\u00e9 aux entreprises ou soci\u00e9t\u00e9s potentiellement int\u00e9ress\u00e9es par la conclusion d\u2019un contrat de service pour l&#8217;impression et la mise sous pli du mat\u00e9riel \u00e9lectoral relatif aux enveloppes pour le vote de citoyens italiens r\u00e9sidants dans les cantons de B\u00e2le-Ville, B\u00e2le-Campagne, Soleure, Jura et Argovie \u00e0 l\u2019occasion des prochaines \u00e9lections politiques pour le renouvellement du Parlement italien.<\/p>\n<p><a href=\"https:\/\/consbasilea.esteri.it\/wp-content\/uploads\/2023\/07\/2017.12.15_-avviso_esplorativo_cons._basilea_-fr-.pdf\" target=\"_blank\" rel=\"noopener\">Appel a manifestation d&#8217;interet<\/a>\u00a0\u00a0\u00a0\u00a0<a href=\"https:\/\/consbasilea.esteri.it\/wp-content\/uploads\/2023\/07\/risposteposteita-1.pdf\" target=\"_blank\" rel=\"noopener\">R\u00e9ponses aux demandes de clarifications<\/a><\/p>\n","protected":false},"excerpt":{"rendered":"Il Consolato d\u2019Italia in Basilea promuove un\u2019indagine esplorativa rivolta alle Ditte o Societ\u00e0 potenzialmente interessate alla stipula di un contratto di servizi per la stampa e l\u2019imbustamento del materiale elettorale relativo ai plichi dei cittadini italiani residenti nei Cantoni di Basilea citt\u00e0, Basilea campagna, Soletta, Giura e Argovia in occasione delle elezioni politiche per il [&hellip;]","protected":false},"author":1,"featured_media":0,"parent":152,"menu_order":2,"comment_status":"closed","ping_status":"closed","template":"","meta":{"footnotes":""},"class_list":["post-604","page","type-page","status-publish","hentry"],"_links":{"self":[{"href":"https:\/\/consbasilea.esteri.it\/it\/wp-json\/wp\/v2\/pages\/604","targetHints":{"allow":["GET"]}}],"collection":[{"href":"https:\/\/consbasilea.esteri.it\/it\/wp-json\/wp\/v2\/pages"}],"about":[{"href":"https:\/\/consbasilea.esteri.it\/it\/wp-json\/wp\/v2\/types\/page"}],"author":[{"embeddable":true,"href":"https:\/\/consbasilea.esteri.it\/it\/wp-json\/wp\/v2\/users\/1"}],"replies":[{"embeddable":true,"href":"https:\/\/consbasilea.esteri.it\/it\/wp-json\/wp\/v2\/comments?post=604"}],"version-history":[{"count":0,"href":"https:\/\/consbasilea.esteri.it\/it\/wp-json\/wp\/v2\/pages\/604\/revisions"}],"up":[{"embeddable":true,"href":"https:\/\/consbasilea.esteri.it\/it\/wp-json\/wp\/v2\/pages\/152"}],"wp:attachment":[{"href":"https:\/\/consbasilea.esteri.it\/it\/wp-json\/wp\/v2\/media?parent=604"}],"curies":[{"name":"wp","href":"https:\/\/api.w.org\/{rel}","templated":true}]}}