{"id":458,"date":"2023-07-05T08:55:31","date_gmt":"2023-07-05T06:55:31","guid":{"rendered":"https:\/\/consbasilea.esteri.it\/?page_id=458"},"modified":"2024-10-01T09:20:59","modified_gmt":"2024-10-01T07:20:59","slug":"iscrizione-variazione-aire-minorenni","status":"publish","type":"page","link":"https:\/\/consbasilea.esteri.it\/it\/servizi-consolari\/servizi-per-il-cittadino-italiano\/anagrafe-degli-italiani-residenti-allestero-aire\/iscrizione-variazione-aire-minorenni\/","title":{"rendered":"Iscrizione\/Variazione AIRE minorenni"},"content":{"rendered":"<p>La riforma della filiazione, ad opera della L. 219\/2012 e del D. Lgs. 154\/2013, ha determinato delle ricadute rilevanti nella gestione anagrafica del minore, non tanto per quanto riguarda i principi anagrafici che sono rimasti sostanzialmente invariati, quanto per le cautele procedurali da adottare in simili casi.<\/p>\n<p>In tale materia, si evidenzia come il novellato art. 316 c.c. sulla responsabilit\u00e0 genitoriale disponga al primo comma \u201c<em>Entrambi i genitori hanno la responsabilit\u00e0 genitoriale che \u00e8 esercitata di comune accordo tenendo conto delle capacit\u00e0, delle inclinazioni naturali e delle aspirazioni del figlio.\u00a0<strong>I genitori di comune accordo stabiliscono la residenza abituale del minore&#8230;<\/strong><\/em>\u201d, inserendo cos\u00ec la fissazione della residenza abituale del minore tra quelle scelte di importanza fondamentale rispetto alle quali il comune accordo dei genitori debba\u00a0auspicabilmente\u00a0sempre formarsi.<\/p>\n<p>Pertanto q<span style=\"text-decoration: underline;\">ualora si richieda l&#8217;iscrizione\/variazione AIRE di un minore non convivente con entrambi i genitori<\/span> occorre che:<\/p>\n<ol>\n<li><strong>L&#8217;istanza sia sottoscritta da entrambi gli esercenti la responsabilit\u00e0 genitoriale;<\/strong><\/li>\n<li><strong>Che essa sia corredata dalle copie del documento di identit\u00e0 di entrambi i firmatari anche se inviata per posta o per via telematica.<\/strong><\/li>\n<\/ol>\n<p>In difetto dell\u2019espressione di volont\u00e0 di entrambi i genitori,\u00a0<em>l\u2019istante dovr\u00e0 integrare la domanda con il consenso mancante<\/em>, da inviare all&#8217;indirizzo<a href=\"mailto:basilea.anagrafe@esteri.it\"> basilea.anagrafe@esteri.it<\/a>. Un modello di tale richiesta \u00e8 scaricabile <a href=\"https:\/\/consbasilea.esteri.it\/wp-content\/uploads\/2023\/06\/2023-Basilea_atto_assenso_cambio_residenza_figli_minori.pdf\" target=\"_blank\" rel=\"noopener\"><strong>qui<\/strong><\/a><\/p>\n<p>Si segnala al riguardo che\u00a0<strong><em>il consenso deve essere attuale<\/em><\/strong>, cio\u00e8 espresso in tempi ravvicinati o comunque espressamente richiamarsi alla domanda di variazione della residenza.<\/p>\n<p>Qualora l\u2019istante dichiari l\u2019inesistenza dell\u2019altro consenso, ad esempio per morte dell\u2019altro genitore o per provvedimento giurisdizionale interdittivo della sua genitorialit\u00e0 o perch\u00e9 il minore \u00e8 stato riconosciuto da un solo genitore,\u00a0<em>dovr\u00e0 fornirne \u2013 ove non gi\u00e0 presente negli atti presentati o in archivio \u2013 evidenza documentale<\/em>.<\/p>\n<p>Qualora l\u2019istante dichiari invece la semplice impossibilit\u00e0 di ottenere il consenso dell\u2019altro genitore (non solo, ad esempio, nel caso di irreperibilit\u00e0 dello stesso, ma anche e soprattutto in caso di mero disinteresse), d<em>ovr\u00e0 comunque fornire le ultime coordinate conosciute dove egli risulta potenzialmente rintracciabile<\/em>,\u00a0<strong>intendendo come tali non solo l\u2019indirizzo, ma anche eventuali contatti telefonici o di posta elettronica<\/strong>.<\/p>\n<p>&nbsp;<\/p>\n<p><strong>Iscrizione all\u2019AIRE di un neonato<\/strong><\/p>\n<p>L\u2019iscrizione di un neonato (nato in Svizzera) non pu\u00f2 essere dichiarata tramite il portale Fast.it in quanto necessario l\u2019estratto dell\u2019atto di nascita in formato internazionale e in <strong>ORIGINALE<\/strong> (<strong>Auszug Aus Dem Geburtsregister \u2013 CIEC<\/strong>) indicante i nomi di entrambi i genitori (consultare sezione \u201c<a href=\"https:\/\/consbasilea.esteri.it\/it\/servizi-consolari\/servizi-per-il-cittadino-italiano\/stato-civile\/trascrizione-in-italia-di-atti-di-stato-civile\/\">Stato Civile<\/a>\u201d). L&#8217;atto in originale deve essere inviato al Consolato tramite posta.<\/p>\n","protected":false},"excerpt":{"rendered":"La riforma della filiazione, ad opera della L. 219\/2012 e del D. Lgs. 154\/2013, ha determinato delle ricadute rilevanti nella gestione anagrafica del minore, non tanto per quanto riguarda i principi anagrafici che sono rimasti sostanzialmente invariati, quanto per le cautele procedurali da adottare in simili casi. In tale materia, si evidenzia come il novellato [&hellip;]","protected":false},"author":5,"featured_media":0,"parent":85,"menu_order":0,"comment_status":"closed","ping_status":"closed","template":"","meta":{"footnotes":""},"class_list":["post-458","page","type-page","status-publish","hentry"],"_links":{"self":[{"href":"https:\/\/consbasilea.esteri.it\/it\/wp-json\/wp\/v2\/pages\/458","targetHints":{"allow":["GET"]}}],"collection":[{"href":"https:\/\/consbasilea.esteri.it\/it\/wp-json\/wp\/v2\/pages"}],"about":[{"href":"https:\/\/consbasilea.esteri.it\/it\/wp-json\/wp\/v2\/types\/page"}],"author":[{"embeddable":true,"href":"https:\/\/consbasilea.esteri.it\/it\/wp-json\/wp\/v2\/users\/5"}],"replies":[{"embeddable":true,"href":"https:\/\/consbasilea.esteri.it\/it\/wp-json\/wp\/v2\/comments?post=458"}],"version-history":[{"count":6,"href":"https:\/\/consbasilea.esteri.it\/it\/wp-json\/wp\/v2\/pages\/458\/revisions"}],"predecessor-version":[{"id":3247,"href":"https:\/\/consbasilea.esteri.it\/it\/wp-json\/wp\/v2\/pages\/458\/revisions\/3247"}],"up":[{"embeddable":true,"href":"https:\/\/consbasilea.esteri.it\/it\/wp-json\/wp\/v2\/pages\/85"}],"wp:attachment":[{"href":"https:\/\/consbasilea.esteri.it\/it\/wp-json\/wp\/v2\/media?parent=458"}],"curies":[{"name":"wp","href":"https:\/\/api.w.org\/{rel}","templated":true}]}}