{"id":4492,"date":"2025-06-24T16:23:47","date_gmt":"2025-06-24T14:23:47","guid":{"rendered":"https:\/\/consbasilea.esteri.it\/?page_id=4492"},"modified":"2025-06-24T16:23:47","modified_gmt":"2025-06-24T14:23:47","slug":"requisiti-per-la-richiesta-della-cittadinanza","status":"publish","type":"page","link":"https:\/\/consbasilea.esteri.it\/it\/servizi-consolari\/servizi-per-il-cittadino-straniero\/cittadinanza\/cittadinanza-italiana-per-matrimonio-o-unione-civile\/requisiti-per-la-richiesta-della-cittadinanza\/","title":{"rendered":"Requisiti per la richiesta della cittadinanza"},"content":{"rendered":"<ul>\n<li><u>Residenza nella circoscrizione consolare<\/u>: Il richiedente dovr\u00e0 indirizzare la domanda alla Rappresentanza diplomatico-consolare competente per la sua residenza. Il coniuge\/parte dell\u2019unione civile di nazionalit\u00e0 italiana deve essere residente e regolarmente iscritto all\u2019anagrafe degli italiani residenti all\u2019estero (A.I.R.E.) della circoscrizione consolare di competenza e convivente allo stesso indirizzo del richiedente la cittadinanza. In caso contrario, dovr\u00e0 fornire documentazione comprovante la motivazione (es. lavoro, scolarit\u00e0 dei figli, cure mediche o altro), che determina o ha determinato la necessit\u00e0 di domicilio disgiunto;<\/li>\n<li><u>Termini di presentazione<\/u>: la domanda pu\u00f2 essere presentata tre anni dopo il matrimonio\/unione civile se il coniuge \u00e8 cittadino italiano iure sanguinis; in caso di naturalizzazione avvenuta dopo il matrimonio, i tre anni decorrono dalla data della naturalizzazione del coniuge. I tre anni vengono ridotti a un anno e mezzo in presenza di figli minori nati o adottati dai coniugi;<\/li>\n<li><u>Trascrizione del matrimonio\/unione civile<\/u>: se avvenuti all\u2019estero, devono essere stati trascritti presso il Comune in Italia;<\/li>\n<li><u>Validit\u00e0 del matrimonio\/unione civile e stabilit\u00e0 del vincolo di coniugio\/unione civile<\/u>\u00a0fino all\u2019adozione del provvedimento di concessione della cittadinanza. Al fine del conferimento della cittadinanza italiana, alla data di adozione del decreto non devono essere intervenuti lo scioglimento, l\u2019annullamento o la cessazione degli effetti civili del matrimonio\/unione civile (separazione personale, divorzio, decesso del coniuge o parte dell\u2019unione civile);<\/li>\n<li><u>Assenza di sentenze di condanna da parte delle Autorit\u00e0 giudiziarie italiane<\/u>\u00a0per reati per i quali sia prevista una pena superiore a tre anni di reclusione;<\/li>\n<li><u>Assenza di sentenze di condanna da parte delle Autorit\u00e0 giudiziarie straniere<\/u>\u00a0ad una pena superiore ad un anno per reati non politici;<\/li>\n<li><u>Assenza di condanne per delitti contro la personalit\u00e0 dello Stato;<\/u><\/li>\n<li><u>Assenza di motivi ostativi per la sicurezza della Repubblica;<\/u><\/li>\n<li><u>Conoscenza della lingua italiana<\/u>\u00a0non inferiore a livello B1 del Quadro Comune Europeo di Riferimento (QCER);<\/li>\n<li><u>Pagamento delle tasse e percezioni indicate nella sezione documenti e costi.<\/u><\/li>\n<\/ul>\n","protected":false},"excerpt":{"rendered":"Residenza nella circoscrizione consolare: Il richiedente dovr\u00e0 indirizzare la domanda alla Rappresentanza diplomatico-consolare competente per la sua residenza. Il coniuge\/parte dell\u2019unione civile di nazionalit\u00e0 italiana deve essere residente e regolarmente iscritto all\u2019anagrafe degli italiani residenti all\u2019estero (A.I.R.E.) della circoscrizione consolare di competenza e convivente allo stesso indirizzo del richiedente la cittadinanza. In caso contrario, dovr\u00e0 [&hellip;]","protected":false},"author":4,"featured_media":0,"parent":4480,"menu_order":2,"comment_status":"closed","ping_status":"closed","template":"","meta":{"footnotes":""},"class_list":["post-4492","page","type-page","status-publish","hentry"],"_links":{"self":[{"href":"https:\/\/consbasilea.esteri.it\/it\/wp-json\/wp\/v2\/pages\/4492","targetHints":{"allow":["GET"]}}],"collection":[{"href":"https:\/\/consbasilea.esteri.it\/it\/wp-json\/wp\/v2\/pages"}],"about":[{"href":"https:\/\/consbasilea.esteri.it\/it\/wp-json\/wp\/v2\/types\/page"}],"author":[{"embeddable":true,"href":"https:\/\/consbasilea.esteri.it\/it\/wp-json\/wp\/v2\/users\/4"}],"replies":[{"embeddable":true,"href":"https:\/\/consbasilea.esteri.it\/it\/wp-json\/wp\/v2\/comments?post=4492"}],"version-history":[{"count":1,"href":"https:\/\/consbasilea.esteri.it\/it\/wp-json\/wp\/v2\/pages\/4492\/revisions"}],"predecessor-version":[{"id":4494,"href":"https:\/\/consbasilea.esteri.it\/it\/wp-json\/wp\/v2\/pages\/4492\/revisions\/4494"}],"up":[{"embeddable":true,"href":"https:\/\/consbasilea.esteri.it\/it\/wp-json\/wp\/v2\/pages\/4480"}],"wp:attachment":[{"href":"https:\/\/consbasilea.esteri.it\/it\/wp-json\/wp\/v2\/media?parent=4492"}],"curies":[{"name":"wp","href":"https:\/\/api.w.org\/{rel}","templated":true}]}}