{"id":404,"date":"2023-07-04T09:22:03","date_gmt":"2023-07-04T07:22:03","guid":{"rendered":"https:\/\/consbasilea.esteri.it\/?page_id=404"},"modified":"2026-01-09T16:28:16","modified_gmt":"2026-01-09T14:28:16","slug":"prenotmi","status":"publish","type":"page","link":"https:\/\/consbasilea.esteri.it\/it\/servizi-consolari\/servizi-per-il-cittadino-italiano\/prenotmi\/","title":{"rendered":"Prenot@mi"},"content":{"rendered":"<p>Per la richiesta del\u00a0<strong>passaporto\u00a0<\/strong>e della\u00a0<strong>carta d\u2019identit\u00e0 elettronica (CIE)<\/strong>\u00a0\u00e8 attivo il Portale\u00a0<a href=\"https:\/\/prenotami.esteri.it\/\"><strong>PRENOT@MI<\/strong><\/a>. Si tratta dell\u2019unica modalit\u00e0 di prenotazione degli appuntamenti per il rilascio di passaporti e carte di identit\u00e0 elettroniche (CIE) attiva presso questo Consolato.\u00a0<strong>Non sar\u00e0 dato seguito a richieste inviate al Consolato via e-mail.<\/strong><\/p>\n<p>Per prenotare l\u2019appuntamento \u00e8 necessario\u00a0<strong>registrarsi<\/strong>\u00a0sulla piattaforma PRENOT@MI, scegliere il servizio desiderato ed il giorno e orario di preferenza tra quelli disponibili.<u><\/u><\/p>\n<p><span style=\"text-decoration: underline;\"><strong>APERTURA DEGLI APPUNTAMENTI PER I PASSAPORTI E PER LE CIE SUL PORTALE <\/strong><strong>PRENOT@MI<\/strong><\/span><\/p>\n<p>Per consentire l&#8217;inserimento nel portale Prenot@mi del maggior numero possibile di nuovi slots ogni settimana, i nuovi appuntamenti per i passaporti\u00a0 e per le carte d&#8217;identit\u00e0 elettroniche (CIE) verranno aggiornati a partire da luned\u00ec 12 gennaio una volta a settimana e precisamente<\/p>\n<ul>\n<li>Ogni <strong>luned\u00ec alle ore 12:30<\/strong><\/li>\n<\/ul>\n<p>(N.B. qualora la giornata di luned\u00ec dovesse essere festiva, l&#8217;aggiornamento verr\u00e0 effettuato il primo giorno feriale successivo, alla stessa ora).<\/p>\n<p>Attualmente, le tempistiche di attesa per gli appuntamenti sono di circa un mese\u00a0 sia per i passaporti che per le CIE. Alla luce dell\u2019elevato numero di richieste di appuntamento consigliamo ai connazionali di collegarsi al portale per prenotare il proprio appuntamento con <strong>congruo anticipo<\/strong> rispetto alla scadenza dei documenti, a partire dai 180 giorni precedenti la scadenza (come previsto dalla normativa attuale). Eventuali appuntamenti cancellati da altri utenti possono tornare disponibili sul portale in qualsiasi momento.<\/p>\n<p><strong>COSA FARE PRIMA DELL\u2019APPUNTAMENTO<\/strong><\/p>\n<ul>\n<li><strong><u>Verifica della situazione anagrafica<\/u><\/strong><\/li>\n<\/ul>\n<p>I servizi passaporti e carte di identit\u00e0 sono riservati ai <strong>cittadini stabilmente residenti in questa circoscrizione consolare<\/strong>\u00a0(Cantoni: Basilea citt\u00e0, Basilea campagna, Soletta, Argovia e Giura) <strong>regolarmente iscritti all\u2019<\/strong><strong>AIRE<\/strong> e con <strong>indirizzo aggiornato. <\/strong><\/p>\n<ul>\n<li><strong><u>Verifica della situazione di stato civile (NB: anche per i figli minori)<\/u><\/strong><\/li>\n<\/ul>\n<p>I servizi passaporti e carte di identit\u00e0 sono riservati ai cittadini che hanno gi\u00e0 comunicato al Consolato ogni\u00a0<strong>cambiament<\/strong><strong>o<\/strong><strong> di Stato Civile<\/strong> (matrimonio, divorzio, decesso, cambio di nome\/cognome\/sesso).<\/p>\n<p><span style=\"text-decoration: underline;\"><strong>NB<\/strong><\/span>: in caso di <span style=\"text-decoration: underline;\"><strong>figli minori<\/strong><\/span>, alla luce dell&#8217;entrata in vigore della legge 23 maggio 2025, n. 74, gli appuntamenti gia&#8217; presi potrebbero essere annullati qualora i relativi atti di nascita non dovessero risultare trascritti. Si prega, a questo proposito, di consultare le <a href=\"https:\/\/consbasilea.esteri.it\/it\/servizi-consolari\/servizi-per-il-cittadino-straniero\/cittadinanza\/nascite\/\">indicazioni<\/a> presenti sul sito e di contattare tempestivamente l&#8217;ufficio cittadinanza (<a href=\"mailto:cittadinanza.basilea@esteri.it\">cittadinanza.basilea@esteri.it<\/a>) in caso di dubbi.<\/p>\n<ul>\n<li><span style=\"text-decoration: underline;\"><strong>Verifica delle date di scadenza dei documenti<\/strong><\/span><\/li>\n<\/ul>\n<p>Di prassi il passaporto e la CIE <strong>non sono rinnovabili prima di 6 mesi dalla scadenza.<\/strong> Alla luce dell\u2019elevato numero di richieste, questo Ufficio consolare dar\u00e0 <strong>priorit\u00e0 ai connazionali sprovvisti di documenti in corso di validit\u00e0<\/strong> o con un <strong>documento in scadenza entro i successivi 6 mesi. <\/strong>In caso di esigenze specifiche, si prega di compilare il campo \u201c<strong>Note<\/strong>\u201d della pagina di prenotazione.<\/p>\n<p><strong>COSA FARE PER ANNULLARE UN APPUNTAMENTO GIA\u2019 PRESO<\/strong><\/p>\n<p>Nel caso non fosse possibile rispettare l\u2019appuntamento prenotato, si prega di voler provvedere\u00a0<strong>all\u2019immediata cancellazione dello stesso<\/strong>, accedendo alla piattaforma PRENOT@MI, tramite il proprio Account. Questo consentir\u00e0 ad altri connazionali di poter prenotare eventuali appuntamenti cancellati.<br \/>\nSe l&#8217;appuntamento non pu\u00f2 pi\u00f9 venire annullato tramite piattaforma, si raccomanda di scrivere un&#8217;e-mail all&#8217;ufficio di competenza.<\/p>\n<p><strong>CASI DI URGENZA<\/strong><\/p>\n<p>Per tutte le casistiche urgenti, si prega di leggere attentamente la relativa sezione di questo Sito.<\/p>\n<p>Una guida con le indicazioni relative alla registrazione e prenotazione dell\u2019appuntamento con l\u2019Ufficio Passaporti\/Carte di Identit\u00e0 \u00e8 disponibile cliccando\u00a0<a href=\"https:\/\/consbasilea.esteri.it\/wp-content\/uploads\/2023\/07\/2023_guida_al_prenotami.pdf\"><strong>QUI<\/strong><\/a><\/p>\n<p><a href=\"https:\/\/prenotami.esteri.it\/\"><strong>ACCESSO AL PORTALE<\/strong><\/a><\/p>\n<p><strong><u>Per le persone anziane e per le persone con disabilit\u00e0, \u00e8 attiva una linea telefonica operativa il marted\u00ec\u00a0e il gioved\u00ec, dalle 14 alle 16 al numero: +41 79 622 62 61<\/u><\/strong><\/p>\n<p>In caso di\u00a0<strong>gravi difficolt\u00e0 in fase di prenotazione<\/strong>\u00a0scrivere agli indirizzi basilea.passaporti@esteri.it\u00a0(per il servizio \u201cpassaporti\u201d) \/ ci_conbasi@esteri.it (per le carte di identit\u00e0) \u00a0<strong>indicando il nome e cognome\u00a0<\/strong>della persona registrata su PRENOTA@MI.<\/p>\n","protected":false},"excerpt":{"rendered":"Per la richiesta del\u00a0passaporto\u00a0e della\u00a0carta d\u2019identit\u00e0 elettronica (CIE)\u00a0\u00e8 attivo il Portale\u00a0PRENOT@MI. Si tratta dell\u2019unica modalit\u00e0 di prenotazione degli appuntamenti per il rilascio di passaporti e carte di identit\u00e0 elettroniche (CIE) attiva presso questo Consolato.\u00a0Non sar\u00e0 dato seguito a richieste inviate al Consolato via e-mail. Per prenotare l\u2019appuntamento \u00e8 necessario\u00a0registrarsi\u00a0sulla piattaforma PRENOT@MI, scegliere il servizio desiderato [&hellip;]","protected":false},"author":5,"featured_media":0,"parent":59,"menu_order":0,"comment_status":"closed","ping_status":"closed","template":"","meta":{"footnotes":""},"class_list":["post-404","page","type-page","status-publish","hentry"],"_links":{"self":[{"href":"https:\/\/consbasilea.esteri.it\/it\/wp-json\/wp\/v2\/pages\/404","targetHints":{"allow":["GET"]}}],"collection":[{"href":"https:\/\/consbasilea.esteri.it\/it\/wp-json\/wp\/v2\/pages"}],"about":[{"href":"https:\/\/consbasilea.esteri.it\/it\/wp-json\/wp\/v2\/types\/page"}],"author":[{"embeddable":true,"href":"https:\/\/consbasilea.esteri.it\/it\/wp-json\/wp\/v2\/users\/5"}],"replies":[{"embeddable":true,"href":"https:\/\/consbasilea.esteri.it\/it\/wp-json\/wp\/v2\/comments?post=404"}],"version-history":[{"count":6,"href":"https:\/\/consbasilea.esteri.it\/it\/wp-json\/wp\/v2\/pages\/404\/revisions"}],"predecessor-version":[{"id":4905,"href":"https:\/\/consbasilea.esteri.it\/it\/wp-json\/wp\/v2\/pages\/404\/revisions\/4905"}],"up":[{"embeddable":true,"href":"https:\/\/consbasilea.esteri.it\/it\/wp-json\/wp\/v2\/pages\/59"}],"wp:attachment":[{"href":"https:\/\/consbasilea.esteri.it\/it\/wp-json\/wp\/v2\/media?parent=404"}],"curies":[{"name":"wp","href":"https:\/\/api.w.org\/{rel}","templated":true}]}}