{"id":3751,"date":"2024-11-15T13:48:20","date_gmt":"2024-11-15T11:48:20","guid":{"rendered":"https:\/\/consbasilea.esteri.it\/?page_id=3751"},"modified":"2024-11-15T13:57:05","modified_gmt":"2024-11-15T11:57:05","slug":"informazioni-aggiuntive","status":"publish","type":"page","link":"https:\/\/consbasilea.esteri.it\/it\/servizi-consolari\/servizi-per-il-cittadino-italiano\/carte-didentita\/informazioni-aggiuntive\/","title":{"rendered":"Informazioni aggiuntive"},"content":{"rendered":"<p>Si raccomanda di verificare:<\/p>\n<ul>\n<li>di essere iscritti in questa <strong>circoscrizione consolare<\/strong> (cantoni di Basilea Citt\u00e0, Basilea Campagna, Argovia, Soletta e Giura);<\/li>\n<li>di essere iscritti all\u2019<strong>AIRE<\/strong> (Anagrafe dei Cittadini Italiani residenti all\u2019Estero);<\/li>\n<li>che la propria <strong>situazione anagrafica<\/strong> (nome e cognome, luogo e data di nascita) e di <strong>stato civile<\/strong> (matrimonio, divorzio, ecc.) siano esatte e aggiornate;<\/li>\n<li>Ai <strong>cittadini italiani nati all\u2019estero<\/strong>, che il relativo <strong>atto di nascita<\/strong> risulti gi\u00e0 trascritto nei registri di Stato Civile del Comune di riferimento, in quanto gli estremi della trascrizione devono essere riportati sulla CIE.<\/li>\n<\/ul>\n<p>Nota bene: per i <strong>cittadini italiani iscritti da poco all\u2019AIRE<\/strong> e per i <strong>bambini nati all\u2019estero, <\/strong>si comunica che la richiesta di carta d\u2019identit\u00e0 pu\u00f2 essere inoltrata solo dopo l\u2019inserimento dei dati nel programma carte d\u2019identit\u00e0 del comune italiano di riferimento.<\/p>\n<p><strong>IMPRONTE DIGITALI E FIRMA<\/strong><\/p>\n<p>Secondo la normativa sulle carte d\u2019identit\u00e0 elettroniche, il connazionale che abbia compiuto 12 anni di et\u00e0 dovr\u00e0 apporre le proprie impronte digitali e la propria firma digitalizzata sulla Carta d\u2019identit\u00e0. I minori di 12 anni sono esentati da impronte e firma ma devono in ogni caso essere identificati dall\u2019operatore consolare.<\/p>\n","protected":false},"excerpt":{"rendered":"Si raccomanda di verificare: di essere iscritti in questa circoscrizione consolare (cantoni di Basilea Citt\u00e0, Basilea Campagna, Argovia, Soletta e Giura); di essere iscritti all\u2019AIRE (Anagrafe dei Cittadini Italiani residenti all\u2019Estero); che la propria situazione anagrafica (nome e cognome, luogo e data di nascita) e di stato civile (matrimonio, divorzio, ecc.) siano esatte e aggiornate; [&hellip;]","protected":false},"author":4,"featured_media":0,"parent":242,"menu_order":5,"comment_status":"closed","ping_status":"closed","template":"","meta":{"footnotes":""},"class_list":["post-3751","page","type-page","status-publish","hentry"],"_links":{"self":[{"href":"https:\/\/consbasilea.esteri.it\/it\/wp-json\/wp\/v2\/pages\/3751","targetHints":{"allow":["GET"]}}],"collection":[{"href":"https:\/\/consbasilea.esteri.it\/it\/wp-json\/wp\/v2\/pages"}],"about":[{"href":"https:\/\/consbasilea.esteri.it\/it\/wp-json\/wp\/v2\/types\/page"}],"author":[{"embeddable":true,"href":"https:\/\/consbasilea.esteri.it\/it\/wp-json\/wp\/v2\/users\/4"}],"replies":[{"embeddable":true,"href":"https:\/\/consbasilea.esteri.it\/it\/wp-json\/wp\/v2\/comments?post=3751"}],"version-history":[{"count":2,"href":"https:\/\/consbasilea.esteri.it\/it\/wp-json\/wp\/v2\/pages\/3751\/revisions"}],"predecessor-version":[{"id":3761,"href":"https:\/\/consbasilea.esteri.it\/it\/wp-json\/wp\/v2\/pages\/3751\/revisions\/3761"}],"up":[{"embeddable":true,"href":"https:\/\/consbasilea.esteri.it\/it\/wp-json\/wp\/v2\/pages\/242"}],"wp:attachment":[{"href":"https:\/\/consbasilea.esteri.it\/it\/wp-json\/wp\/v2\/media?parent=3751"}],"curies":[{"name":"wp","href":"https:\/\/api.w.org\/{rel}","templated":true}]}}