{"id":3744,"date":"2024-11-15T13:46:47","date_gmt":"2024-11-15T11:46:47","guid":{"rendered":"https:\/\/consbasilea.esteri.it\/?page_id=3744"},"modified":"2025-07-03T17:19:59","modified_gmt":"2025-07-03T15:19:59","slug":"rilascio-della-carta-didenita-ai-minorenni","status":"publish","type":"page","link":"https:\/\/consbasilea.esteri.it\/it\/servizi-consolari\/servizi-per-il-cittadino-italiano\/carte-didentita\/rilascio-della-carta-didenita-ai-minorenni\/","title":{"rendered":"Rilascio della carta d&#8217;identit\u00e0 ai minorenni"},"content":{"rendered":"<p>Per il rilascio della carta d&#8217;identit\u00e0 ai minorenni, \u00e8 necessaria la <strong>stessa documentazione richiesta per i maggiorenni: <\/strong><\/p>\n<ul>\n<li>Una <strong>foto<\/strong> a colori 35\u00d740 mm (non pi\u00f9 vecchia di 6 mesi): sfondo bianco, bocca chiusa, viso scoperto e preferibilmente senza occhiali o con montatura leggera come da normativa.<\/li>\n<li>Copia del <strong>Permesso di Soggiorno<\/strong> (fronte e retro) e copia di un <strong>Documento Ufficiale proveniente da un Ente svizzero<\/strong> da cui risulti l\u2019attuale indirizzo (questo l\u2019elenco dei documenti accettati: certificato di residenza\/Wohnsitzbescheinigung oppure polizza assistenza sanitaria, oppure libretto circolazione auto, oppure prima pagina dichiarazione tasse, oppure comunicazioni Migrationsamt).<\/li>\n<li>Per i doppi cittadini italo\/svizzeri \u00e8 invece necessario allegare <strong>copia del certificato di residenza<\/strong> (Wohnsitzbescheinigung) rilasciato negli ultimi tre mesi<\/li>\n<li><strong>Vecchia carta d\u2019identit\u00e0<\/strong> (cartacea o CIE) se in possesso, anche se scaduta. In caso di <strong>furto<\/strong> o <strong>smarrimento<\/strong> di carta ancora in corso di validit\u00e0, \u00e8 necessaria la <strong>denuncia<\/strong> effettuata presso le autorit\u00e0 di polizia.<\/li>\n<li><strong>Altro documento di riconoscimento italiano<\/strong> eventualmente posseduto (passaporto, tessera AT).<\/li>\n<\/ul>\n<p><strong>\u00a0<\/strong><\/p>\n<p><strong>Nota bene: i minorenni dovranno essere presenti per l\u2019identificazione<\/strong>. \u00c8 preferibile la presenza di entrambi i genitori muniti di documento di riconoscimento valido (carta d\u2019identit\u00e0 o passaporto). Se ci\u00f2 non fosse possibile, sar\u00e0 necessario l\u2019<a href=\"https:\/\/consbasilea.esteri.it\/wp-content\/uploads\/2023\/06\/atto_assenso_emissione_carta_didentita_elettronica_minorenne_rev.2020.pdf\">Atto di assenso<\/a> del genitore che non potr\u00e0 essere presente.<\/p>\n<ul>\n<li>Se l\u2019altro genitore non presente all\u2019appuntamento \u00e8 cittadino UE sar\u00e0 necessario presentare l\u2019atto di assenso firmato e accompagnato dalla copia di un documento d\u2019identit\u00e0 in corso di validit\u00e0 (passaporto o carta d\u2019identit\u00e0);<\/li>\n<li>Se l\u2019altro genitore non presente all\u2019appuntamento non \u00e8 cittadino UE la firma apposta sull\u2019atto dovr\u00e0 essere autenticata (Unterschriftsbeglaubigung) da un comune svizzero o notaio.<\/li>\n<\/ul>\n<p>Nel caso in cui uno dei genitori non pu\u00f2 o non vuole firmare il formulario di richiesta, sar\u00e0 necessario attivare una procedura alternativa che prevede l\u2019intervento del giudice tutelare italiano. L\u2019Ufficio Carte d\u2019Identit\u00e0 fornir\u00e0 l\u2019eventuale assistenza necessaria. In questi casi, si consiglia di scrivere all\u2019indirizzo: <a href=\"mailto:ci_conbasi@esteri.it\">ci_conbasi@esteri.it<\/a>.<\/p>\n","protected":false},"excerpt":{"rendered":"Per il rilascio della carta d&#8217;identit\u00e0 ai minorenni, \u00e8 necessaria la stessa documentazione richiesta per i maggiorenni: Una foto a colori 35\u00d740 mm (non pi\u00f9 vecchia di 6 mesi): sfondo bianco, bocca chiusa, viso scoperto e preferibilmente senza occhiali o con montatura leggera come da normativa. Copia del Permesso di Soggiorno (fronte e retro) e [&hellip;]","protected":false},"author":4,"featured_media":0,"parent":242,"menu_order":1,"comment_status":"closed","ping_status":"closed","template":"","meta":{"footnotes":""},"class_list":["post-3744","page","type-page","status-publish","hentry"],"_links":{"self":[{"href":"https:\/\/consbasilea.esteri.it\/it\/wp-json\/wp\/v2\/pages\/3744","targetHints":{"allow":["GET"]}}],"collection":[{"href":"https:\/\/consbasilea.esteri.it\/it\/wp-json\/wp\/v2\/pages"}],"about":[{"href":"https:\/\/consbasilea.esteri.it\/it\/wp-json\/wp\/v2\/types\/page"}],"author":[{"embeddable":true,"href":"https:\/\/consbasilea.esteri.it\/it\/wp-json\/wp\/v2\/users\/4"}],"replies":[{"embeddable":true,"href":"https:\/\/consbasilea.esteri.it\/it\/wp-json\/wp\/v2\/comments?post=3744"}],"version-history":[{"count":5,"href":"https:\/\/consbasilea.esteri.it\/it\/wp-json\/wp\/v2\/pages\/3744\/revisions"}],"predecessor-version":[{"id":4556,"href":"https:\/\/consbasilea.esteri.it\/it\/wp-json\/wp\/v2\/pages\/3744\/revisions\/4556"}],"up":[{"embeddable":true,"href":"https:\/\/consbasilea.esteri.it\/it\/wp-json\/wp\/v2\/pages\/242"}],"wp:attachment":[{"href":"https:\/\/consbasilea.esteri.it\/it\/wp-json\/wp\/v2\/media?parent=3744"}],"curies":[{"name":"wp","href":"https:\/\/api.w.org\/{rel}","templated":true}]}}