{"id":3741,"date":"2024-11-15T13:44:40","date_gmt":"2024-11-15T11:44:40","guid":{"rendered":"https:\/\/consbasilea.esteri.it\/?page_id=3741"},"modified":"2025-07-03T17:19:16","modified_gmt":"2025-07-03T15:19:16","slug":"rilascio-della-carta-didentita-ai-maggiorenni","status":"publish","type":"page","link":"https:\/\/consbasilea.esteri.it\/it\/servizi-consolari\/servizi-per-il-cittadino-italiano\/carte-didentita\/rilascio-della-carta-didentita-ai-maggiorenni\/","title":{"rendered":"Rilascio della carta d&#8217;identit\u00e0 ai maggiorenni"},"content":{"rendered":"<p>Per il rilascio della carta d\u2019identit\u00e0, \u00e8 necessario recarsi personalmente in Consolato con la seguente <strong>documentazione<\/strong>:<\/p>\n<ul>\n<li>Una <strong>foto<\/strong> a colori 35\u00d740 mm (non pi\u00f9 vecchia di 6 mesi): sfondo bianco, bocca chiusa, viso scoperto e preferibilmente senza occhiali o con montatura leggera come da normativa.<\/li>\n<li>Copia del <strong>Permesso di Soggiorno<\/strong> (fronte e retro) e copia di un <strong>Documento Ufficiale proveniente da un Ente svizzero<\/strong> da cui risulti l\u2019attuale indirizzo (questo l\u2019elenco dei documenti accettati: certificato di residenza\/Wohnsitzbescheinigung oppure polizza assistenza sanitaria, oppure libretto circolazione auto, oppure prima pagina dichiarazione tasse, oppure comunicazioni Migrationsamt).<\/li>\n<li>Per i doppi cittadini italo\/svizzeri \u00e8 invece necessario allegare <strong>copia del certificato di residenza<\/strong> (Wohnsitzbescheinigung) rilasciato negli ultimi tre mesi<\/li>\n<li>Vecchia carta d\u2019identit\u00e0 (cartacea o CIE) se in possesso, anche se scaduta. In caso di furto o smarrimento di carta ancora in corso di validit\u00e0, \u00e8 necessaria la <strong>denuncia<\/strong> effettuata presso le autorit\u00e0 di polizia.<\/li>\n<li>Altro documento di riconoscimento italiano eventualmente posseduto (passaporto, tessera AT).<\/li>\n<\/ul>\n<p>Nel caso in cui non si disponga di un documento di riconoscimento (italiano o straniero), l\u2019identificazione del richiedente avverr\u00e0 tramite testimonianza di due persone maggiorenni con documenti di riconoscimento validi.<\/p>\n<p><strong>GENITORI CON FIGLI MINORI<\/strong><\/p>\n<p>Si informano i connazionali, genitori di figli minori, che a partire dal 14 giugno 2023 non sar\u00e0 pi\u00f9 necessario presentare l\u2019atto di assenso dell\u2019altro genitore ai fini del rilascio del proprio documento d\u2019identit\u00e0 (passaporto e CIE), ai sensi del D.L. 69\/2023.<\/p>\n<p>In occasione dell&#8217;appuntamento, sara&#8217; richiesto ai genitori di compilare l&#8217;apposito <a href=\"https:\/\/consbasilea.esteri.it\/wp-content\/uploads\/2025\/04\/Formulario-genitori-figli-minori.pdf\">formulario<\/a>.<\/p>\n","protected":false},"excerpt":{"rendered":"Per il rilascio della carta d\u2019identit\u00e0, \u00e8 necessario recarsi personalmente in Consolato con la seguente documentazione: Una foto a colori 35\u00d740 mm (non pi\u00f9 vecchia di 6 mesi): sfondo bianco, bocca chiusa, viso scoperto e preferibilmente senza occhiali o con montatura leggera come da normativa. Copia del Permesso di Soggiorno (fronte e retro) e copia [&hellip;]","protected":false},"author":4,"featured_media":0,"parent":242,"menu_order":0,"comment_status":"closed","ping_status":"closed","template":"","meta":{"footnotes":""},"class_list":["post-3741","page","type-page","status-publish","hentry"],"_links":{"self":[{"href":"https:\/\/consbasilea.esteri.it\/it\/wp-json\/wp\/v2\/pages\/3741","targetHints":{"allow":["GET"]}}],"collection":[{"href":"https:\/\/consbasilea.esteri.it\/it\/wp-json\/wp\/v2\/pages"}],"about":[{"href":"https:\/\/consbasilea.esteri.it\/it\/wp-json\/wp\/v2\/types\/page"}],"author":[{"embeddable":true,"href":"https:\/\/consbasilea.esteri.it\/it\/wp-json\/wp\/v2\/users\/4"}],"replies":[{"embeddable":true,"href":"https:\/\/consbasilea.esteri.it\/it\/wp-json\/wp\/v2\/comments?post=3741"}],"version-history":[{"count":5,"href":"https:\/\/consbasilea.esteri.it\/it\/wp-json\/wp\/v2\/pages\/3741\/revisions"}],"predecessor-version":[{"id":4553,"href":"https:\/\/consbasilea.esteri.it\/it\/wp-json\/wp\/v2\/pages\/3741\/revisions\/4553"}],"up":[{"embeddable":true,"href":"https:\/\/consbasilea.esteri.it\/it\/wp-json\/wp\/v2\/pages\/242"}],"wp:attachment":[{"href":"https:\/\/consbasilea.esteri.it\/it\/wp-json\/wp\/v2\/media?parent=3741"}],"curies":[{"name":"wp","href":"https:\/\/api.w.org\/{rel}","templated":true}]}}