{"id":3559,"date":"2024-11-08T13:46:05","date_gmt":"2024-11-08T11:46:05","guid":{"rendered":"https:\/\/consbasilea.esteri.it\/?page_id=3559"},"modified":"2024-11-08T13:54:37","modified_gmt":"2024-11-08T11:54:37","slug":"informazioni-aggiuntive","status":"publish","type":"page","link":"https:\/\/consbasilea.esteri.it\/it\/servizi-consolari\/servizi-per-il-cittadino-italiano\/passaporti-e-carte-didentita\/informazioni-aggiuntive\/","title":{"rendered":"Informazioni aggiuntive"},"content":{"rendered":"<p>Al fine di rendere il procedimento pi\u00f9 semplice e veloce possibile, \u00e8 bene verificare che la propria situazione di Stato Civile sia aggiornata prima dell\u2019appuntamento.<\/p>\n<p><strong>NULLA OSTA\/DELEGA<\/strong><\/p>\n<p>Nel caso di cittadini <strong>non residenti<\/strong> nella circoscrizione consolare che, <strong>per comprovate situazioni di emergenza<\/strong>, abbiano necessit\u00e0 di ottenere il rilascio del passaporto, l\u2019Ufficio dovr\u00e0 richiedere la Delega al Consolato o alla Questura competente, in base alla residenza del richiedente. In caso di diniego o di mancata risposta, questo Ufficio Passaporti non potr\u00e0 procedere al rilascio.<\/p>\n<p>In particolare, occorrer\u00e0 acquisire il Nulla Osta\/Delega di altra rappresentanza diplomatico-consolare italiana (se il richiedente risiede all\u2019estero) o Questura (se risiede in Italia), nei seguenti casi:<\/p>\n<p>\u2013 Recente iscrizione allo schedario consolare di questo Consolato, con riserva di fondati motivi di opportunit\u00e0;<\/p>\n<p>\u2013 Difformit\u00e0 tra i dati anagrafici e di stato civile dichiarati dall\u2019interessato e quelli risultanti al Consolato o al Comune di iscrizione AIRE;<\/p>\n<p>\u2013 Segnalazioni da parte di autorit\u00e0 italiane.<\/p>\n<p>Per tutti i cittadini \u00e8 possibile richiedere il passaporto in Italia prenotandosi presso la questura di competenza. In questo caso sar\u00e0 il Consolato che rilascer\u00e0 il Nulla Osta\/Delega a richiesta dell\u2019Ufficio presso cui si \u00e8 presentata la domanda di passaporto.<\/p>\n<p>I tempi di rilascio\/diniego del nulla osta\/delega sono fissati per legge a massimo 30 giorni.<\/p>\n<p><strong>IMPRONTE DIGITALI E FIRMA<\/strong><\/p>\n<p>Secondo la normativa sui passaporti elettronici, il connazionale che abbia compiuto 12 anni di et\u00e0 dovr\u00e0 apporre le proprie impronte digitali e la propria firma digitalizzata sul Passaporto. I minori di 12 anni sono esentati da impronte e firma ma devono in ogni caso essere identificati dall\u2019operatore consolare.<\/p>\n","protected":false},"excerpt":{"rendered":"Al fine di rendere il procedimento pi\u00f9 semplice e veloce possibile, \u00e8 bene verificare che la propria situazione di Stato Civile sia aggiornata prima dell\u2019appuntamento. NULLA OSTA\/DELEGA Nel caso di cittadini non residenti nella circoscrizione consolare che, per comprovate situazioni di emergenza, abbiano necessit\u00e0 di ottenere il rilascio del passaporto, l\u2019Ufficio dovr\u00e0 richiedere la Delega [&hellip;]","protected":false},"author":4,"featured_media":0,"parent":67,"menu_order":5,"comment_status":"closed","ping_status":"closed","template":"","meta":{"footnotes":""},"class_list":["post-3559","page","type-page","status-publish","hentry"],"_links":{"self":[{"href":"https:\/\/consbasilea.esteri.it\/it\/wp-json\/wp\/v2\/pages\/3559","targetHints":{"allow":["GET"]}}],"collection":[{"href":"https:\/\/consbasilea.esteri.it\/it\/wp-json\/wp\/v2\/pages"}],"about":[{"href":"https:\/\/consbasilea.esteri.it\/it\/wp-json\/wp\/v2\/types\/page"}],"author":[{"embeddable":true,"href":"https:\/\/consbasilea.esteri.it\/it\/wp-json\/wp\/v2\/users\/4"}],"replies":[{"embeddable":true,"href":"https:\/\/consbasilea.esteri.it\/it\/wp-json\/wp\/v2\/comments?post=3559"}],"version-history":[{"count":1,"href":"https:\/\/consbasilea.esteri.it\/it\/wp-json\/wp\/v2\/pages\/3559\/revisions"}],"predecessor-version":[{"id":3561,"href":"https:\/\/consbasilea.esteri.it\/it\/wp-json\/wp\/v2\/pages\/3559\/revisions\/3561"}],"up":[{"embeddable":true,"href":"https:\/\/consbasilea.esteri.it\/it\/wp-json\/wp\/v2\/pages\/67"}],"wp:attachment":[{"href":"https:\/\/consbasilea.esteri.it\/it\/wp-json\/wp\/v2\/media?parent=3559"}],"curies":[{"name":"wp","href":"https:\/\/api.w.org\/{rel}","templated":true}]}}