{"id":3545,"date":"2024-11-08T13:35:16","date_gmt":"2024-11-08T11:35:16","guid":{"rendered":"https:\/\/consbasilea.esteri.it\/?page_id=3545"},"modified":"2025-07-03T17:17:59","modified_gmt":"2025-07-03T15:17:59","slug":"rilascio-del-passaporto-ai-minorenni","status":"publish","type":"page","link":"https:\/\/consbasilea.esteri.it\/it\/servizi-consolari\/servizi-per-il-cittadino-italiano\/passaporti-e-carte-didentita\/rilascio-del-passaporto-ai-minorenni\/","title":{"rendered":"Rilascio del passaporto ai minorenni"},"content":{"rendered":"<p>Per il rilascio del passaporto ai minorenni, \u00e8 necessaria la <strong>stessa documentazione richiesta per i maggiorenni:<\/strong><\/p>\n<ol>\n<li>Una <strong>foto<\/strong> a colori 35\u00d740 mm (non pi\u00f9 vecchia di 6 mesi), sfondo bianco, bocca chiusa, viso scoperto e, preferibilmente, senza occhiali o con montatura leggera come da normativa.<\/li>\n<li>Copia del <strong>Permesso di Soggiorno<\/strong> (fronte e retro) e copia di un <strong>Documento Ufficiale proveniente da un Ente svizzero<\/strong> da cui risulti l\u2019attuale indirizzo (questo l\u2019elenco dei documenti accettati: certificato di residenza\/Wohnsitzbescheinigung oppure polizza assistenza sanitaria, oppure libretto circolazione auto, oppure prima pagina dichiarazione tasse, oppure comunicazioni Migrationsamt).<\/li>\n<li>Per i doppi cittadini italo\/svizzeri \u00e8 invece necessario allegare <strong>copia del certificato di residenza<\/strong> (Wohnsitzbescheinigung) rilasciato negli ultimi tre mesi<\/li>\n<li><strong>Passaporto<\/strong> (scaduto\/in scadenza). Quando non si \u00e8 in possesso di un passaporto, o quando lo stesso sia scaduto da tanto, \u00e8 necessario presentare un <strong>documento d\u2019identit\u00e0 valido<\/strong> (carta d\u2019identit\u00e0).<\/li>\n<\/ol>\n<p><strong>Nota bene: i minorenni dovranno essere presenti per l\u2019identificazione<\/strong>. \u00c8 preferibile la presenza di entrambi i genitori muniti di documento di riconoscimento valido (carta d\u2019identit\u00e0 o passaporto). Se ci\u00f2 non fosse possibile, sar\u00e0 necessario l\u2019<a href=\"https:\/\/consbasilea.esteri.it\/wp-content\/uploads\/2023\/06\/2023-atto_assenso_emissione_passaporto_minorenne.pdf\">Atto di assenso<\/a> del genitore che non potr\u00e0 essere presente.<\/p>\n<ul>\n<li>Se l\u2019altro genitore non presente all\u2019appuntamento \u00e8 cittadino UE sar\u00e0 necessario presentare l\u2019atto di assenso firmato e accompagnato dalla copia di un documento d\u2019identit\u00e0 in corso di validit\u00e0 (passaporto o carta d\u2019identit\u00e0);<\/li>\n<li>Se l\u2019altro genitore non presente all\u2019appuntamento non \u00e8 cittadino UE la firma apposta sull\u2019atto dovr\u00e0 essere autenticata (Unterschriftsbeglaubigung) da un comune svizzero o notaio.<\/li>\n<\/ul>\n<p>Nel caso in cui uno dei genitori non pu\u00f2 o non vuole firmare il formulario di richiesta, sar\u00e0 necessario attivare una procedura alternativa che prevede l\u2019intervento del giudice tutelare italiano. L\u2019Ufficio Passaporti fornir\u00e0 l\u2019eventuale assistenza necessaria. In questi casi, si consiglia di scrivere all\u2019indirizzo: <a href=\"mailto:basilea.passaporti@esteri.it\">basilea.passaporti@esteri.it<\/a>.<\/p>\n<p><strong>DICHIARAZIONE DI ACCOMPAGNAMENTO<\/strong><\/p>\n<p>Nel caso di un viaggio all\u2019estero da parte di minori di et\u00e0 inferiore ai 14 anni non accompagnati da almeno uno dei due genitori occorrer\u00e0 richiedere una <a href=\"https:\/\/consbasilea.esteri.it\/wp-content\/uploads\/2023\/06\/dichiarazione_accompagnamento_minori1.pdf\">dichiarazione di accompagnamento<\/a>.<\/p>\n<p>La richiesta pu\u00f2 essere inviata per e-mail (basilea.passaporti@esteri.it) o per posta ordinaria insieme all\u2019apposito formulario ed alla copia dei documenti dei genitori, del minore e dell\u2019accompagnatore.<\/p>\n<p>La dichiarazione di accompagnamento potr\u00e0 essere ritirata negli orari di apertura al pubblico previo appuntamento oppure, a spese dei richiedenti, inviata per posta a domicilio: in questo caso si raccomanda di allegare una busta preaffrancata.<\/p>\n<p>La validit\u00e0 della dichiarazione \u00e8 circoscritta a un viaggio (andata e ritorno) fuori dal Paese di residenza del minore.<\/p>\n<p>Nel caso in cui<strong> l\u2019altro genitore non sia cittadino italiano<\/strong> o dell\u2019Unione Europea \u00e8 sempre necessario che la firma sul formulario di richiesta del documento sia apposta di fronte al funzionario oppure che sia autenticata (Unterschriftsbeglaubigung), da un Comune svizzero (se residente in Svizzera), o da un altro Consolato italiano oppure dalla Questura\/Comune se residente in Italia.<\/p>\n","protected":false},"excerpt":{"rendered":"Per il rilascio del passaporto ai minorenni, \u00e8 necessaria la stessa documentazione richiesta per i maggiorenni: Una foto a colori 35\u00d740 mm (non pi\u00f9 vecchia di 6 mesi), sfondo bianco, bocca chiusa, viso scoperto e, preferibilmente, senza occhiali o con montatura leggera come da normativa. Copia del Permesso di Soggiorno (fronte e retro) e copia [&hellip;]","protected":false},"author":4,"featured_media":0,"parent":67,"menu_order":1,"comment_status":"closed","ping_status":"closed","template":"","meta":{"footnotes":""},"class_list":["post-3545","page","type-page","status-publish","hentry"],"_links":{"self":[{"href":"https:\/\/consbasilea.esteri.it\/it\/wp-json\/wp\/v2\/pages\/3545","targetHints":{"allow":["GET"]}}],"collection":[{"href":"https:\/\/consbasilea.esteri.it\/it\/wp-json\/wp\/v2\/pages"}],"about":[{"href":"https:\/\/consbasilea.esteri.it\/it\/wp-json\/wp\/v2\/types\/page"}],"author":[{"embeddable":true,"href":"https:\/\/consbasilea.esteri.it\/it\/wp-json\/wp\/v2\/users\/4"}],"replies":[{"embeddable":true,"href":"https:\/\/consbasilea.esteri.it\/it\/wp-json\/wp\/v2\/comments?post=3545"}],"version-history":[{"count":5,"href":"https:\/\/consbasilea.esteri.it\/it\/wp-json\/wp\/v2\/pages\/3545\/revisions"}],"predecessor-version":[{"id":4549,"href":"https:\/\/consbasilea.esteri.it\/it\/wp-json\/wp\/v2\/pages\/3545\/revisions\/4549"}],"up":[{"embeddable":true,"href":"https:\/\/consbasilea.esteri.it\/it\/wp-json\/wp\/v2\/pages\/67"}],"wp:attachment":[{"href":"https:\/\/consbasilea.esteri.it\/it\/wp-json\/wp\/v2\/media?parent=3545"}],"curies":[{"name":"wp","href":"https:\/\/api.w.org\/{rel}","templated":true}]}}