{"id":35,"date":"2023-04-03T19:15:30","date_gmt":"2023-04-03T17:15:30","guid":{"rendered":"https:\/\/consolatozurigo.esteri.it\/?page_id=35"},"modified":"2026-01-22T10:21:11","modified_gmt":"2026-01-22T08:21:11","slug":"la-sede","status":"publish","type":"page","link":"https:\/\/consbasilea.esteri.it\/it\/chi-siamo\/la-sede\/","title":{"rendered":"La Sede"},"content":{"rendered":"<p><strong>Consolato D&#8217;Italia, Basilea<\/strong><\/p>\n<p>Indirizzo: Schaffhauserrheinweg, 5<\/p>\n<p>4058 Basilea, Svizzera<\/p>\n<p>Per scoprire come raggiungerci, clicca sulla foto:<\/p>\n<p><a href=\"https:\/\/www.google.com\/maps\/place\/Consolato+d%E2%80%99Italia+a+Basilea\/@47.5572516,7.5957963,16z\/data=!3m1!4b1!4m6!3m5!1s0x4791b9b6a56193f1:0x59538edcf8fd513!8m2!3d47.5572516!4d7.5983712!16s%2Fg%2F1vr1vknw?entry=ttu&amp;g_ep=EgoyMDI1MTIwMS4wIKXMDSoASAFQAw%3D%3D\"><img loading=\"lazy\" decoding=\"async\" class=\"img-fluid alignnone wp-image-4776 size-medium\" src=\"https:\/\/consbasilea.esteri.it\/wp-content\/uploads\/2025\/11\/Consolato-300x225.jpg\" alt=\"\" width=\"300\" height=\"225\" srcset=\"https:\/\/consbasilea.esteri.it\/wp-content\/uploads\/2025\/11\/Consolato-300x225.jpg 300w, https:\/\/consbasilea.esteri.it\/wp-content\/uploads\/2025\/11\/Consolato-1024x768.jpg 1024w, https:\/\/consbasilea.esteri.it\/wp-content\/uploads\/2025\/11\/Consolato-768x576.jpg 768w, https:\/\/consbasilea.esteri.it\/wp-content\/uploads\/2025\/11\/Consolato.jpg 1600w\" sizes=\"auto, (max-width: 300px) 100vw, 300px\" \/><\/a><\/p>\n<p>&nbsp;<\/p>\n<p><em>ORARI DI APERTURA AL PUBBLICO<\/em><\/p>\n<p>Luned\u00ec: 09:00 &#8211; 12:00<\/p>\n<p>Marted\u00ec: 9:00 &#8211; 12:00 e 13:30 &#8211; 16:30<\/p>\n<p>Mercoled\u00ec: 09:00 &#8211; 12:00<\/p>\n<p>Gioved\u00ec: 9:00 &#8211; 12:00 e 13:30 &#8211; 16:30<\/p>\n<p>Venerd\u00ec: 09:00 &#8211; 12:00.<\/p>\n<p>&nbsp;<\/p>\n<p>Calendario delle festivit\u00e0 osservate da questo Consolato per l\u2019anno 2026.<\/p>\n<p><strong>01 gennaio<\/strong>\u00a0CAPODANNO<\/p>\n<p><strong>03 aprile<\/strong>\u00a0VENERD\u00cc SANTO<\/p>\n<p><strong>06 aprile<\/strong>\u00a0LUNED\u00cc DELL\u2019ANGELO<\/p>\n<p><strong>25 aprile<\/strong>\u00a0LIBERAZIONE DAL NAZIFASCISMO<\/p>\n<p><strong>01 maggio<\/strong>\u00a0FESTA DEL LAVORO<\/p>\n<p><strong>14 maggio<\/strong>\u00a0ASCENSIONE<\/p>\n<p><strong>02 giugno<\/strong>\u00a0FESTA DELLA REPUBBLICA<\/p>\n<p><strong>01 agosto<\/strong>\u00a0FESTA NAZIONALE SVIZZERA<\/p>\n<p><strong>15 agosto<\/strong>\u00a0ASSUNZIONE DI MARIA<\/p>\n<p><strong>04 ottobre<\/strong>\u00a0SAN FRANCESCO, PATRONO D\u2019ITALIA<\/p>\n<p><strong>25 dicembre<\/strong>\u00a0NATALE<\/p>\n<p><strong>26 dicembre<\/strong>\u00a0SANTO STEFANO<\/p>\n","protected":false},"excerpt":{"rendered":"Consolato D&#8217;Italia, Basilea Indirizzo: Schaffhauserrheinweg, 5 4058 Basilea, Svizzera Per scoprire come raggiungerci, clicca sulla foto: &nbsp; ORARI DI APERTURA AL PUBBLICO Luned\u00ec: 09:00 &#8211; 12:00 Marted\u00ec: 9:00 &#8211; 12:00 e 13:30 &#8211; 16:30 Mercoled\u00ec: 09:00 &#8211; 12:00 Gioved\u00ec: 9:00 &#8211; 12:00 e 13:30 &#8211; 16:30 Venerd\u00ec: 09:00 &#8211; 12:00. &nbsp; Calendario delle festivit\u00e0 osservate [&hellip;]","protected":false},"author":1,"featured_media":0,"parent":13,"menu_order":2,"comment_status":"closed","ping_status":"closed","template":"","meta":{"footnotes":""},"class_list":["post-35","page","type-page","status-publish","hentry"],"_links":{"self":[{"href":"https:\/\/consbasilea.esteri.it\/it\/wp-json\/wp\/v2\/pages\/35","targetHints":{"allow":["GET"]}}],"collection":[{"href":"https:\/\/consbasilea.esteri.it\/it\/wp-json\/wp\/v2\/pages"}],"about":[{"href":"https:\/\/consbasilea.esteri.it\/it\/wp-json\/wp\/v2\/types\/page"}],"author":[{"embeddable":true,"href":"https:\/\/consbasilea.esteri.it\/it\/wp-json\/wp\/v2\/users\/1"}],"replies":[{"embeddable":true,"href":"https:\/\/consbasilea.esteri.it\/it\/wp-json\/wp\/v2\/comments?post=35"}],"version-history":[{"count":7,"href":"https:\/\/consbasilea.esteri.it\/it\/wp-json\/wp\/v2\/pages\/35\/revisions"}],"predecessor-version":[{"id":4952,"href":"https:\/\/consbasilea.esteri.it\/it\/wp-json\/wp\/v2\/pages\/35\/revisions\/4952"}],"up":[{"embeddable":true,"href":"https:\/\/consbasilea.esteri.it\/it\/wp-json\/wp\/v2\/pages\/13"}],"wp:attachment":[{"href":"https:\/\/consbasilea.esteri.it\/it\/wp-json\/wp\/v2\/media?parent=35"}],"curies":[{"name":"wp","href":"https:\/\/api.w.org\/{rel}","templated":true}]}}