{"id":3478,"date":"2024-11-07T12:46:03","date_gmt":"2024-11-07T10:46:03","guid":{"rendered":"https:\/\/consbasilea.esteri.it\/?page_id=3478"},"modified":"2026-03-05T10:29:26","modified_gmt":"2026-03-05T08:29:26","slug":"decessi","status":"publish","type":"page","link":"https:\/\/consbasilea.esteri.it\/it\/servizi-consolari\/servizi-per-il-cittadino-italiano\/stato-civile\/decessi\/","title":{"rendered":"Decessi"},"content":{"rendered":"<p>Il decesso di un cittadino italiano avvenuto all\u2019estero <strong><em>deve essere trascritto in Italia.<\/em><\/strong><\/p>\n<p>L\u2019estratto dell\u2019atto di morte internazionale (<strong>Modello CIEC<\/strong>) originale di un cittadino italiano viene:<\/p>\n<ul>\n<li>Inviato dal Comune Svizzero all\u2019autorit\u00e0 consolare nella cui circoscrizione \u00e8 avvenuto il decesso.<\/li>\n<li>Il Consolato provveder\u00e0 alla trasmissione dell\u2019atto per la trascrizione in Italia presso l\u2019ultimo Comune di domicilio AIRE del defunto.\n<ul>\n<li>In caso il defunto sia <strong>doppio cittadino<\/strong> (italiano e svizzero) sar\u00e0 cura del parente produrre presso il Consolato l\u2019estratto dell\u2019atto di morte internazionale originale per la trasmissione in Italia.<\/li>\n<\/ul>\n<\/li>\n<\/ul>\n<p>L\u2019estratto dell\u2019atto di morte in originale emesso dal Comune svizzero su modello internazionale (<strong>le fotocopie non possono essere accettate<\/strong>) potr\u00e0 essere inviato per posta al Consolato utilizzando l\u2019apposito\u00a0<a href=\"https:\/\/consbasilea.esteri.it\/wp-content\/uploads\/2023\/06\/26786_f_cons97STATO_CIVILE.pdf\">modulo<\/a>.<\/p>\n","protected":false},"excerpt":{"rendered":"Il decesso di un cittadino italiano avvenuto all\u2019estero deve essere trascritto in Italia. L\u2019estratto dell\u2019atto di morte internazionale (Modello CIEC) originale di un cittadino italiano viene: Inviato dal Comune Svizzero all\u2019autorit\u00e0 consolare nella cui circoscrizione \u00e8 avvenuto il decesso. Il Consolato provveder\u00e0 alla trasmissione dell\u2019atto per la trascrizione in Italia presso l\u2019ultimo Comune di domicilio [&hellip;]","protected":false},"author":4,"featured_media":0,"parent":86,"menu_order":5,"comment_status":"closed","ping_status":"closed","template":"","meta":{"footnotes":""},"class_list":["post-3478","page","type-page","status-publish","hentry"],"_links":{"self":[{"href":"https:\/\/consbasilea.esteri.it\/it\/wp-json\/wp\/v2\/pages\/3478","targetHints":{"allow":["GET"]}}],"collection":[{"href":"https:\/\/consbasilea.esteri.it\/it\/wp-json\/wp\/v2\/pages"}],"about":[{"href":"https:\/\/consbasilea.esteri.it\/it\/wp-json\/wp\/v2\/types\/page"}],"author":[{"embeddable":true,"href":"https:\/\/consbasilea.esteri.it\/it\/wp-json\/wp\/v2\/users\/4"}],"replies":[{"embeddable":true,"href":"https:\/\/consbasilea.esteri.it\/it\/wp-json\/wp\/v2\/comments?post=3478"}],"version-history":[{"count":2,"href":"https:\/\/consbasilea.esteri.it\/it\/wp-json\/wp\/v2\/pages\/3478\/revisions"}],"predecessor-version":[{"id":5112,"href":"https:\/\/consbasilea.esteri.it\/it\/wp-json\/wp\/v2\/pages\/3478\/revisions\/5112"}],"up":[{"embeddable":true,"href":"https:\/\/consbasilea.esteri.it\/it\/wp-json\/wp\/v2\/pages\/86"}],"wp:attachment":[{"href":"https:\/\/consbasilea.esteri.it\/it\/wp-json\/wp\/v2\/media?parent=3478"}],"curies":[{"name":"wp","href":"https:\/\/api.w.org\/{rel}","templated":true}]}}