{"id":2870,"date":"2024-07-03T13:55:53","date_gmt":"2024-07-03T11:55:53","guid":{"rendered":"https:\/\/consbasilea.esteri.it\/?page_id=2870"},"modified":"2026-03-05T10:57:26","modified_gmt":"2026-03-05T08:57:26","slug":"certificati-di-stato-civile-libero","status":"publish","type":"page","link":"https:\/\/consbasilea.esteri.it\/it\/servizi-consolari\/servizi-per-il-cittadino-italiano\/stato-civile\/certificati-di-stato-civile-libero\/","title":{"rendered":"Certificati di Stato Civile\/Libero e Certificati di Capacit\u00e0 Matrimoniale"},"content":{"rendered":"<p><strong>Attenzione: si ricorda che il servizio \u00e8 riservato ai soli residenti in questa circoscrizione consolare (cantoni di Basilea Citt\u00e0, Basilea Campagna, Giura, Soletta e Argovia).<\/strong><\/p>\n<p>Il Consolato d\u2019Italia a Basilea rilascia Certificati di Stato Civile esclusivamente in lingua italiana.<\/p>\n<p><strong>1. <\/strong><strong>CERTIFICATO DI STATO CIVILE\/LIBERO<\/strong><\/p>\n<p>Per ottenere il certificato \u00e8 necessario trasmettere all\u2019indirizzo <a href=\"mailto:basilea.statocivile@esteri.it\">basilea.statocivile@esteri.it<\/a> i seguenti documenti:<\/p>\n<ul>\n<li>Modulo di seguito (<a href=\"https:\/\/consbasilea.esteri.it\/wp-content\/uploads\/2023\/06\/modulo_richiesta_certificati_rev.01.2021.pdf\">link<\/a>) compilato e firmato.<\/li>\n<li>Una copia dei documenti di identit\u00e0 (passaporto o carta d\u2019identit\u00e0).<\/li>\n<li>Copia del Permesso di Soggiorno (fronte e retro).<\/li>\n<li>Copia di un Documento Ufficiale da cui risulti l\u2019attuale indirizzo (certificato di residenza\/Wohnsitzbescheinigung; Fattura Assistenza sanitaria; Utenza domestica; Libretto auto etc.).<\/li>\n<li>Ricevuta del pagamento della somma di <strong>CHF 8,40<\/strong>\u00a0tramite bonifico bancario alle seguenti coordinate bancarie:<\/li>\n<\/ul>\n<p><strong>Intestatario:<\/strong> Consolato d\u2019Italia a Basilea<\/p>\n<p><strong>IBAN:<\/strong> CH91 0900 0000 4003 3467 7<\/p>\n<p><strong>Conto numero:<\/strong> 40-33467-7<\/p>\n<p><strong>Causale:<\/strong> NOME \u2013 CERTIFICATO DI STATO CIVILE.<\/p>\n<p>L\u2019Atto originale verr\u00e0 spedito per posta.<\/p>\n<p>Qualora si preferisca richiedere il Certificato di Stato Civile direttamente presso la Sede Consolare, contattare <a href=\"mailto:basilea.statocivile@esteri.it\">basilea.statocivile@esteri.it<\/a> per ottenere un appuntamento.<\/p>\n<p><strong>2. CERTIFICATO CUMULATIVO \/ CONTESTUALE<\/strong><\/p>\n<p>Per ottenere il certificato \u00e8 necessario trasmettere all\u2019indirizzo <a href=\"mailto:basilea.statocivile@esteri.it\">basilea.statocivile@esteri.it<\/a> i seguenti documenti:<\/p>\n<ul>\n<li>Modulo di seguito (<a href=\"https:\/\/consbasilea.esteri.it\/wp-content\/uploads\/2023\/06\/modulo_richiesta_certificati_rev.01.2021.pdf\">link<\/a>) compilato e firmato.<\/li>\n<li>Una copia dei documenti di identit\u00e0 (passaporto o carta d\u2019identit\u00e0).<\/li>\n<li>Copia del Permesso di Soggiorno (fronte e retro).<\/li>\n<li>Copia di un Documento Ufficiale da cui risulti l\u2019attuale indirizzo (certificato di residenza\/Wohnsitzbescheinigung; Fattura Assistenza sanitaria; Utenza domestica; Libretto auto etc.).<\/li>\n<li>Ricevuta del pagamento della somma di <strong>CHF 16,85<\/strong>\u00a0tramite bonifico bancario alle seguenti coordinate bancarie:<\/li>\n<\/ul>\n<p><strong>Intestatario:<\/strong> Consolato d\u2019Italia a Basilea<\/p>\n<p><strong>IBAN:<\/strong> CH91 0900 0000 4003 3467 7<\/p>\n<p><strong>Conto numero:<\/strong> 40-33467-7<\/p>\n<p><strong>Causale:<\/strong> NOME \u2013 CERTIFICATO CUMULATIVO\/CONTESTUALE.<\/p>\n<p>L\u2019Atto originale verr\u00e0 spedito per posta.<\/p>\n<p>Qualora si preferisca richiedere il Certificato cumulativo\/contestuale direttamente presso la Sede Consolare, contattare <a href=\"mailto:basilea.statocivile@esteri.it\">basilea.statocivile@esteri.it<\/a> per ottenere un appuntamento.<\/p>\n<p><strong>3. CERTIFICATO DI CAPACITA\u2019 MATRIMONIALE<\/strong><\/p>\n<p>Per ottenere il certificato \u00e8 necessario trasmettere all\u2019indirizzo basilea.statocivile@esteri.it i seguenti documenti:<\/p>\n<ul>\n<li>Modulo di seguito (<a href=\"https:\/\/consbasilea.esteri.it\/wp-content\/uploads\/2024\/11\/Modulo-di-richiesta-dati-per-capacita-matrimoniale.pdf\">link<\/a>) compilato e firmato.<\/li>\n<li>Una copia dei documenti di identit\u00e0 (passaporto o carta d\u2019identit\u00e0).<\/li>\n<li>Copia del Permesso di Soggiorno (fronte e retro).<\/li>\n<li>Copia di un Documento Ufficiale da cui risulti l\u2019attuale indirizzo (certificato di residenza\/Wohnsitzbescheinigung; Fattura Assistenza sanitaria; Utenza domestica; Libretto auto etc.).<\/li>\n<li>Ricevuta del pagamento della somma di <strong>CHF<\/strong> <strong>8.45 <\/strong>tramite bonifico bancario alle seguenti coordinate bancarie:<\/li>\n<\/ul>\n<p>Intestatario: Consolato d\u2019Italia a Basilea<\/p>\n<p>IBAN: CH91 0900 0000 4003 3467 7<\/p>\n<p>Conto numero: 40-33467-7<\/p>\n<p>Causale: NOME \u2013 CERTIFICATO DI CAPACITA\u2019 MATRIMONIALE.<\/p>\n<p>L\u2019Atto originale verr\u00e0 spedito per posta.<\/p>\n<p>Qualora si preferisca richiedere il Certificato di Stato Civile direttamente presso la Sede Consolare, contattare basilea.statocivile@esteri.it per ottenere un appuntamento.<\/p>\n","protected":false},"excerpt":{"rendered":"Attenzione: si ricorda che il servizio \u00e8 riservato ai soli residenti in questa circoscrizione consolare (cantoni di Basilea Citt\u00e0, Basilea Campagna, Giura, Soletta e Argovia). Il Consolato d\u2019Italia a Basilea rilascia Certificati di Stato Civile esclusivamente in lingua italiana. 1. CERTIFICATO DI STATO CIVILE\/LIBERO Per ottenere il certificato \u00e8 necessario trasmettere all\u2019indirizzo basilea.statocivile@esteri.it i seguenti [&hellip;]","protected":false},"author":4,"featured_media":0,"parent":86,"menu_order":6,"comment_status":"closed","ping_status":"closed","template":"","meta":{"footnotes":""},"class_list":["post-2870","page","type-page","status-publish","hentry"],"_links":{"self":[{"href":"https:\/\/consbasilea.esteri.it\/it\/wp-json\/wp\/v2\/pages\/2870","targetHints":{"allow":["GET"]}}],"collection":[{"href":"https:\/\/consbasilea.esteri.it\/it\/wp-json\/wp\/v2\/pages"}],"about":[{"href":"https:\/\/consbasilea.esteri.it\/it\/wp-json\/wp\/v2\/types\/page"}],"author":[{"embeddable":true,"href":"https:\/\/consbasilea.esteri.it\/it\/wp-json\/wp\/v2\/users\/4"}],"replies":[{"embeddable":true,"href":"https:\/\/consbasilea.esteri.it\/it\/wp-json\/wp\/v2\/comments?post=2870"}],"version-history":[{"count":6,"href":"https:\/\/consbasilea.esteri.it\/it\/wp-json\/wp\/v2\/pages\/2870\/revisions"}],"predecessor-version":[{"id":4141,"href":"https:\/\/consbasilea.esteri.it\/it\/wp-json\/wp\/v2\/pages\/2870\/revisions\/4141"}],"up":[{"embeddable":true,"href":"https:\/\/consbasilea.esteri.it\/it\/wp-json\/wp\/v2\/pages\/86"}],"wp:attachment":[{"href":"https:\/\/consbasilea.esteri.it\/it\/wp-json\/wp\/v2\/media?parent=2870"}],"curies":[{"name":"wp","href":"https:\/\/api.w.org\/{rel}","templated":true}]}}