{"id":242,"date":"2023-06-20T15:02:00","date_gmt":"2023-06-20T13:02:00","guid":{"rendered":"https:\/\/consbasilea.esteri.it\/?page_id=242"},"modified":"2026-04-07T10:15:05","modified_gmt":"2026-04-07T08:15:05","slug":"carte-didentita","status":"publish","type":"page","link":"https:\/\/consbasilea.esteri.it\/it\/servizi-consolari\/servizi-per-il-cittadino-italiano\/carte-didentita\/","title":{"rendered":"Carte d&#8217;identit\u00e0"},"content":{"rendered":"<p><strong>INFORMAZIONI GENERALI<\/strong><\/p>\n<p>La Carta d\u2019Identit\u00e0 Elettronica (CIE) \u00e8 un documento multifunzionale: attesta l\u2019identit\u00e0 del cittadino, \u00e8 un documento di viaggio, riporta il codice fiscale e si pu\u00f2 utilizzare per richiedere un\u2019identit\u00e0 sul sistema SPID (Sistema Pubblico di Identit\u00e0 Digitale) con cui accedere ai Servizi erogati dalle Pubbliche Amministrazioni Italiane.<\/p>\n<p>La <strong>validit\u00e0<\/strong> della carta d\u2019identit\u00e0 varia a seconda all\u2019et\u00e0 del titolare:<\/p>\n<ul>\n<li>3 anni di validit\u00e0 per i minori da 0 a 3 anni;<\/li>\n<li>5 anni di validit\u00e0 per i minori da 3 a 18 anni;<\/li>\n<li>10 anni di validit\u00e0 per i maggiorenni.<\/li>\n<\/ul>\n<p>Il rilascio della CIE avviene esclusivamente su appuntamento individuale e per i soli cittadini italiani regolarmente residenti nella circoscrizione consolare (Basilea Citt\u00e0, Basilea Campagna, Argovia, Soletta e Giura), ed iscritti all\u2019AIRE (Anagrafe dei Cittadini Italiani residenti all\u2019Estero).<\/p>\n<p>&nbsp;<\/p>\n<p><strong>PRENOTAZIONE DELL\u2019APPUNTAMENTO PER LA CARTA D\u2019IDENTITA\u2019<\/strong><\/p>\n<p>Per prenotare un appuntamento per la Carta d\u2019Identit\u00e0, i passi da seguire sono i seguenti:<\/p>\n<ul>\n<li>Registrazione al portale <a href=\"https:\/\/consbasilea.esteri.it\/it\/servizi-consolari\/servizi-per-il-cittadino-italiano\/prenotmi\/\">Prenot@mi<\/a>;<\/li>\n<li>Scelta del servizio \u201cCarte d\u2019Identit\u00e0\u201d;<\/li>\n<li>Scelta del giorno e orario di preferenza tra quelli disponibili.<\/li>\n<\/ul>\n<p>Si ricorda che gli appuntamenti sono <strong>soggetti a disponibilit\u00e0 limitata<\/strong>, e che vengono <strong>inseriti all\u2019inizio di ogni settimana<\/strong>.<\/p>\n<p>&nbsp;<\/p>\n<p><strong>MODALITA&#8217; DI RILASCIO DEL DOCUMENTO<\/strong><\/p>\n<p>La CIE <strong>non<\/strong> pu\u00f2 essere rilasciata a vista il giorno dell\u2019appuntamento, a differenza del passaporto.<\/p>\n<p>Entro 15 giorni dalla data della richiesta in Consolato, l\u2019Istituto Poligrafico e Zecca dello Stato provveder\u00e0 a stampare e a inviare per posta la CIE all\u2019indirizzo di residenza (o recapito) dichiarato dal richiedente.<\/p>\n<p>In caso di mancata consegna per indirizzo errato \u00e8 prevista la giacenza della CIE presso il locale ufficio postale, al termine della quale il plico verr\u00e0 restituito all\u2019Ufficio consolare di riferimento per una consegna al cittadino, stavolta in presenza presso il Consolato stesso.<\/p>\n<p>I <strong>costi <\/strong>del rilascio (primo rilascio oppure duplicato in caso di furto o smarrimento) variano a seconda delle <a href=\"https:\/\/consbasilea.esteri.it\/it\/servizi-consolari\/servizi-per-il-cittadino-italiano\/tariffe-consolari\/\">Tariffe Consolari<\/a> vigenti. L&#8217;attuale costo di primo rilascio \u00e8 di<strong> CHF 20,25<\/strong>, mentre il costo del duplicato \u00e8 di <strong>CHF 25,05<\/strong>.<\/p>\n<p>Tale importo potr\u00e0 subire delle lievi variazioni in aumento o in diminuzione in relazione all\u2019attuale tasso di cambio euro\/franco da pagarsi con Bancomat\/Carta di debito (V-Pay, Maestro, Postfinance). Non \u00e8 possibile pagare con carta di credito. I contanti sono accettati solo in via eccezionale.<\/p>\n","protected":false},"excerpt":{"rendered":"INFORMAZIONI GENERALI La Carta d\u2019Identit\u00e0 Elettronica (CIE) \u00e8 un documento multifunzionale: attesta l\u2019identit\u00e0 del cittadino, \u00e8 un documento di viaggio, riporta il codice fiscale e si pu\u00f2 utilizzare per richiedere un\u2019identit\u00e0 sul sistema SPID (Sistema Pubblico di Identit\u00e0 Digitale) con cui accedere ai Servizi erogati dalle Pubbliche Amministrazioni Italiane. La validit\u00e0 della carta d\u2019identit\u00e0 varia [&hellip;]","protected":false},"author":5,"featured_media":0,"parent":59,"menu_order":2,"comment_status":"closed","ping_status":"closed","template":"","meta":{"footnotes":""},"class_list":["post-242","page","type-page","status-publish","hentry"],"_links":{"self":[{"href":"https:\/\/consbasilea.esteri.it\/it\/wp-json\/wp\/v2\/pages\/242","targetHints":{"allow":["GET"]}}],"collection":[{"href":"https:\/\/consbasilea.esteri.it\/it\/wp-json\/wp\/v2\/pages"}],"about":[{"href":"https:\/\/consbasilea.esteri.it\/it\/wp-json\/wp\/v2\/types\/page"}],"author":[{"embeddable":true,"href":"https:\/\/consbasilea.esteri.it\/it\/wp-json\/wp\/v2\/users\/5"}],"replies":[{"embeddable":true,"href":"https:\/\/consbasilea.esteri.it\/it\/wp-json\/wp\/v2\/comments?post=242"}],"version-history":[{"count":6,"href":"https:\/\/consbasilea.esteri.it\/it\/wp-json\/wp\/v2\/pages\/242\/revisions"}],"predecessor-version":[{"id":5281,"href":"https:\/\/consbasilea.esteri.it\/it\/wp-json\/wp\/v2\/pages\/242\/revisions\/5281"}],"up":[{"embeddable":true,"href":"https:\/\/consbasilea.esteri.it\/it\/wp-json\/wp\/v2\/pages\/59"}],"wp:attachment":[{"href":"https:\/\/consbasilea.esteri.it\/it\/wp-json\/wp\/v2\/media?parent=242"}],"curies":[{"name":"wp","href":"https:\/\/api.w.org\/{rel}","templated":true}]}}