{"id":1148,"date":"2023-06-04T13:24:21","date_gmt":"2023-06-04T11:24:21","guid":{"rendered":"https:\/\/consbasilea.esteri.it\/?page_id=1148"},"modified":"2025-08-14T15:04:36","modified_gmt":"2025-08-14T13:04:36","slug":"il-consolato-incontra-la-collettivita","status":"publish","type":"page","link":"https:\/\/consbasilea.esteri.it\/it\/news\/multimedia\/il-consolato-incontra-la-collettivita\/","title":{"rendered":"Il Consolato incontra la Collettivit\u00e0"},"content":{"rendered":"<p>Gli incontri con la collettivit\u00e0 sono un modo per fornire informazioni, assistenza e rispondere alle domande dei cittadini, facilitando cosi la comunicazione tra la comunit\u00e0 e le autorit\u00e0 consolari nei cantoni di Basilea Citt\u00e0, Basilea Campagna, Argovia, Soletta e Giura.<\/p>\n","protected":false},"excerpt":{"rendered":"Gli incontri con la collettivit\u00e0 sono un modo per fornire informazioni, assistenza e rispondere alle domande dei cittadini, facilitando cosi la comunicazione tra la comunit\u00e0 e le autorit\u00e0 consolari nei cantoni di Basilea Citt\u00e0, Basilea Campagna, Argovia, Soletta e Giura.","protected":false},"author":4,"featured_media":0,"parent":57,"menu_order":0,"comment_status":"closed","ping_status":"closed","template":"","meta":{"footnotes":""},"class_list":["post-1148","page","type-page","status-publish","hentry"],"_links":{"self":[{"href":"https:\/\/consbasilea.esteri.it\/it\/wp-json\/wp\/v2\/pages\/1148","targetHints":{"allow":["GET"]}}],"collection":[{"href":"https:\/\/consbasilea.esteri.it\/it\/wp-json\/wp\/v2\/pages"}],"about":[{"href":"https:\/\/consbasilea.esteri.it\/it\/wp-json\/wp\/v2\/types\/page"}],"author":[{"embeddable":true,"href":"https:\/\/consbasilea.esteri.it\/it\/wp-json\/wp\/v2\/users\/4"}],"replies":[{"embeddable":true,"href":"https:\/\/consbasilea.esteri.it\/it\/wp-json\/wp\/v2\/comments?post=1148"}],"version-history":[{"count":4,"href":"https:\/\/consbasilea.esteri.it\/it\/wp-json\/wp\/v2\/pages\/1148\/revisions"}],"predecessor-version":[{"id":3125,"href":"https:\/\/consbasilea.esteri.it\/it\/wp-json\/wp\/v2\/pages\/1148\/revisions\/3125"}],"up":[{"embeddable":true,"href":"https:\/\/consbasilea.esteri.it\/it\/wp-json\/wp\/v2\/pages\/57"}],"wp:attachment":[{"href":"https:\/\/consbasilea.esteri.it\/it\/wp-json\/wp\/v2\/media?parent=1148"}],"curies":[{"name":"wp","href":"https:\/\/api.w.org\/{rel}","templated":true}]}}