{"id":1124,"date":"2023-10-12T12:19:34","date_gmt":"2023-10-12T10:19:34","guid":{"rendered":"https:\/\/consbasilea.esteri.it\/?page_id=1124"},"modified":"2025-01-28T13:11:52","modified_gmt":"2025-01-28T11:11:52","slug":"albo-consolare-degli-enti-gestori-promotori-di-iniziative-a-favore-della-lingua-e-della-cultura-italiana","status":"publish","type":"page","link":"https:\/\/consbasilea.esteri.it\/it\/servizi-consolari\/servizi-per-il-cittadino-italiano\/altri-servizi\/albo-consolare\/albo-consolare-degli-enti-gestori-promotori-di-iniziative-a-favore-della-lingua-e-della-cultura-italiana\/","title":{"rendered":"Albo consolare degli enti gestori\/promotori di iniziative a favore della lingua e della cultura italiana"},"content":{"rendered":"<p><strong>Albo consolare degli Enti Gestori di iniziative a favore della lingua e della cultura italiana di cui all\u2019articolo 10 del Decreto Legislativo n. 64\/2017 \u2013 Richiesta di contributo ministeriale a valere sul capitolo 3153 \u2013 Iscrizioni entro il <span style=\"text-decoration: underline;\">31 maggio 2024<\/span> per gli enti gestori che intendono presentare progetti relativi all\u2019anno scolastico 2025\/2026 e successivi \u2013 Circolare ministeriale n.4 dell\u20198 marzo 2022.<\/strong><\/p>\n<p>Ai sensi della <a href=\"https:\/\/consbasilea.esteri.it\/wp-content\/uploads\/2023\/10\/Circolare-4_2022.pdf\"><strong>Circolare del Ministero degli Affari Esteri e della Cooperazione Internazionale n. 4 dell\u20198 marzo 2022<\/strong><\/a> gli enti gestori di iniziative a favore della lingua e della cultura italiana, di cui all\u2019articolo 10 del Decreto Legislativo 64\/2017, che intendano richiedere un contributo a valere sul capitolo di spesa 3153 per progetti relativi all\u2019anno scolastico 2025\/2026 e successivi si dovranno registrare, entro il 31 maggio 2024, presso l\u2019apposito <strong><a href=\"https:\/\/consbasilea.esteri.it\/wp-content\/uploads\/2025\/01\/Albo-Consolare-degli-enti-gestori-1-2.pdf\">albo consolare istituito presso questa Sede<\/a>.<\/strong><\/p>\n<p>La richiesta di iscrizione all\u2019Albo degli enti gestori di questa Circoscrizione consolare deve essere inoltrata per posta al seguente indirizzo:<\/p>\n<p style=\"text-align: center;\"><em>Consolato di Basilea<\/em><\/p>\n<p style=\"text-align: center;\"><em>Schaffhauserrheinweg 5<\/em><\/p>\n<p style=\"text-align: center;\"><em>4058 Basilea<\/em><\/p>\n<p>Compilando i moduli <strong><a href=\"https:\/\/consbasilea.esteri.it\/wp-content\/uploads\/2023\/10\/richiesta_iscrizione_allalbo_consolare_degli_enti_gestori.pdf\">Richiesta iscrizione all\u2019Albo consolare degli Enti gestori<\/a> <\/strong>con\u00a0<a href=\"https:\/\/consbasilea.esteri.it\/wp-content\/uploads\/2023\/10\/anagrafica_dellente_richiedente.pdf\"><strong> Anagrafica dell\u2019Ente richiedente<\/strong><\/a>, allegando copia del documento di riconoscimento del Legale Rappresentante dell\u2019Ente, copia dello Statuto dell\u2019Ente e attestazione di conformit\u00e0 dello stesso alla normativa locale.<\/p>\n<p>Possono presentare domanda di iscrizione a detto Albo gli Enti Gestori operanti nella Circoscrizione consolare di Basilea e altri enti interessati all\u2019organizzazione di corsi di lingua e cultura italiana, che siano in possesso dei requisiti previsti dalla Circolare ministeriale n. 4 dell\u20198 marzo 2022.<\/p>\n<p>L\u2019iscrizione all\u2019Albo consolare avviene previa verifica dei requisiti soggettivi da parte di questo Consolato e ha durata quadriennale. Al termine del quadriennio, il rinnovo della registrazione degli enti gestori\/promotori avviene su richiesta dell\u2019ente interessato e previa valutazione interna.<\/p>\n<p>Nel rimandare ad una attenta lettura della Circolare 4\/2022, si segnala che <strong>possono accedere alle risorse finanziarie del capitolo 3153 gli Enti Gestori operanti nella Circoscrizione consolare di Basilea<\/strong>, iscritti all\u2019Albo consolare, gestito da questo Consolato che, in via generale presentino le seguenti caratteristiche:<\/p>\n<ul>\n<li>enti senza finalit\u00e0 di lucro promotori di iniziative a favore della lingua e della cultura italiana, di cui all\u2019articolo 10 del Decreto Legislativo n. 64\/2017, in scuole pubbliche o private (dalla Scuola dell\u2019infanzia fino alla Scuola secondaria);<\/li>\n<li>enti dotati di uno statuto, la cui conformit\u00e0 al diritto locale deve essere attestata e comunicata a questa Ambasciata. Gli enti beneficiari di contributo saranno inoltre tenuti a comunicare tempestivamente eventuali modifiche al proprio statuto.<\/li>\n<\/ul>\n<p>Non sono ammissibili al contributo ministeriale:<\/p>\n<ul>\n<li>i cosiddetti \u201centi ombrello\u201d, cio\u00e8 soggetti che riuniscano al loro interno altri enti con caratteristiche e finalit\u00e0 analoghe, di cui sarebbe difficile la tracciabilit\u00e0 delle attivit\u00e0 e delle operazioni;<\/li>\n<li>gli enti all\u2019interno dei quali le cariche direttive siano ricoperte da rappresentanti del Com.It.Es., considerato altres\u00ec l\u2019articolo 2, comma 4, lettera g) della Legge n. 286 del 23 ottobre 2003.<\/li>\n<\/ul>\n<p>Questo Consolato verificher\u00e0, altres\u00ec, che nello statuto non vi sia alcun riferimento alla partecipazione \u2013 anche a solo titolo onorario \u2013 agli organi dell\u2019ente di rappresentanti del Consolato o dell\u2019Istituto Italiano di Cultura di Zurigo.<\/p>\n<p>Si delineano inoltre qui di seguito alcune delle principali novit\u00e0 apportate dalla Circolare ministeriale n. 4 dell\u20198 marzo 2022 che gli Enti Gestori interessati all\u2019organizzazione di corsi di lingua e cultura italiana dovranno prendere in considerazione in fase di richiesta di contributo a valere sul capitolo 3153:<\/p>\n<ul>\n<li>l\u2019accento non viene pi\u00f9 posto sulle attivit\u00e0 di carattere assistenziale, ma su quelle di natura promozionale della lingua e della cultura italiana;<\/li>\n<li>non viene pi\u00f9 richiesto un bilancio rappresentativo di tutte le attivit\u00e0, entrate e voci di spesa, quanto un progetto, anche di durata biennale, con erogazioni suddivise in pi\u00f9 tranches e comunque collegate alla competenza di ciascun esercizio finanziario e all\u2019andamento delle attivit\u00e0 didattiche (vedi Decreto attuativo 1247 del 29.09.2023);<\/li>\n<li>gli enti richiedenti sono invitati a concorrere con risorse proprie ai costi dei progetti presentati.<\/li>\n<\/ul>\n<p>I progetti saranno inoltre commisurati agli anni scolastici e non pi\u00f9 agli anni solari.<\/p>\n<p>Passando da una logica di \u201cbilancio\u201d ad una logica progettuale, si intende inoltre spostare il focus dall\u2019assistenza agli enti in quanto tali, ai risultati che gli stessi si propongono di conseguire nel campo della promozione della lingua e della cultura italiana.<\/p>\n<p>Inoltre si precisa che:<\/p>\n<ul>\n<li>le attivit\u00e0 che possono essere oggetto di contributo ministeriale attengono ai segmenti scolastici sino alla scuola secondaria di secondo grado, superando cos\u00ec il \u201cconfine\u201d della scuola secondaria di primo grado. Dal sostegno ministeriale rimangono esclusi i corsi per adulti, dal momento che esulano dal perimento normativo di riferimento costituito dal Decreto Legislativo n. 64\/2017 sulla Scuola italiana all\u2019estero;<\/li>\n<li>l\u2019erogazione del contributo avverr\u00e0 in seguito alla presentazione di un progetto di durata pari ad uno o due anni scolastici, che illustri il piano delle attivit\u00e0 che l\u2019ente intende realizzare.<\/li>\n<\/ul>\n<p>Per l\u2019anno scolastico 2025\/2026 e per gli anni scolastici successivi gli Enti presentano a questa Ambasciata, entro il 15 ottobre dell\u2019anno precedente a quello di riferimento, un progetto e una richiesta di contributo, secondo la citata normativa ed utilizzando la specifica modulistica messa a disposizione sul sito del MAECI: <a href=\"https:\/\/www.esteri.it\/it\/diplomazia-culturale-e-diplomazia-scientifica\/cultura\/sistema-della-formazione-italiana-nel-mondo\/normativa\/modulistica\/\">https:\/\/www.esteri.it\/it\/diplomazia-culturale-e-diplomazia-scientifica\/cultura\/sistema-della-formazione-italiana-nel-mondo\/normativa\/modulistica<\/a><\/p>\n<p>Per ogni richiesta di informazioni si prega rivolgersi a: <span style=\"text-decoration: underline;\">segreteria.basilea@esteri.it<\/span><\/p>\n<p><strong>Documenti e modulistica<\/strong>:<\/p>\n<ul>\n<li><a href=\"https:\/\/consbasilea.esteri.it\/wp-content\/uploads\/2023\/10\/Circolare-4_2022.pdf\">Circolare del MAECI n.4 8 marzo 2022<\/a><\/li>\n<li><a href=\"https:\/\/consbasilea.esteri.it\/wp-content\/uploads\/2023\/10\/D.M._1247_del_29.09.2023_Attuativo_2024_Firmato.pdf\">Decreto attuativo 1247 del 29.09.2023<\/a><\/li>\n<li><a href=\"https:\/\/consbasilea.esteri.it\/wp-content\/uploads\/2025\/01\/Albo-Consolare-degli-enti-gestori-1-1.pdf\">Decreto consolare n.10\/2020 del Consolato di Basilea<\/a><\/li>\n<li><a href=\"https:\/\/consbasilea.esteri.it\/wp-content\/uploads\/2025\/01\/Albo-Consolare-degli-enti-gestori-1-2.pdf\">Albo consolare degli Enti gestori istituito presso il Consolato di Basilea<\/a><\/li>\n<li><a href=\"https:\/\/consbasilea.esteri.it\/wp-content\/uploads\/2023\/10\/richiesta_iscrizione_allalbo_consolare_degli_enti_gestori.pdf\">Richiesta iscrizione all\u2019Albo consolare degli Enti gestori<\/a> con<a href=\"https:\/\/consbasilea.esteri.it\/wp-content\/uploads\/2023\/10\/anagrafica_dellente_richiedente.pdf\"> anagrafica soggetto richiedente<\/a><\/li>\n<\/ul>\n","protected":false},"excerpt":{"rendered":"Albo consolare degli Enti Gestori di iniziative a favore della lingua e della cultura italiana di cui all\u2019articolo 10 del Decreto Legislativo n. 64\/2017 \u2013 Richiesta di contributo ministeriale a valere sul capitolo 3153 \u2013 Iscrizioni entro il 31 maggio 2024 per gli enti gestori che intendono presentare progetti relativi all\u2019anno scolastico 2025\/2026 e successivi [&hellip;]","protected":false},"author":4,"featured_media":0,"parent":98,"menu_order":0,"comment_status":"closed","ping_status":"closed","template":"","meta":{"footnotes":""},"class_list":["post-1124","page","type-page","status-publish","hentry"],"_links":{"self":[{"href":"https:\/\/consbasilea.esteri.it\/it\/wp-json\/wp\/v2\/pages\/1124","targetHints":{"allow":["GET"]}}],"collection":[{"href":"https:\/\/consbasilea.esteri.it\/it\/wp-json\/wp\/v2\/pages"}],"about":[{"href":"https:\/\/consbasilea.esteri.it\/it\/wp-json\/wp\/v2\/types\/page"}],"author":[{"embeddable":true,"href":"https:\/\/consbasilea.esteri.it\/it\/wp-json\/wp\/v2\/users\/4"}],"replies":[{"embeddable":true,"href":"https:\/\/consbasilea.esteri.it\/it\/wp-json\/wp\/v2\/comments?post=1124"}],"version-history":[{"count":6,"href":"https:\/\/consbasilea.esteri.it\/it\/wp-json\/wp\/v2\/pages\/1124\/revisions"}],"predecessor-version":[{"id":4021,"href":"https:\/\/consbasilea.esteri.it\/it\/wp-json\/wp\/v2\/pages\/1124\/revisions\/4021"}],"up":[{"embeddable":true,"href":"https:\/\/consbasilea.esteri.it\/it\/wp-json\/wp\/v2\/pages\/98"}],"wp:attachment":[{"href":"https:\/\/consbasilea.esteri.it\/it\/wp-json\/wp\/v2\/media?parent=1124"}],"curies":[{"name":"wp","href":"https:\/\/api.w.org\/{rel}","templated":true}]}}