{"id":4606,"date":"2025-06-24T16:23:47","date_gmt":"2025-06-24T14:23:47","guid":{"rendered":"https:\/\/consbasilea.esteri.it\/?page_id=4606"},"modified":"2025-08-05T12:59:12","modified_gmt":"2025-08-05T10:59:12","slug":"anforderungen-fuer-die-beantragung-der-italienischen-staatsbuergerschaft","status":"publish","type":"page","link":"https:\/\/consbasilea.esteri.it\/de\/servizi-consolari\/servizi-per-il-cittadino-straniero\/staatsbuergerschaft\/erwerb-der-italienischen-staatsbuergerschaft-durch-eheschliessung-oder-eingetragene-partnerschaft\/anforderungen-fuer-die-beantragung-der-italienischen-staatsbuergerschaft\/","title":{"rendered":"Anforderungen f\u00fcr die Beantragung der italienischen Staatsb\u00fcrgerschaft"},"content":{"rendered":"<ul>\n<li><u>Wohnsitz im Konsularbezirk<\/u>: Die Antragstellerin bzw. der Antragsteller hat den Antrag an die diplomatisch-konsularische Vertretung zu richten, die f\u00fcr ihren bzw. seinen Wohnort zust\u00e4ndig ist. Die Ehegattin\/eingetragene Partnerin bzw. der Ehegatte\/eingetragene Partner mit italienischer Staatsb\u00fcrgerschaft muss im Konsularbezirk des zust\u00e4ndigen Konsulats am selben Wohnsitz wie die Antragstellerin bzw. der Antragsteller wohnhaft und ordnungsgem\u00e4ss im Anagrafe degli Italiani Residenti all\u2019Estero \u2013 Einwohnerkontrolle f\u00fcr Italienerinnen und Italiener mit Wohnsitz im Ausland (A.I.R.E.) registriert sein. Sofern dies nicht der Fall ist, hat sie bzw. er zu belegen, aus welchem Grund (z. B. Arbeit, Schulbesuch der Kinder, \u00e4rztliche Behandlungen oder andere Gr\u00fcnde) kein gemeinsamer Wohnsitz besteht.<\/li>\n<li><u>Fristen<\/u>: Der Antrag kann drei (3) Jahre nach der Eheschliessung\/eingetragenen Partnerschaft gestellt werden, sofern die Ehegattin\/eingetragene Partnerin bzw. der Ehegatte\/eingetragene Partner die italienische Staatsb\u00fcrgerschaft iuris sanguinis (aufgrund der Abstammung) besitzt; bei einer Einb\u00fcrgerung nach dem Datum der Eheschliessung\/eingetragenen Partnerschaft beginnt die Dreijahresfrist mit dem Datum der Einb\u00fcrgerung der Ehegattin\/eingetragenen Partnerin bzw. des Ehegatten\/eingetragenen Partners. Sind minderj\u00e4hrige eigene oder adoptierte Kinder vorhanden, verk\u00fcrzt sich die Dreijahresfrist um anderthalb (1,5) Jahre.<\/li>\n<li><u>Registrierung der Eheschliessung\/eingetragenen Partnerschaft<\/u>: Sofern die Eheschliessung\/eingetragene Partnerschaft im Ausland erfolgt ist, muss sie bei der zust\u00e4ndigen Gemeinde in Italien registriert werden.<\/li>\n<li><u>G\u00fcltigkeit und Stabilit\u00e4t der Ehe\/eingetragenen Partnerschaft<\/u>\u00a0bis zur Verabschiedung der Massnahme zur Verleihung der Staatsb\u00fcrgerschaft. Zur Verleihung der italienischen Staatsb\u00fcrgerschaft d\u00fcrfen am Datum der Verabschiedung des diesbez\u00fcglichen Dekrets keine Aufl\u00f6sung, Annullierung oder Einstellung der zivilrechtlichen Wirkung der Ehe\/eingetragenen Partnerschaft (pers\u00f6nliche Trennung, Scheidung, Todesfall der Ehegattin\/eingetragenen Partnerin bzw. des Ehegatten\/eingetragenen Partners) eingetreten sein.<\/li>\n<li><u>Es d\u00fcrfen keine Urteile seitens der italienischen Justizbeh\u00f6rden vorliegen,<\/u>\u00a0die Straftaten betreffen, f\u00fcr welche eine Haftstrafe von mehr als drei Jahren vorgesehen ist.<\/li>\n<li><u>Es d\u00fcrfen keine Urteile seitens ausl\u00e4ndischer Justizbeh\u00f6rden vorliegen,<\/u>\u00a0die eine Haftstrafe von \u00fcber einem Jahre f\u00fcr Straftaten nicht politischer Art vorsehen.<\/li>\n<li><u>Es d\u00fcrfen keine Urteile aufgrund von Straftaten gegen die Staatlichkeit.<\/u><\/li>\n<li><u>Es d\u00fcrfen keine Anhaltspunkte f\u00fcr eine Gef\u00e4hrdung der Sicherheit der italienischen Republik vorliegen.<\/u><\/li>\n<li><u>Kenntnis der italienischen Sprache<\/u>\u00a0(mindestens Niveau B1 des Gemeinsamen Europ\u00e4ischen Referenzrahmens (GER).<\/li>\n<li><u>Bezahlung der in der Rubrik Dokumente und Kosten dargestellten Steuern und Geb\u00fchren.<\/u><\/li>\n<\/ul>\n","protected":false},"excerpt":{"rendered":"Wohnsitz im Konsularbezirk: Die Antragstellerin bzw. der Antragsteller hat den Antrag an die diplomatisch-konsularische Vertretung zu richten, die f\u00fcr ihren bzw. seinen Wohnort zust\u00e4ndig ist. Die Ehegattin\/eingetragene Partnerin bzw. der Ehegatte\/eingetragene Partner mit italienischer Staatsb\u00fcrgerschaft muss im Konsularbezirk des zust\u00e4ndigen Konsulats am selben Wohnsitz wie die Antragstellerin bzw. der Antragsteller wohnhaft und ordnungsgem\u00e4ss im Anagrafe [&hellip;]","protected":false},"author":4,"featured_media":0,"parent":4595,"menu_order":2,"comment_status":"closed","ping_status":"closed","template":"","meta":{"footnotes":""},"class_list":["post-4606","page","type-page","status-publish","hentry"],"_links":{"self":[{"href":"https:\/\/consbasilea.esteri.it\/de\/wp-json\/wp\/v2\/pages\/4606","targetHints":{"allow":["GET"]}}],"collection":[{"href":"https:\/\/consbasilea.esteri.it\/de\/wp-json\/wp\/v2\/pages"}],"about":[{"href":"https:\/\/consbasilea.esteri.it\/de\/wp-json\/wp\/v2\/types\/page"}],"author":[{"embeddable":true,"href":"https:\/\/consbasilea.esteri.it\/de\/wp-json\/wp\/v2\/users\/4"}],"replies":[{"embeddable":true,"href":"https:\/\/consbasilea.esteri.it\/de\/wp-json\/wp\/v2\/comments?post=4606"}],"version-history":[{"count":1,"href":"https:\/\/consbasilea.esteri.it\/de\/wp-json\/wp\/v2\/pages\/4606\/revisions"}],"predecessor-version":[{"id":4607,"href":"https:\/\/consbasilea.esteri.it\/de\/wp-json\/wp\/v2\/pages\/4606\/revisions\/4607"}],"up":[{"embeddable":true,"href":"https:\/\/consbasilea.esteri.it\/de\/wp-json\/wp\/v2\/pages\/4595"}],"wp:attachment":[{"href":"https:\/\/consbasilea.esteri.it\/de\/wp-json\/wp\/v2\/media?parent=4606"}],"curies":[{"name":"wp","href":"https:\/\/api.w.org\/{rel}","templated":true}]}}