{"id":4599,"date":"2025-06-24T16:25:54","date_gmt":"2025-06-24T14:25:54","guid":{"rendered":"https:\/\/consbasilea.esteri.it\/?page_id=4599"},"modified":"2025-08-05T16:36:55","modified_gmt":"2025-08-05T14:36:55","slug":"vereinfachte-verfahren-und-kosten","status":"publish","type":"page","link":"https:\/\/consbasilea.esteri.it\/de\/servizi-consolari\/servizi-per-il-cittadino-straniero\/staatsbuergerschaft\/erwerb-der-italienischen-staatsbuergerschaft-durch-eheschliessung-oder-eingetragene-partnerschaft\/vereinfachte-verfahren-und-kosten\/","title":{"rendered":"Vereinfachte Verfahren und Kosten"},"content":{"rendered":"<p><strong>Vereinfachte Verfahren und Kosten<\/strong><\/p>\n<p>Falls es sich bei der Antragstellerin bzw. dem Antragsteller um eine B\u00fcrgerin bzw. einen B\u00fcrger der Europ\u00e4ischen Union (EU) handelt, kann sie oder er eine Selbstbescheinigung \u00fcber die italienische Staatsangeh\u00f6rigkeit des Ehegatten\/eingetragenen Partners bzw. der Ehegattin\/eingetragenen Partnerin zum Nachweis des Bestehens der Ehe\/eingetragenen Partnerschaft und der Familie ausstellen.<\/p>\n<p>Die bei der \u00f6ffentlichen Verwaltung bereits vorliegenden Angaben, Daten und Dokumente sind von Amtes wegen erworben, nachdem die Antragstellerin bzw. der Antragsteller die zwingend erforderlichen Angaben zur Einholung der verlangten Informationen erteilt hat (Dekret des Pr\u00e4sidenten der Republik Nr. 445\/2000).<\/p>\n<p><strong>Kosten:<\/strong><\/p>\n<p>Beitragszahlung von EUR 250.00 zugunsten des italienischen Innenministeriums (Ministero dell\u2019Interno). Die Zahlung ist zugunsten des durch dieses Ministerium angegebenen Kontokorrents vorzunehmen (die Quittung ist dem Online-Antrag beizuf\u00fcgen). Daten des Kontos: \u00abMinistero dell\u2019Interno D.L.C.I Cittadinanza\u00bb \u2013 Name der Bank: Poste Italiane S.p.A.<\/p>\n<p>IBAN: IT54D0760103200000000809020 \u2013 Zahlungsgrund: Richiesta cittadinanza per matrimonio ex art. 5 L. 91\/1992 sowie Name und Vorname der Antragstellerin bzw. des Antragstellers BIC\/SWIFT-Code der Poste Italiane: BPPIITRRXXX (f\u00fcr Auslands\u00fcberweisungen); BIC\/SWIFT-Code: PIBPITRA (f\u00fcr EUROGIRO-\u00dcberweisungen). Seit dem 25. Mai 2022 kann die Zahlung der Stempelsteuer (Imposta di bollo) und\/oder des Beitrags von EUR 250.00 direkt bei Einreichung des Antrags \u00fcber das Portal mittels PagoPA vorgenommen werden.<\/p>\n<p><strong>Kontakte und n\u00fctzliche Links<\/strong><\/p>\n<p>ZUST\u00c4NDIGES KONSULAT SUCHEN:\u00a0<a href=\"https:\/\/serviziconsolarionline.esteri.it\/ScoFE\/services\/consulate\/find-consulate.sco\">https:\/\/serviziconsolarionline.esteri.it\/ScoFE\/services\/consulate\/find-consulate.sco<\/a><\/p>\n<p>ANTRAG BEIM INNENMINISTERIUM EINREICHEN\u00a0<a href=\"https:\/\/portaleservizi.dlci.interno.it\/AliCittadinanza\/ali\/home.htm\">https:\/\/portaleservizi.dlci.interno.it\/AliCittadinanza\/ali\/home.htm<\/a><\/p>\n<p>WEBSITE DES AUSSENMINISTERIUMS\u00a0<a href=\"https:\/\/www.esteri.it\/it\/servizi-consolari-e-visti\/italiani-all-estero\/cittadinanza\/cittadinanza-per-matrimonio-e-unione-civile\/\">https:\/\/www.esteri.it\/it\/servizi-consolari-e-visti\/italiani-all-estero\/cittadinanza\/<\/a><\/p>\n<p>KONSULAT DER ITALIENISCHEN REPUBLIK, BASEL Amt f\u00fcr B\u00fcrgerschaftsangelegenheiten \u2013 Schaffhauserrheinweg 5 \u2013 4058 Basel \u2013\u00a0\u00a0<a href=\"mailto:cittadinanza.basilea@esteri.it?subject=cittadinanza\">cittadinanza.basilea@esteri.it<\/a><\/p>\n<p><strong>In allen anderen F\u00e4llen werden die Betroffenen ersucht, aufgrund der komplexen Sachverhalte direkt mit dem Amt f\u00fcr B\u00fcrgerschaftsangelegenheiten des Konsulats per E-Mail Kontakt aufzunehmen:\u00a0<\/strong><a href=\"mailto:cittadinanza.basilea@esteri.it\"><strong>cittadinanza.basilea@esteri.it<\/strong><\/a><\/p>\n","protected":false},"excerpt":{"rendered":"Vereinfachte Verfahren und Kosten Falls es sich bei der Antragstellerin bzw. dem Antragsteller um eine B\u00fcrgerin bzw. einen B\u00fcrger der Europ\u00e4ischen Union (EU) handelt, kann sie oder er eine Selbstbescheinigung \u00fcber die italienische Staatsangeh\u00f6rigkeit des Ehegatten\/eingetragenen Partners bzw. der Ehegattin\/eingetragenen Partnerin zum Nachweis des Bestehens der Ehe\/eingetragenen Partnerschaft und der Familie ausstellen. Die bei der [&hellip;]","protected":false},"author":4,"featured_media":0,"parent":4595,"menu_order":2,"comment_status":"closed","ping_status":"closed","template":"","meta":{"footnotes":""},"class_list":["post-4599","page","type-page","status-publish","hentry"],"_links":{"self":[{"href":"https:\/\/consbasilea.esteri.it\/de\/wp-json\/wp\/v2\/pages\/4599","targetHints":{"allow":["GET"]}}],"collection":[{"href":"https:\/\/consbasilea.esteri.it\/de\/wp-json\/wp\/v2\/pages"}],"about":[{"href":"https:\/\/consbasilea.esteri.it\/de\/wp-json\/wp\/v2\/types\/page"}],"author":[{"embeddable":true,"href":"https:\/\/consbasilea.esteri.it\/de\/wp-json\/wp\/v2\/users\/4"}],"replies":[{"embeddable":true,"href":"https:\/\/consbasilea.esteri.it\/de\/wp-json\/wp\/v2\/comments?post=4599"}],"version-history":[{"count":2,"href":"https:\/\/consbasilea.esteri.it\/de\/wp-json\/wp\/v2\/pages\/4599\/revisions"}],"predecessor-version":[{"id":4626,"href":"https:\/\/consbasilea.esteri.it\/de\/wp-json\/wp\/v2\/pages\/4599\/revisions\/4626"}],"up":[{"embeddable":true,"href":"https:\/\/consbasilea.esteri.it\/de\/wp-json\/wp\/v2\/pages\/4595"}],"wp:attachment":[{"href":"https:\/\/consbasilea.esteri.it\/de\/wp-json\/wp\/v2\/media?parent=4599"}],"curies":[{"name":"wp","href":"https:\/\/api.w.org\/{rel}","templated":true}]}}