{"id":4595,"date":"2025-06-24T16:17:04","date_gmt":"2025-06-24T14:17:04","guid":{"rendered":"https:\/\/consbasilea.esteri.it\/?page_id=4595"},"modified":"2025-08-05T14:15:30","modified_gmt":"2025-08-05T12:15:30","slug":"erwerb-der-italienischen-staatsbuergerschaft-durch-eheschliessung-oder-eingetragene-partnerschaft","status":"publish","type":"page","link":"https:\/\/consbasilea.esteri.it\/de\/servizi-consolari\/servizi-per-il-cittadino-straniero\/staatsbuergerschaft\/erwerb-der-italienischen-staatsbuergerschaft-durch-eheschliessung-oder-eingetragene-partnerschaft\/","title":{"rendered":"Erwerb der italienischen Staatsb\u00fcrgerschaft durch Eheschliessung oder eingetragene Partnerschaft"},"content":{"rendered":"<p>Personen, die aufgrund einer Eheschliessung oder einer eingetragenen Partnerschaft die italienische Staatsb\u00fcrgerschaft beantragen, m\u00fcssen ihre Pflichten gegen\u00fcber der italienischen Republik kennen. In erster Linie sind dies die Einhaltung der nationalen Werte und ein untadeliges Verhalten.<\/p>\n<p>Massgeblich f\u00fcr den Erwerb der italienischen Staatsb\u00fcrgerschaft durch eine ausl\u00e4ndische oder staatenlose Ehegattin bzw. einen ausl\u00e4ndischen oder staatenlosen Ehegatten, die oder der nach dem 27. April 1983 eine Ehe mit einem italienischen B\u00fcrger oder einer italienischen B\u00fcrgerin geschlossen hat, ist das Gesetz Nr. 91 (Art. 5, 6, 7 und 8) vom 5. Februar 1992 in seiner jeweils g\u00fcltigen Form.<\/p>\n<p>Antr\u00e4ge auf Einb\u00fcrgerung in Italien k\u00f6nnen auch durch ausl\u00e4ndische B\u00fcrgerinnen und B\u00fcrger eingereicht werden, die eine eingetragene Partnerschaft mit einer italienischen B\u00fcrgerin oder einem italienischen B\u00fcrger geschlossen haben, welche in den Zivilstandsregistern der zust\u00e4ndigen italienischen Gemeinde erfasst ist (Gesetzesdekrete 5, 6 und 7\/ 2017).<\/p>\n<p>Die ausl\u00e4ndische Ehegattin\/eingetragene Partnerin bzw. der ausl\u00e4ndische Ehegatte\/eingetragene Partner kann die italienische Staatsb\u00fcrgerschaft auf Antrag erwerben, sofern die nach geltendem Recht gestellten Anforderungen erf\u00fcllt sind. Diese Anforderungen werden im Folgenden er\u00f6rtert.<\/p>\n","protected":false},"excerpt":{"rendered":"Personen, die aufgrund einer Eheschliessung oder einer eingetragenen Partnerschaft die italienische Staatsb\u00fcrgerschaft beantragen, m\u00fcssen ihre Pflichten gegen\u00fcber der italienischen Republik kennen. In erster Linie sind dies die Einhaltung der nationalen Werte und ein untadeliges Verhalten. Massgeblich f\u00fcr den Erwerb der italienischen Staatsb\u00fcrgerschaft durch eine ausl\u00e4ndische oder staatenlose Ehegattin bzw. einen ausl\u00e4ndischen oder staatenlosen Ehegatten, die [&hellip;]","protected":false},"author":4,"featured_media":0,"parent":2381,"menu_order":6,"comment_status":"closed","ping_status":"closed","template":"","meta":{"footnotes":""},"class_list":["post-4595","page","type-page","status-publish","hentry"],"_links":{"self":[{"href":"https:\/\/consbasilea.esteri.it\/de\/wp-json\/wp\/v2\/pages\/4595","targetHints":{"allow":["GET"]}}],"collection":[{"href":"https:\/\/consbasilea.esteri.it\/de\/wp-json\/wp\/v2\/pages"}],"about":[{"href":"https:\/\/consbasilea.esteri.it\/de\/wp-json\/wp\/v2\/types\/page"}],"author":[{"embeddable":true,"href":"https:\/\/consbasilea.esteri.it\/de\/wp-json\/wp\/v2\/users\/4"}],"replies":[{"embeddable":true,"href":"https:\/\/consbasilea.esteri.it\/de\/wp-json\/wp\/v2\/comments?post=4595"}],"version-history":[{"count":3,"href":"https:\/\/consbasilea.esteri.it\/de\/wp-json\/wp\/v2\/pages\/4595\/revisions"}],"predecessor-version":[{"id":4618,"href":"https:\/\/consbasilea.esteri.it\/de\/wp-json\/wp\/v2\/pages\/4595\/revisions\/4618"}],"up":[{"embeddable":true,"href":"https:\/\/consbasilea.esteri.it\/de\/wp-json\/wp\/v2\/pages\/2381"}],"wp:attachment":[{"href":"https:\/\/consbasilea.esteri.it\/de\/wp-json\/wp\/v2\/media?parent=4595"}],"curies":[{"name":"wp","href":"https:\/\/api.w.org\/{rel}","templated":true}]}}