{"id":4582,"date":"2025-06-24T16:06:38","date_gmt":"2025-06-24T14:06:38","guid":{"rendered":"https:\/\/consbasilea.esteri.it\/?page_id=4582"},"modified":"2026-01-05T15:45:09","modified_gmt":"2026-01-05T13:45:09","slug":"erwerb-der-staatsbuergerschaft-durch-gesetz-minderjaehrige-im-ausland-geborene-kinder","status":"publish","type":"page","link":"https:\/\/consbasilea.esteri.it\/de\/servizi-consolari\/servizi-per-il-cittadino-straniero\/staatsbuergerschaft\/erwerb-der-staatsbuergerschaft-durch-gesetz-minderjaehrige-im-ausland-geborene-kinder\/","title":{"rendered":"Erwerb der Staatsb\u00fcrgerschaft \u00abdurch Gesetz\u00bb (minderj\u00e4hrige, im Ausland geborene Kinder)"},"content":{"rendered":"<p>In zwei F\u00e4llen k\u00f6nnen gem\u00e4ss Gesetz Nr. 91\/1992, Artikel 4, Absatz 1-bis und Gesetzesdekret Nr. 36\/2025, Artikel 1, Absatz 1-ter <strong>minderj\u00e4hrige, im Ausland geborene Kinder<\/strong> von Eltern, die die Staatsb\u00fcrgerschaft nicht automatisch \u00fcbertragen, die italienische Staatsb\u00fcrgerschaft erwerben.<\/p>\n<p>Die\/der <strong>Minderj\u00e4hrige<\/strong> erwirbt die <strong>Staatsb\u00fcrgerschaft nicht durch Geburt<\/strong> (<em>iure sanguinis<\/em>), sondern durch Gesetz.<\/p>\n<p>In diesen F\u00e4llen und auf Grundlage von Gesetz Nr. 91\/1992, Artikel 15 erwirbt die\/der Minderj\u00e4hrige die Staatsb\u00fcrgerschaft nicht mit der Geburt, sondern erst am Tag nach Eintritt der gesetzlich vorgesehenen Bedingungen.<\/p>\n<p><strong>1) Im ersten Fall<\/strong> (Gesetz Nr. 91\/1992, Art. 4, Absatz 1-bis) m\u00fcssen folgende Bedingungen <strong><u>gleichzeitig<\/u><\/strong> erf\u00fcllt sein:<\/p>\n<ul>\n<li><strong>Ein Elternteil ist italienische Staatsb\u00fcrgerin oder italienischer Staatsb\u00fcrger <u>durch Geburt<\/u><\/strong> und nicht durch einen anderen Erwerbstitel (ausgeschlossen sind daher z.\u202fB. F\u00e4lle von Staatsb\u00fcrgerschaft durch Einb\u00fcrgerung aufgrund von Heirat gem\u00e4ss Gesetz 91\/1992, Art. 5 usw.). Das Kind wird italienische Staatsb\u00fcrgerin oder italienischer Staatsb\u00fcrger, wenn <u>BEIDE<\/u> Elternteile (einschliesslich des ausl\u00e4ndischen) oder der Vormund eine <strong><u>Willenserkl\u00e4rung zum Erwerb der italienischen Staatsb\u00fcrgerschaft<\/u><\/strong> abgeben.<\/li>\n<li>Die Willenserkl\u00e4rung wird <strong>innerhalb eines Jahres ab der Geburt<\/strong> der\/des Minderj\u00e4hrigen oder ab dem Tag abgegeben, an dem die Abstammung \u2013 auch durch Adoption \u2013 festgestellt wird.<\/li>\n<li><strong><u>Beide<\/u><\/strong> Elternteile oder der Vormund geben <strong>die Erkl\u00e4rung pers\u00f6nlich <\/strong>vor einem zust\u00e4ndigen Mitarbeitenden des Konsulats, <u>nach vorheriger Terminvereinbarung<\/u> mit dem Amt f\u00fcr B\u00fcrgerschaftsangelegenheiten dieses Konsulats, das zuvor die entsprechende Pr\u00fcfung des Falls vorgenommen hat.<\/li>\n<\/ul>\n<p>Wird der rechtm\u00e4ssige Wohnsitz der\/des Minderj\u00e4hrigen in Italien begr\u00fcndet, kann die Erkl\u00e4rung auch nach Ablauf eines Jahres erfolgen, sofern dieser Wohnsitz mindestens zwei aufeinanderfolgende Jahre ab Abgabe der Erkl\u00e4rung beibehalten wird.<\/p>\n<p><strong>2) Im zweiten Fall<\/strong> (Gesetzesdekret Nr. 36\/2025, Artikel 1, Absatz 1-ter) erfolgt die Antragstellung, wenn <strong>s\u00e4mtliche<\/strong> folgenden Bedingungen erf\u00fcllt sind:<\/p>\n<ul>\n<li><strong>Minderj\u00e4hrigkeit<\/strong> zum Zeitpunkt des Inkrafttretens des Umwandlungsgesetzes vom 24.05.2025 zum Gesetzesdekret 36\/2025, also Personen, die <strong>am 24.05.2025<\/strong> noch nicht das 18. Lebensjahr vollendet hatten;<\/li>\n<li><strong>Kinder von Staatsb\u00fcrgerinnen\/Staatsb\u00fcrgern durch Geburt<\/strong>, die auf Grundlage eines Verwaltungsantrags (Gesetz Nr.\u202f91\/1992, Art.\u202f3-bis, Buchstabe a), eines Antrags, der auf einem vom Konsulat mitgeteilten Termin basiert (Gesetz Nr.\u202f91\/1992, Art.\u202f3-bis, Buchstabe a-bis), oder eines gerichtlichen Antrags (Gesetz Nr.\u202f91\/1992, Art.\u202f3-bis, Buchstabe b) als italienische Staatsb\u00fcrgerinnen\/Staatsb\u00fcrger anerkannt wurden, sofern <strong>alle<\/strong> Antr\u00e4ge bis sp\u00e4testens am 27.03.2025 um 23:59 Uhr eingereicht wurden.<\/li>\n<li>In diesen F\u00e4llen muss die Willenserkl\u00e4rung zum Erwerb der Staatsb\u00fcrgerschaft durch die Eltern oder den Vormund <strong><u>bis zum 31. Mai 2026<\/u><\/strong> beim Konsulat abgegeben werden.<\/li>\n<\/ul>\n<p>Erreicht die betroffene Person, die am 24. Mai 2025 minderj\u00e4hrig war, zwischenzeitlich die Vollj\u00e4hrigkeit, muss sie die Erkl\u00e4rung selbst innerhalb derselben Frist abgeben.<\/p>\n<p><strong>Im zweiten Fall<\/strong> (Gesetzesdekret Nr. 36\/2025, Artikel 1, Absatz 1-ter) f\u00fcr die Willenserkl\u00e4rung zum Erwerb der Staatsb\u00fcrgerschaft <u>ist eine Geb\u00fchr von 250 Euro zu entrichten<\/u>. Diese f\u00e4llt f\u00fcr alle Minderj\u00e4hrigen an, f\u00fcr welche die Staatsb\u00fcrgerschaft beantragt wird, und ist per Bank\u00fcberweisung zu entrichten; allf\u00e4llige Bankspesen gehen zulasten der Einzahlenden.<\/p>\n<p>Die Zahlung ist an das italienische Innenministerium auf folgendes Konto zu leisten, jedoch erst nachdem beim zust\u00e4ndigen Konsularb\u00fcro \u00fcberpr\u00fcft wurde, ob man tats\u00e4chlich unter diesen Fall des Erwerbs der Staatsangeh\u00f6rigkeit f\u00e4llt. <strong>Liebe Landsleute, bitte zahlen Sie den Beitrag nicht, bevor Sie sich dar\u00fcber informiert haben, ob Sie dazu verpflichtet sind.<\/strong><\/p>\n<p><strong>Empf\u00e4nger:<\/strong> \u00abMinistero dell\u2019Interno D.L.C.I. Cittadinanza\u00bb<\/p>\n<p><strong>Name der Bank:<\/strong> Poste Italiane S.p.A.<\/p>\n<p><strong>IBAN:<\/strong> IT54D0760103200000000809020<\/p>\n<p><strong>Zahlungsgrund<\/strong>: Acquisto di cittadinanza a seguito di dichiarazione ex art. 9-bis Legge 91\/1992 <strong>di<\/strong> (Vorname und Name des antragstellenden Elternteils) <strong>per<\/strong> (Vorname und Name der\/des Minderj\u00e4hrigen, f\u00fcr die die Staatsb\u00fcrgerschaft beantragt wird)<\/p>\n<p><strong>BIC\/SWIFT Poste Italiane:<\/strong> BPPIITRRXXX<\/p>\n","protected":false},"excerpt":{"rendered":"In zwei F\u00e4llen k\u00f6nnen gem\u00e4ss Gesetz Nr. 91\/1992, Artikel 4, Absatz 1-bis und Gesetzesdekret Nr. 36\/2025, Artikel 1, Absatz 1-ter minderj\u00e4hrige, im Ausland geborene Kinder von Eltern, die die Staatsb\u00fcrgerschaft nicht automatisch \u00fcbertragen, die italienische Staatsb\u00fcrgerschaft erwerben. Die\/der Minderj\u00e4hrige erwirbt die Staatsb\u00fcrgerschaft nicht durch Geburt (iure sanguinis), sondern durch Gesetz. In diesen F\u00e4llen und auf [&hellip;]","protected":false},"author":4,"featured_media":0,"parent":2381,"menu_order":3,"comment_status":"closed","ping_status":"closed","template":"","meta":{"footnotes":""},"class_list":["post-4582","page","type-page","status-publish","hentry"],"_links":{"self":[{"href":"https:\/\/consbasilea.esteri.it\/de\/wp-json\/wp\/v2\/pages\/4582","targetHints":{"allow":["GET"]}}],"collection":[{"href":"https:\/\/consbasilea.esteri.it\/de\/wp-json\/wp\/v2\/pages"}],"about":[{"href":"https:\/\/consbasilea.esteri.it\/de\/wp-json\/wp\/v2\/types\/page"}],"author":[{"embeddable":true,"href":"https:\/\/consbasilea.esteri.it\/de\/wp-json\/wp\/v2\/users\/4"}],"replies":[{"embeddable":true,"href":"https:\/\/consbasilea.esteri.it\/de\/wp-json\/wp\/v2\/comments?post=4582"}],"version-history":[{"count":3,"href":"https:\/\/consbasilea.esteri.it\/de\/wp-json\/wp\/v2\/pages\/4582\/revisions"}],"predecessor-version":[{"id":4903,"href":"https:\/\/consbasilea.esteri.it\/de\/wp-json\/wp\/v2\/pages\/4582\/revisions\/4903"}],"up":[{"embeddable":true,"href":"https:\/\/consbasilea.esteri.it\/de\/wp-json\/wp\/v2\/pages\/2381"}],"wp:attachment":[{"href":"https:\/\/consbasilea.esteri.it\/de\/wp-json\/wp\/v2\/media?parent=4582"}],"curies":[{"name":"wp","href":"https:\/\/api.w.org\/{rel}","templated":true}]}}