{"id":4577,"date":"2025-06-24T16:10:16","date_gmt":"2025-06-24T14:10:16","guid":{"rendered":"https:\/\/consbasilea.esteri.it\/?page_id=4577"},"modified":"2025-08-05T12:43:07","modified_gmt":"2025-08-05T10:43:07","slug":"wiedererwerb-der-italienischen-staatsbuergerschaft","status":"publish","type":"page","link":"https:\/\/consbasilea.esteri.it\/de\/servizi-consolari\/servizi-per-il-cittadino-straniero\/staatsbuergerschaft\/wiedererwerb-der-italienischen-staatsbuergerschaft\/","title":{"rendered":"Wiedererwerb der italienischen Staatsb\u00fcrgerschaft"},"content":{"rendered":"<p>Das Gesetz Nr. 74 vom 23.05.2025 hat die Fristen f\u00fcr den Wiedererwerb der italienischen Staatsb\u00fcrgerschaft zugunsten ehemaliger Staatsb\u00fcrgerinnen oder Staatsb\u00fcrger in folgenden F\u00e4llen erneut ge\u00f6ffnet:<\/p>\n<ul>\n<li>Die antragstellende Person muss <strong><u>in Italien geboren<\/u><\/strong> sein oder mindestens <strong><u>zwei Jahre ununterbrochen<\/u><\/strong> in Italien <strong><u>ans\u00e4ssig<\/u><\/strong> gewesen sein. (Gesetz\u00a091\/1992, Art. 17)<\/li>\n<li>Die antragstellende Person hat die <strong>italienische Staatsb\u00fcrgerschaft<\/strong> VOR dem 15. August 1992 in einem der folgenden F\u00e4lle <strong>verloren<\/strong>:\n<ul>\n<li>Durch freiwilligen Erwerb <strong>einer anderen Staatsb\u00fcrgerschaft <\/strong>VOR dem 15.08.1992 und Wahl des eigenen <u>Wohnsitzes im Ausland<\/u> (Gesetz Nr.\u00a0555\/1912,\u00a0Art.\u00a08,\u00a0Nummer 1)<\/li>\n<li>Durch unfreiwilligen Erwerb einer <u>anderen Staatsb\u00fcrgerschaft<\/u> mit anschliessender <strong>Aufgabe<\/strong> der italienischen Staatsb\u00fcrgerschaft und <u>Wahl des eigenen Wohnsitzes im Ausland<\/u> (Gesetz 555\/1912, Art.\u00a08, Nummer 2);<\/li>\n<li>Verlust der Staatsb\u00fcrgerschaft als minderj\u00e4hriges Kind eines Elternteils, mit dem es den Wohnsitz teilte, und der selbst die italienische Staatsb\u00fcrgerschaft verloren hat, und damit Erwerb der Staatsb\u00fcrgerschaft eines ausl\u00e4ndischen Staates (Gesetz\u00a0555\/1912, Art.\u00a012).<\/li>\n<\/ul>\n<\/li>\n<li>Die Erkl\u00e4rung zum Wiedererwerb der Staatsb\u00fcrgerschaft kann <strong>vom 1. Juli 2025 bis zum 31.\u00a0Dezember 2027 <\/strong>\u00a0<u>pers\u00f6nlich<\/u> vor der Leiterin oder dem Leiter des Konsulats oder einem zust\u00e4ndigen Mitarbeitenden abgegeben werden. Zeugen sind nicht erforderlich. Ab dem Tag nach Abgabe der Erkl\u00e4rung erwirbt die betreffende Person erneut die italienische Staatsb\u00fcrgerschaft. Die <strong><u>Erkl\u00e4rung \u00fcber den Wiedererwerb hat KEINE r\u00fcckwirkende G\u00fcltigkeit.<\/u><\/strong><\/li>\n<\/ul>\n<p>Bei Abgabe der Erkl\u00e4rung ist eine konsularische Geb\u00fchr von 250 EUR (zahlbar in CHF zum tagesaktuellen Konsulatskurs) zu entrichten.<\/p>\n<p><strong><u>Vor<\/u><\/strong> Abgabe der Erkl\u00e4rung sind folgende Unterlagen einzureichen:<\/p>\n<ul>\n<li><u>G\u00fcltiges Ausweisdokument, ausgestellt durch das Land der aktuellen Staatsb\u00fcrgerschaft<\/u> (auch am Tag der Erkl\u00e4rungsabgabe vorzulegen)<\/li>\n<li>Geburtsurkunde, <strong>beglaubigt\/\u00fcberbeglaubigt (Apostille)<\/strong> und mit beglaubigter <strong>\u00dcbersetzung<\/strong><\/li>\n<li><strong><u>F\u00fcr im Ausland Geborene:<\/u><\/strong> <u>historische Wohnsitzbest\u00e4tigung in Italien<\/u> \u00fcber mindestens zwei Jahre ununterbrochener Aufenthalt<\/li>\n<li><u>Historischer Nachweis der Staatsb\u00fcrgerschaft,<\/u> um den aktuellen Besitz der italienischen Staatsb\u00fcrgerschaft zu belegen<\/li>\n<li>Die Ursache f\u00fcr den Verlust der Staatsb\u00fcrgerschaft muss <u>durch Unterlagen<\/u> nachgewiesen werden (durch Dokumente, die den Erwerb der ausl\u00e4ndischen Staatsb\u00fcrgerschaft belegen und \u2013 in den vorgesehenen F\u00e4llen \u2013 die <strong><u>Aufgabe der italienischen Staatsb\u00fcrgerschaft<\/u><\/strong>: etwa durch einen Einb\u00fcrgerungsnachweis oder, sofern dies der \u00f6rtlichen Praxis entspricht, durch eine Geburtsurkunde mit beigef\u00fcgtem Nachweis der Staatsb\u00fcrgerschaft und des Erwerbsgrundes; <strong><u>die von ausl\u00e4ndischen Beh\u00f6rden ausgestellten Unterlagen m\u00fcssen ordnungsgem\u00e4ss beglaubigt und \u00fcbersetzt werden).<\/u><\/strong><\/li>\n<\/ul>\n<p>Der Wiedererwerb der Staatsb\u00fcrgerschaft durch eine im Ausland lebende Person f\u00fchrt nicht mehr automatisch zum Erwerb der Staatsb\u00fcrgerschaft durch das mit ihr zusammenlebende minderj\u00e4hrige Kind, sofern dieses ebenfalls im Ausland lebt. F\u00fcr diesen Erwerb (sogenannte <em>iuris communicatione<\/em>) ist es nun erforderlich, dass das minderj\u00e4hrige Kind<strong><u> mindestens zwei Jahre vor dem Wiedererwerb der Staatsb\u00fcrgerschaft<\/u><\/strong> zusammen mit dem Elternteil, der die Staatsangeh\u00f6rigkeit wiedererwirbt, in <u>Italien gelebt hat<\/u>.<\/p>\n","protected":false},"excerpt":{"rendered":"Das Gesetz Nr. 74 vom 23.05.2025 hat die Fristen f\u00fcr den Wiedererwerb der italienischen Staatsb\u00fcrgerschaft zugunsten ehemaliger Staatsb\u00fcrgerinnen oder Staatsb\u00fcrger in folgenden F\u00e4llen erneut ge\u00f6ffnet: Die antragstellende Person muss in Italien geboren sein oder mindestens zwei Jahre ununterbrochen in Italien ans\u00e4ssig gewesen sein. (Gesetz\u00a091\/1992, Art. 17) Die antragstellende Person hat die italienische Staatsb\u00fcrgerschaft VOR dem [&hellip;]","protected":false},"author":4,"featured_media":0,"parent":2381,"menu_order":5,"comment_status":"closed","ping_status":"closed","template":"","meta":{"footnotes":""},"class_list":["post-4577","page","type-page","status-publish","hentry"],"_links":{"self":[{"href":"https:\/\/consbasilea.esteri.it\/de\/wp-json\/wp\/v2\/pages\/4577","targetHints":{"allow":["GET"]}}],"collection":[{"href":"https:\/\/consbasilea.esteri.it\/de\/wp-json\/wp\/v2\/pages"}],"about":[{"href":"https:\/\/consbasilea.esteri.it\/de\/wp-json\/wp\/v2\/types\/page"}],"author":[{"embeddable":true,"href":"https:\/\/consbasilea.esteri.it\/de\/wp-json\/wp\/v2\/users\/4"}],"replies":[{"embeddable":true,"href":"https:\/\/consbasilea.esteri.it\/de\/wp-json\/wp\/v2\/comments?post=4577"}],"version-history":[{"count":1,"href":"https:\/\/consbasilea.esteri.it\/de\/wp-json\/wp\/v2\/pages\/4577\/revisions"}],"predecessor-version":[{"id":4580,"href":"https:\/\/consbasilea.esteri.it\/de\/wp-json\/wp\/v2\/pages\/4577\/revisions\/4580"}],"up":[{"embeddable":true,"href":"https:\/\/consbasilea.esteri.it\/de\/wp-json\/wp\/v2\/pages\/2381"}],"wp:attachment":[{"href":"https:\/\/consbasilea.esteri.it\/de\/wp-json\/wp\/v2\/media?parent=4577"}],"curies":[{"name":"wp","href":"https:\/\/api.w.org\/{rel}","templated":true}]}}