{"id":4574,"date":"2025-06-24T15:56:36","date_gmt":"2025-06-24T13:56:36","guid":{"rendered":"https:\/\/consbasilea.esteri.it\/?page_id=4574"},"modified":"2025-08-05T12:41:59","modified_gmt":"2025-08-05T10:41:59","slug":"staatsbuergerschaft-durch-abstammung-iure-sanguinis","status":"publish","type":"page","link":"https:\/\/consbasilea.esteri.it\/de\/servizi-consolari\/servizi-per-il-cittadino-straniero\/staatsbuergerschaft\/staatsbuergerschaft-durch-abstammung-iure-sanguinis\/","title":{"rendered":"Staatsb\u00fcrgerschaft durch Abstammung (iure sanguinis)"},"content":{"rendered":"<p><strong>STAATSB\u00dcRGERSCHAFT F\u00dcR IM AUSLAND GEBORENE PERSONEN<\/strong><\/p>\n<p>Das Gesetzesdekret Nr. 36 vom 28. M\u00e4rz 2025 wurde mit \u00c4nderungen in das <strong>Gesetz Nr. 74 vom 23. Mai 2025<\/strong> umgewandelt und trat am 24. Mai 2025 in Kraft.<\/p>\n<p>Das Umwandlungsgesetz reformiert das Gesetz Nr. 91 vom 5. Februar 1992, der neue vollst\u00e4ndige Wortlaut ist unter folgendem <a href=\"https:\/\/www.normattiva.it\/uri-res\/N2Ls?urn:nir:stato:legge:2025;74\">Link<\/a> verf\u00fcgbar<\/p>\n<p>Die neuen gesetzlichen Bestimmungen, insbesondere Art. 3-bis des Gesetzes 91\/1992, verhindern grunds\u00e4tzlich die automatische \u00dcbertragung der italienischen Staatsb\u00fcrgerschaft <em>(status civitatis)<\/em> auf Personen, die<\/p>\n<ul>\n<li>im Ausland geboren sind, auch vor dem Inkrafttreten der neuen Bestimmungen, und <strong>eine andere Staatsb\u00fcrgerschaft besitzen<\/strong> (Gesetz 91\/1992, Art. 3-bis, Absatz 1)<\/li>\n<\/ul>\n<p>Es bestehen jedoch <strong>f\u00fcnf Ausnahmef\u00e4lle<\/strong> (eingef\u00fchrt durch Gesetz 91\/1992, Art. 3-bis), in denen auch Personen, die im Ausland geboren sind und\/oder eine andere Staatsb\u00fcrgerschaft besitzen, als italienische Staatsb\u00fcrgerinnen und Staatsb\u00fcrger anerkannt werden k\u00f6nnen:<\/p>\n<ol>\n<li>Die italienische Staatsb\u00fcrgerschaft der betroffenen Person wird unter Einhaltung der am 27. M\u00e4rz 2025 geltenden Vorschriften durch Verwaltungsakt anerkannt, wenn der Antrag mit den <strong>erforderlichen Unterlagen<\/strong> bis sp\u00e4testens 27. M\u00e4rz 2025 um 23:59 Uhr Ortszeit Rom beim Konsulat eingeht <em>(Gesetz 91\/1992, Art. 3-bis, Absatz 1, Buchstabe a)<\/em>.<\/li>\n<li>Die italienische Staatsb\u00fcrgerschaft der betroffenen Person wird unter Einhaltung der am 27. M\u00e4rz 2025 geltenden Vorschriften durch Verwaltungsakt anerkannt, wenn der Antrag <strong>mit den erforderlichen Unterlagen<\/strong> am Tag eines zuvor mit dem Konsulat vereinbarten Termins und sp\u00e4testens bis zum 27. M\u00e4rz 2025 um 23:59 Uhr (Ortszeit Rom) beim Konsulat eingereicht wird <em>(Gesetz 91\/1992, 3-bis, Absatz 1, Buchstabe a-bis)<\/em>.<\/li>\n<li>Der Status der Staatsb\u00fcrgerschaft wird unter Einhaltung der am 27. M\u00e4rz 2025 geltenden Vorschriften <strong>durch Gerichtsbeschluss festgestellt<\/strong>, wenn der Antrag bis zum 27. M\u00e4rz 2025 um 23:59 (Ortszeit Rom) beim Konsulat eingereicht wurde <em>(Gesetz 91\/1992, Art. 3-bis, Absatz 1, Buchstabe b)<\/em>.<\/li>\n<li>Ein Eltern- oder Grosselternteil (m\u00fctterlicher- oder v\u00e4terlicherseits, inkl. Adoptiveltern) besitzt \u2013 oder besass zum Todeszeitpunkt \u2013 <strong>ausschliesslich die italienische Staatsb\u00fcrgerschaft<\/strong> (<em>Gesetz 91\/1992, Art. 3-bis, Absatz 1, Buchstabe c<\/em>). Es wird darauf hingewiesen, dass in diesem Fall <u>die antragstellende Person eindeutig nachweisen<\/u> muss, dass der Eltern- oder Grosselternteil zum Zeitpunkt der Geburt der\/des Minderj\u00e4hrigen <u>ausschliesslich<\/u> die italienische Staatsb\u00fcrgerschaft besass.<\/li>\n<li>Ein Eltern- oder Adoptivelternteil war <strong>nach dem Erwerb der italienischen Staatsb\u00fcrgerschaft und vor der Geburt<\/strong> oder Adoption des Kindes <strong>mindestens zwei Jahre lang ununterbrochen<\/strong> in Italien ans\u00e4ssig. <em>(Gesetz 91\/1992, 3-bis, Buchstabe d)<\/em> Der Wohnsitz muss durch Vorlage einer von der zust\u00e4ndigen Gemeinde ausgestellten historischen Wohnsitzbest\u00e4tigung nachgewiesen werden.<\/li>\n<\/ol>\n<p>Folglich werden laut dem neuen Gesetz Nr. 91 aus 1992 folgende Personen als italienische Staatsb\u00fcrgerinnen und Staatsb\u00fcrger <em>iure sanguinis<\/em> (durch Geburt) anerkannt:<\/p>\n<ul>\n<li>Antragstellende, die zu beliebigem Zeitpunkt<strong> in Italien geboren<\/strong> sind;<\/li>\n<li>Antragstellende, die ausschliesslich die italienische Staatsb\u00fcrgerschaft besitzen, d.\u00a0h. keine andere Staatsb\u00fcrgerschaft besitzen oder besitzen k\u00f6nnen;<\/li>\n<li>Antragstellende, die einem der F\u00e4lle gem\u00e4ss Artikel 3-bis, Buchstabe a), a-bis), b), c) und d) zuzuordnen sind.<\/li>\n<\/ul>\n<p><strong>ERWERB DER STAATSB\u00dcRGERSCHAFT DURCH MINDERJ\u00c4HRIGE KINDER, DIE MIT EINEM ELTERNTEIL ZUSAMMENLEBEN, DER NICHT SEIT GEBURT STAATSB\u00dcRGER IST<\/strong><\/p>\n<p>Das Umwandlungsgesetz Nr. 74 vom 23.05.2025 zum Gesetzesdekret Nr. 36\/2025 hat den Geltungsbereich von Artikel 14 des Gesetzes Nr. 91\/1992 neu definiert: Bislang konnte ein minderj\u00e4hriges Kind gemeinsam mit einem Elternteil, der die italienische Staatsb\u00fcrgerschaft neu erwirbt oder wiedererwirbt, ebenfalls automatisch eingeb\u00fcrgert werden <em>(iuris communicatione).<\/em><\/p>\n<p>Nach der neuen, in Art. 14 ge\u00e4nderten gesetzlichen Bestimmung gilt eine neue Frist: Um die italienische Staatsb\u00fcrgerschaft nach diesen Bedingungen zu erwerben, muss <strong>das Kind von Eltern, die nicht seit Geburt italienische Staatsangeh\u00f6rige sind, zum Zeitpunkt des Erwerbs oder Wiedererwerbs der italienischen Staatsb\u00fcrgerschaft durch den Elternteil mindestens zwei Jahre ununterbrochen rechtm\u00e4ssig in Italien ans\u00e4ssig gewesen sein<\/strong>. Ist das Kind j\u00fcnger als zwei Jahre, muss es seit seiner Geburt in Italien ans\u00e4ssig gewesen sein.<\/p>\n<ul>\n<li>Erfolgt der Erwerb oder Wiedererwerb der Staatsb\u00fcrgerschaft ab dem <strong>24. Mai 2025<\/strong>, so erwirbt oder wiedererwirbt das mit dem Elternteil zusammenlebende Kind <strong>NICHT<\/strong> automatisch die italienische Staatsb\u00fcrgerschaft, sondern muss mindestens zwei Jahre vor der Einb\u00fcrgerung des Elternteils in Italien ans\u00e4ssig gewesen sein.<\/li>\n<li>Wenn der Antrag auf Anerkennung der Staatsb\u00fcrgerschaft <em>iure communicatione<\/em> ab dem 28. M\u00e4rz 2025 eingereicht wurde, darf der Elternteil, der die Staatsb\u00fcrgerschaft \u00fcbertr\u00e4gt, ausschliesslich die italienische Staatsb\u00fcrgerschaft besitzen oder muss zwei Jahre vor der Geburt des Kindes in Italien ans\u00e4ssig gewesen sein.<\/li>\n<\/ul>\n<p>Die Feststellung des Erwerbs der Staatsb\u00fcrgerschaft durch Minderj\u00e4hrige obliegt in diesen F\u00e4llen der Wohnsitzgemeinde in Italien.<\/p>\n<p>Wir weisen B\u00fcrgerinnen und B\u00fcrger darauf hin, dass alle Dokumente im Original beim Konsulat eingereicht werden m\u00fcssen.<\/p>\n","protected":false},"excerpt":{"rendered":"STAATSB\u00dcRGERSCHAFT F\u00dcR IM AUSLAND GEBORENE PERSONEN Das Gesetzesdekret Nr. 36 vom 28. M\u00e4rz 2025 wurde mit \u00c4nderungen in das Gesetz Nr. 74 vom 23. Mai 2025 umgewandelt und trat am 24. Mai 2025 in Kraft. Das Umwandlungsgesetz reformiert das Gesetz Nr. 91 vom 5. Februar 1992, der neue vollst\u00e4ndige Wortlaut ist unter folgendem Link verf\u00fcgbar [&hellip;]","protected":false},"author":4,"featured_media":0,"parent":2381,"menu_order":4,"comment_status":"closed","ping_status":"closed","template":"","meta":{"footnotes":""},"class_list":["post-4574","page","type-page","status-publish","hentry"],"_links":{"self":[{"href":"https:\/\/consbasilea.esteri.it\/de\/wp-json\/wp\/v2\/pages\/4574","targetHints":{"allow":["GET"]}}],"collection":[{"href":"https:\/\/consbasilea.esteri.it\/de\/wp-json\/wp\/v2\/pages"}],"about":[{"href":"https:\/\/consbasilea.esteri.it\/de\/wp-json\/wp\/v2\/types\/page"}],"author":[{"embeddable":true,"href":"https:\/\/consbasilea.esteri.it\/de\/wp-json\/wp\/v2\/users\/4"}],"replies":[{"embeddable":true,"href":"https:\/\/consbasilea.esteri.it\/de\/wp-json\/wp\/v2\/comments?post=4574"}],"version-history":[{"count":1,"href":"https:\/\/consbasilea.esteri.it\/de\/wp-json\/wp\/v2\/pages\/4574\/revisions"}],"predecessor-version":[{"id":4575,"href":"https:\/\/consbasilea.esteri.it\/de\/wp-json\/wp\/v2\/pages\/4574\/revisions\/4575"}],"up":[{"embeddable":true,"href":"https:\/\/consbasilea.esteri.it\/de\/wp-json\/wp\/v2\/pages\/2381"}],"wp:attachment":[{"href":"https:\/\/consbasilea.esteri.it\/de\/wp-json\/wp\/v2\/media?parent=4574"}],"curies":[{"name":"wp","href":"https:\/\/api.w.org\/{rel}","templated":true}]}}