{"id":3782,"date":"2024-11-15T13:48:20","date_gmt":"2024-11-15T11:48:20","guid":{"rendered":"https:\/\/consbasilea.esteri.it\/?page_id=3782"},"modified":"2024-11-15T14:58:53","modified_gmt":"2024-11-15T12:58:53","slug":"zusaetzliche-informationen","status":"publish","type":"page","link":"https:\/\/consbasilea.esteri.it\/de\/servizi-consolari\/servizi-per-il-cittadino-italiano\/2217-2\/zusaetzliche-informationen\/","title":{"rendered":"Zus\u00e4tzliche Informationen"},"content":{"rendered":"<p>Es wird empfohlen, zu \u00fcberpr\u00fcfen<\/p>\n<ul>\n<li>dass Sie in diesem <b><strong>Konsularbezirk<\/strong><\/b> registriert sind (Kantone: Basel-Stadt, Basel-Landschaft, Aargau, Solothurn und Jura);<\/li>\n<li>dass Sie bei <b><strong>AIRE<\/strong><\/b> (Anagrafe dei Cittadini Italiani residenti all&#8217;Estero) registriert sind;<\/li>\n<li>dass ihr <b><strong>Zivilstand<\/strong><\/b> (Vor- und Nachname, Geburtsort und -datum) und ihr <b><strong>Familienstand<\/strong><\/b> (Heirat, Scheidung usw.) korrekt und aktuell sind;<\/li>\n<li>bei im <strong>Ausland geborenen italienischen B\u00fcrgerinnen und B\u00fcrgern<\/strong> ist die Geburtsurkunde vorab zwingend in das Zivilstandsregister der zust\u00e4ndigen Gemeinde zu \u00fcbertragen, damit die \u00fcbertragenen Angaben auf der CIE wiedergegeben werden k\u00f6nnen.<\/li>\n<\/ul>\n<p>Hinweis: F\u00fcr italienische B\u00fcrgerinnen und B\u00fcrger, die erst seit kurzem im A.I.R.E. erfasst sind, und im Ausland geborene Kinder kann der Antrag auf eine CIE erst nach Erfassung der Daten im Identit\u00e4tskartenprogramm der zust\u00e4ndigen italienischen Gemeinde erfolgen.<\/p>\n<p>&nbsp;<\/p>\n<p><strong>DIGITALE FINGERABDR\u00dcCKE UND UNTERSCHRIFT<\/strong><\/p>\n<p>Gem\u00e4ss den Vorschriften f\u00fcr elektronische Identit\u00e4tskarten <strong>haben B\u00fcrgerinnen und B\u00fcrger im Alter von \u00fcber 12 Jahren die Identit\u00e4tskarte mit ihren digitalen Fingerabdr\u00fccken und ihrer digitalen Unterschrift zu versehen<\/strong>. Diese Vorschrift gilt nicht f\u00fcr Minderj\u00e4hrige im Alter von weniger als 12 Jahren; diese sind jedoch in jedem Fall durch die Konsularbeamtin bzw. den Konsularbeamten zu identifizieren.<\/p>\n","protected":false},"excerpt":{"rendered":"Es wird empfohlen, zu \u00fcberpr\u00fcfen dass Sie in diesem Konsularbezirk registriert sind (Kantone: Basel-Stadt, Basel-Landschaft, Aargau, Solothurn und Jura); dass Sie bei AIRE (Anagrafe dei Cittadini Italiani residenti all&#8217;Estero) registriert sind; dass ihr Zivilstand (Vor- und Nachname, Geburtsort und -datum) und ihr Familienstand (Heirat, Scheidung usw.) korrekt und aktuell sind; bei im Ausland geborenen italienischen [&hellip;]","protected":false},"author":4,"featured_media":0,"parent":2217,"menu_order":5,"comment_status":"closed","ping_status":"closed","template":"","meta":{"footnotes":""},"class_list":["post-3782","page","type-page","status-publish","hentry"],"_links":{"self":[{"href":"https:\/\/consbasilea.esteri.it\/de\/wp-json\/wp\/v2\/pages\/3782","targetHints":{"allow":["GET"]}}],"collection":[{"href":"https:\/\/consbasilea.esteri.it\/de\/wp-json\/wp\/v2\/pages"}],"about":[{"href":"https:\/\/consbasilea.esteri.it\/de\/wp-json\/wp\/v2\/types\/page"}],"author":[{"embeddable":true,"href":"https:\/\/consbasilea.esteri.it\/de\/wp-json\/wp\/v2\/users\/4"}],"replies":[{"embeddable":true,"href":"https:\/\/consbasilea.esteri.it\/de\/wp-json\/wp\/v2\/comments?post=3782"}],"version-history":[{"count":1,"href":"https:\/\/consbasilea.esteri.it\/de\/wp-json\/wp\/v2\/pages\/3782\/revisions"}],"predecessor-version":[{"id":3783,"href":"https:\/\/consbasilea.esteri.it\/de\/wp-json\/wp\/v2\/pages\/3782\/revisions\/3783"}],"up":[{"embeddable":true,"href":"https:\/\/consbasilea.esteri.it\/de\/wp-json\/wp\/v2\/pages\/2217"}],"wp:attachment":[{"href":"https:\/\/consbasilea.esteri.it\/de\/wp-json\/wp\/v2\/media?parent=3782"}],"curies":[{"name":"wp","href":"https:\/\/api.w.org\/{rel}","templated":true}]}}