{"id":3778,"date":"2024-11-15T13:56:16","date_gmt":"2024-11-15T11:56:16","guid":{"rendered":"https:\/\/consbasilea.esteri.it\/?page_id=3778"},"modified":"2024-11-15T14:51:12","modified_gmt":"2024-11-15T12:51:12","slug":"ausstellung-einer-identitaetskarte-fuer-personen-die-unter-vormundschaftsmassnahmen-oder-allgemeiner-beistandschaft-stehen-sowie-fuer-personen-mit-dauerhafter-reisebehinderung","status":"publish","type":"page","link":"https:\/\/consbasilea.esteri.it\/de\/servizi-consolari\/servizi-per-il-cittadino-italiano\/2217-2\/ausstellung-einer-identitaetskarte-fuer-personen-die-unter-vormundschaftsmassnahmen-oder-allgemeiner-beistandschaft-stehen-sowie-fuer-personen-mit-dauerhafter-reisebehinderung\/","title":{"rendered":"Ausstellung einer Identit\u00e4tskarte f\u00fcr Personen, die unter Vormundschaftsmassnahmen oder allgemeiner Beistandschaft stehen, sowie f\u00fcr Personen mit dauerhafter Reisebehinderung."},"content":{"rendered":"<p><strong>AUSSTELLUNG EINER IDENTIT\u00c4TSKARTE F\u00dcR PERSONEN UNTER VORMUNDSCHAFTSMASSNAHMEN ODER ALLGEMEINER BEISTANDSCHAFT<\/strong><\/p>\n<p>Falls der Antrag durch eine Person unter Vormundschaftsmassnahmen oder allgemeiner Beistandschaft gestellt wird, kann die Vormundin bzw. der Vormund eine Mail an die Adresse ci_conbasi@esteri.it mit folgendem Betreff schreiben: Vormundschaft \/ Allgemeine Beistandschaft (Nachname) (Vorname) (Geburtsdatum) der betreffenden Person. Bitte geben Sie in der E-Mail auch eine Telefonnummer an, unter der die Vormundin bzw. der Vormund kontaktiert werden kann.<\/p>\n<p><strong>AUSSTELLUNG EINER IDENTIT\u00c4TSKARTE F\u00dcR PERSONEN MIT DAUERHAFTER REISEBEHINDERUNG<\/strong><\/p>\n<p>Die Erfassung biometrischer Daten, insbesondere der Fingerabdr\u00fccke, ist eine wesentliche Voraussetzung f\u00fcr die Ausstellung einer italienischen Identit\u00e4tskarte.<br \/>\nDie einzige vorgesehene Ausnahme ist ein medizinischer Zustand einer\u00a0<strong>dauerhaften Behinderung<\/strong>, der Reisen in keiner Weise zul\u00e4sst. Dabei wird betont, dass die Reisebehinderung\u00a0<strong>dauerhaft<\/strong>\u00a0und nicht vor\u00fcbergehend sein muss.<\/p>\n<p>Das Identit\u00e4tskarteb\u00fcro (ci_conbasi@esteri.it) wird den betroffenen Personen die erforderlichen Unterlagen und die Modalit\u00e4ten f\u00fcr deren \u00dcbermittlung mitteilen.<\/p>\n","protected":false},"excerpt":{"rendered":"AUSSTELLUNG EINER IDENTIT\u00c4TSKARTE F\u00dcR PERSONEN UNTER VORMUNDSCHAFTSMASSNAHMEN ODER ALLGEMEINER BEISTANDSCHAFT Falls der Antrag durch eine Person unter Vormundschaftsmassnahmen oder allgemeiner Beistandschaft gestellt wird, kann die Vormundin bzw. der Vormund eine Mail an die Adresse ci_conbasi@esteri.it mit folgendem Betreff schreiben: Vormundschaft \/ Allgemeine Beistandschaft (Nachname) (Vorname) (Geburtsdatum) der betreffenden Person. Bitte geben Sie in der E-Mail [&hellip;]","protected":false},"author":4,"featured_media":0,"parent":2217,"menu_order":3,"comment_status":"closed","ping_status":"closed","template":"","meta":{"footnotes":""},"class_list":["post-3778","page","type-page","status-publish","hentry"],"_links":{"self":[{"href":"https:\/\/consbasilea.esteri.it\/de\/wp-json\/wp\/v2\/pages\/3778","targetHints":{"allow":["GET"]}}],"collection":[{"href":"https:\/\/consbasilea.esteri.it\/de\/wp-json\/wp\/v2\/pages"}],"about":[{"href":"https:\/\/consbasilea.esteri.it\/de\/wp-json\/wp\/v2\/types\/page"}],"author":[{"embeddable":true,"href":"https:\/\/consbasilea.esteri.it\/de\/wp-json\/wp\/v2\/users\/4"}],"replies":[{"embeddable":true,"href":"https:\/\/consbasilea.esteri.it\/de\/wp-json\/wp\/v2\/comments?post=3778"}],"version-history":[{"count":1,"href":"https:\/\/consbasilea.esteri.it\/de\/wp-json\/wp\/v2\/pages\/3778\/revisions"}],"predecessor-version":[{"id":3781,"href":"https:\/\/consbasilea.esteri.it\/de\/wp-json\/wp\/v2\/pages\/3778\/revisions\/3781"}],"up":[{"embeddable":true,"href":"https:\/\/consbasilea.esteri.it\/de\/wp-json\/wp\/v2\/pages\/2217"}],"wp:attachment":[{"href":"https:\/\/consbasilea.esteri.it\/de\/wp-json\/wp\/v2\/media?parent=3778"}],"curies":[{"name":"wp","href":"https:\/\/api.w.org\/{rel}","templated":true}]}}