{"id":3773,"date":"2024-11-15T13:46:47","date_gmt":"2024-11-15T11:46:47","guid":{"rendered":"https:\/\/consbasilea.esteri.it\/?page_id=3773"},"modified":"2025-07-03T17:28:50","modified_gmt":"2025-07-03T15:28:50","slug":"ausstellung-von-identitaetskarten-fuer-minderjaehrige","status":"publish","type":"page","link":"https:\/\/consbasilea.esteri.it\/de\/servizi-consolari\/servizi-per-il-cittadino-italiano\/2217-2\/ausstellung-von-identitaetskarten-fuer-minderjaehrige\/","title":{"rendered":"Ausstellung von Identit\u00e4tskarten f\u00fcr Minderj\u00e4hrige"},"content":{"rendered":"<p>Zur Ausstellung der Identit\u00e4tskarte F\u00dcR MINDERJ\u00c4HRIGE sind dieselben Unterlagen beizubringen wie bei Vollj\u00e4hrigen:<\/p>\n<ol>\n<li>Ein\u00a0<strong>farbiges Passfoto\u00a0<\/strong>im Format35\u00d740 mm\u00a0(nicht \u00e4lter als 6 Monate):mit weissem Hintergrund<strong>,<\/strong>\u00a0mit geschlossenem Mund, Haaren, die das Gesicht nicht bedecken und bevorzugt ohne Brille oder mit einer leichten Brillenfassung gem\u00e4ss den\u00a0Vorschriften.<\/li>\n<li>Kopie der <strong>Aufenthaltsbewilligung<\/strong> (Vorder- und R\u00fcckseite) und Kopie eines offiziellen <strong>Dokuments<\/strong> einer schweizerischen Beh\u00f6rde, aus dem die aktuelle Adresse hervorgeht (folgende Dokumente werden akzeptiert: Wohnsitzbescheinigung, Krankenversicherungspolice, Fahrzeugausweis, erste Seite der Steuererkl\u00e4rung oder Mitteilungen des Migrationsamts).<\/li>\n<li>F\u00fcr Doppelb\u00fcrger (italienisch\/schweizerisch) muss hingegen eine Kopie der <strong>Wohnsitzbescheinigung<\/strong> beigef\u00fcgt werden, die in den letzten drei Monaten ausgestellt wurde.<\/li>\n<li><strong>Bisherige Identit\u00e4tskarte<\/strong> (Papierformat oder CIE) sofern vorhanden (auch nach Ablauf). Bei Diebstahl oder Verlust einer noch g\u00fcltigen Identit\u00e4tskarte ist die entsprechende Anzeige bei der Polizei beizubringen.<\/li>\n<li><strong>Weitere italienische Ausweise<\/strong>\u00a0sofern vorhanden (Reisepass, milit\u00e4risches Ausweisdokument [Tessera AT]).<\/li>\n<\/ol>\n<p>&nbsp;<\/p>\n<p><strong>MINDERJ\u00c4HRIGE M\u00dcSSEN ZWECKS IDENTIFIKATION VORSPRECHEN<\/strong>. Nach M\u00f6glichkeit sollten beide Elternteile mit g\u00fcltigen Ausweisen (Identit\u00e4tskarte oder Reisepass) zusammen mit dem Kind den Termin wahrnehmen. Ist dies nicht m\u00f6glich, ist eine<a href=\"https:\/\/consbasilea.esteri.it\/wp-content\/uploads\/2023\/06\/2023-atto_assenso_emissione_passaporto_minorenne.pdf\"><strong>\u00a0Einverst\u00e4ndniserkl\u00e4rung<\/strong><\/a>\u00a0des verhinderten Elternteils erforderlich.<\/p>\n<ul>\n<li>Wenn es sich bei dem verhinderten Elternteil um eine B\u00fcrgerin oder einen B\u00fcrger eines EU-Mitgliedsstaats handelt, ist die Einverst\u00e4ndniserkl\u00e4rung durch sie oder ihn zu unterzeichnen und zusammen mit der Kopie eines g\u00fcltigen Ausweises (Reisepass oder Identit\u00e4tskarte) vorzulegen<\/li>\n<li>Wenn es sich bei dem verhinderten Elternteil NICHT um eine B\u00fcrgerin oder einen B\u00fcrger eines EU-Mitgliedstaats\u00a0handelt, ist ihre bzw. seine Unterschrift durch eine Schweizer Gemeindebeh\u00f6rde oder einen Notar beglaubigen zu lassen.<\/li>\n<\/ul>\n<p>Falls ein Elternteil den Antrag nicht unterzeichnen kann bzw. nicht unterzeichnen will, ist ein alternatives Verfahren einzuleiten, in dessen Rahmen das Vormundschaftsgericht beigezogen wird. Das Identit\u00e4tskarteb\u00fcro leistet allenfalls die erforderliche Unterst\u00fctzung. In diesen F\u00e4llen empfiehlt sich ein Schreiben an folgende Adresse: ci_conbasi@esteri.it<\/p>\n","protected":false},"excerpt":{"rendered":"Zur Ausstellung der Identit\u00e4tskarte F\u00dcR MINDERJ\u00c4HRIGE sind dieselben Unterlagen beizubringen wie bei Vollj\u00e4hrigen: Ein\u00a0farbiges Passfoto\u00a0im Format35\u00d740 mm\u00a0(nicht \u00e4lter als 6 Monate):mit weissem Hintergrund,\u00a0mit geschlossenem Mund, Haaren, die das Gesicht nicht bedecken und bevorzugt ohne Brille oder mit einer leichten Brillenfassung gem\u00e4ss den\u00a0Vorschriften. Kopie der Aufenthaltsbewilligung (Vorder- und R\u00fcckseite) und Kopie eines offiziellen Dokuments einer schweizerischen [&hellip;]","protected":false},"author":4,"featured_media":0,"parent":2217,"menu_order":1,"comment_status":"closed","ping_status":"closed","template":"","meta":{"footnotes":""},"class_list":["post-3773","page","type-page","status-publish","hentry"],"_links":{"self":[{"href":"https:\/\/consbasilea.esteri.it\/de\/wp-json\/wp\/v2\/pages\/3773","targetHints":{"allow":["GET"]}}],"collection":[{"href":"https:\/\/consbasilea.esteri.it\/de\/wp-json\/wp\/v2\/pages"}],"about":[{"href":"https:\/\/consbasilea.esteri.it\/de\/wp-json\/wp\/v2\/types\/page"}],"author":[{"embeddable":true,"href":"https:\/\/consbasilea.esteri.it\/de\/wp-json\/wp\/v2\/users\/4"}],"replies":[{"embeddable":true,"href":"https:\/\/consbasilea.esteri.it\/de\/wp-json\/wp\/v2\/comments?post=3773"}],"version-history":[{"count":3,"href":"https:\/\/consbasilea.esteri.it\/de\/wp-json\/wp\/v2\/pages\/3773\/revisions"}],"predecessor-version":[{"id":4564,"href":"https:\/\/consbasilea.esteri.it\/de\/wp-json\/wp\/v2\/pages\/3773\/revisions\/4564"}],"up":[{"embeddable":true,"href":"https:\/\/consbasilea.esteri.it\/de\/wp-json\/wp\/v2\/pages\/2217"}],"wp:attachment":[{"href":"https:\/\/consbasilea.esteri.it\/de\/wp-json\/wp\/v2\/media?parent=3773"}],"curies":[{"name":"wp","href":"https:\/\/api.w.org\/{rel}","templated":true}]}}