{"id":3768,"date":"2024-11-15T13:44:40","date_gmt":"2024-11-15T11:44:40","guid":{"rendered":"https:\/\/consbasilea.esteri.it\/?page_id=3768"},"modified":"2025-07-03T17:28:16","modified_gmt":"2025-07-03T15:28:16","slug":"ausstellung-von-identitaetskarten-fuer-erwachsene","status":"publish","type":"page","link":"https:\/\/consbasilea.esteri.it\/de\/servizi-consolari\/servizi-per-il-cittadino-italiano\/2217-2\/ausstellung-von-identitaetskarten-fuer-erwachsene\/","title":{"rendered":"Ausstellung von Identit\u00e4tskarten f\u00fcr Erwachsene"},"content":{"rendered":"<p>F\u00fcr die Ausstellung der Identit\u00e4tskarte m\u00fcssen Sie sich pers\u00f6nlich mit folgenden <strong>Unterlagen<\/strong> an das Konsulat wenden:<\/p>\n<ol>\n<li>Ein\u00a0<strong>farbiges Passfoto\u00a0<\/strong>im Format35\u00d740 mm\u00a0(nicht \u00e4lter als 6 Monate):mit weissem Hintergrund<strong>,<\/strong> mit geschlossenem Mund, Haaren, die das Gesicht nicht bedecken und bevorzugt ohne Brille oder mit einer leichten Brillenfassung gem\u00e4ss den\u00a0Vorschriften.<\/li>\n<li>Kopie der <strong>Aufenthaltsbewilligung<\/strong> (Vorder- und R\u00fcckseite) und Kopie eines offiziellen <strong>Dokuments<\/strong> einer schweizerischen Beh\u00f6rde, aus dem die aktuelle Adresse hervorgeht (folgende Dokumente werden akzeptiert: Wohnsitzbescheinigung, Krankenversicherungspolice, Fahrzeugausweis, erste Seite der Steuererkl\u00e4rung oder Mitteilungen des Migrationsamts).<\/li>\n<li>F\u00fcr Doppelb\u00fcrger (italienisch\/schweizerisch) muss hingegen eine Kopie der <strong>Wohnsitzbescheinigung<\/strong> beigef\u00fcgt werden, die in den letzten drei Monaten ausgestellt wurde.<\/li>\n<li><strong>Bisherige Identit\u00e4tskarte<\/strong> (Papierformat oder CIE) sofern vorhanden (auch nach Ablauf). Bei Diebstahl oder Verlust einer noch g\u00fcltigen Identit\u00e4tskarte ist die entsprechende Anzeige bei der Polizei beizubringen.<\/li>\n<li><strong>Weitere italienische Ausweise<\/strong> sofern vorhanden (Reisepass, milit\u00e4risches Ausweisdokument [Tessera AT]).<\/li>\n<\/ol>\n<p>&nbsp;<\/p>\n<p><b><strong>ELTERN MIT MINDERJ\u00c4HRIGEN KINDERN<\/strong><\/b><\/p>\n<p>B\u00fcrgerinnen und B\u00fcrger mit minderj\u00e4hrigen Kindern werden hiermit informiert, dass es seit dem 14. Juni 2023<strong>\u00a0nicht\u00a0<\/strong>l\u00e4nger<strong>\u00a0erforderlich\u00a0<\/strong>ist, eine Einverst\u00e4ndniserkl\u00e4rung des anderen Elternteils beizubringen, um ein eigenes pers\u00f6nliches Ausweisdokument (Reisepass und CIE)\u00a0im Sinne des Gesetzesdekrets 69\/2023 ausstellen zu lassen.<\/p>\n<p>Anl\u00e4sslich des Termins werden die Eltern gebeten, das entsprechende <a href=\"https:\/\/consbasilea.esteri.it\/wp-content\/uploads\/2025\/04\/Formulario-genitori-figli-minori.pdf\">Formular<\/a> auszuf\u00fcllen.<\/p>\n","protected":false},"excerpt":{"rendered":"F\u00fcr die Ausstellung der Identit\u00e4tskarte m\u00fcssen Sie sich pers\u00f6nlich mit folgenden Unterlagen an das Konsulat wenden: Ein\u00a0farbiges Passfoto\u00a0im Format35\u00d740 mm\u00a0(nicht \u00e4lter als 6 Monate):mit weissem Hintergrund, mit geschlossenem Mund, Haaren, die das Gesicht nicht bedecken und bevorzugt ohne Brille oder mit einer leichten Brillenfassung gem\u00e4ss den\u00a0Vorschriften. Kopie der Aufenthaltsbewilligung (Vorder- und R\u00fcckseite) und Kopie eines [&hellip;]","protected":false},"author":4,"featured_media":0,"parent":2217,"menu_order":0,"comment_status":"closed","ping_status":"closed","template":"","meta":{"footnotes":""},"class_list":["post-3768","page","type-page","status-publish","hentry"],"_links":{"self":[{"href":"https:\/\/consbasilea.esteri.it\/de\/wp-json\/wp\/v2\/pages\/3768","targetHints":{"allow":["GET"]}}],"collection":[{"href":"https:\/\/consbasilea.esteri.it\/de\/wp-json\/wp\/v2\/pages"}],"about":[{"href":"https:\/\/consbasilea.esteri.it\/de\/wp-json\/wp\/v2\/types\/page"}],"author":[{"embeddable":true,"href":"https:\/\/consbasilea.esteri.it\/de\/wp-json\/wp\/v2\/users\/4"}],"replies":[{"embeddable":true,"href":"https:\/\/consbasilea.esteri.it\/de\/wp-json\/wp\/v2\/comments?post=3768"}],"version-history":[{"count":4,"href":"https:\/\/consbasilea.esteri.it\/de\/wp-json\/wp\/v2\/pages\/3768\/revisions"}],"predecessor-version":[{"id":4563,"href":"https:\/\/consbasilea.esteri.it\/de\/wp-json\/wp\/v2\/pages\/3768\/revisions\/4563"}],"up":[{"embeddable":true,"href":"https:\/\/consbasilea.esteri.it\/de\/wp-json\/wp\/v2\/pages\/2217"}],"wp:attachment":[{"href":"https:\/\/consbasilea.esteri.it\/de\/wp-json\/wp\/v2\/media?parent=3768"}],"curies":[{"name":"wp","href":"https:\/\/api.w.org\/{rel}","templated":true}]}}