{"id":3604,"date":"2024-11-08T13:46:05","date_gmt":"2024-11-08T11:46:05","guid":{"rendered":"https:\/\/consbasilea.esteri.it\/?page_id=3604"},"modified":"2024-11-11T09:50:19","modified_gmt":"2024-11-11T07:50:19","slug":"zusaetzliche-informationen","status":"publish","type":"page","link":"https:\/\/consbasilea.esteri.it\/de\/servizi-consolari\/servizi-per-il-cittadino-italiano\/reisepaesse\/zusaetzliche-informationen\/","title":{"rendered":"Zus\u00e4tzliche Informationen"},"content":{"rendered":"<p>Um das Verfahren so einfach und schnell wie m\u00f6glich zu gestalten, sollten Sie sich vor Ihrem Termin vergewissern, dass Ihr Zivilstand auf dem neuesten Stand ist.<\/p>\n<p><strong><br \/>\nERM\u00c4CHTIGUNG\/VOLLMACHT<\/strong><\/p>\n<p>F\u00fcr italienische B\u00fcrgerinnen und B\u00fcrger\u00a0<strong>OHNE WOHNSITZ<\/strong>\u00a0im Konsularbezirk, die sich nachweislich in einer Notlage befinden und daher auf die Ausstellung eines Reisepasses angewiesen sind, muss das Passb\u00fcro beim zust\u00e4ndigen Konsulat bzw. dem zust\u00e4ndigen Polizeipr\u00e4sidium eine Vollmacht entsprechend dem Wohnsitz der Antragstellerin bzw. des Antragstellers einholen.\u00a0<strong>Bei einer Ablehnung oder Nichteintreffen einer Antwort kann das Passb\u00fcro dieses Konsulats keine Dokumente ausstellen.<\/strong><\/p>\n<p>Insbesondere in folgenden F\u00e4llen ist eine Erm\u00e4chtigung\/Vollmacht einer anderen diplomatisch-konsularischen Vertretung der italienischen Republik (bei Wohnsitz der Antragstellerin bzw. des Antragstellers im Ausland) bzw. des zust\u00e4ndigen Polizeipr\u00e4sidiums (bei Wohnsitz in Italien) einzuholen:<\/p>\n<p>&#8211; K\u00fcrzlich erfolgte Eintragung in das Konsularregister dieses Konsulats unter Vorbehalt berechtigter Gr\u00fcnde der Zweckm\u00e4ssigkeit;<\/p>\n<p>&#8211; Unterschiede zwischen den durch die Antragstellerin bzw. den Antragsteller angegebenen Personen- und Zivilstandsdaten und den im Konsulat oder der Gemeinde des A.I.R.E.-Eintrags hinterlegten Daten;<\/p>\n<p>&#8211; Benachrichtigung durch italienische Beh\u00f6rden.<\/p>\n<p>Alle B\u00fcrgerinnen und B\u00fcrger k\u00f6nnen in Italien einen Reisepass beantragen, indem sie sich beim zust\u00e4ndigen Polizeipr\u00e4sidium anmelden. In diesem Fall wird das Konsulat auf Verlangen des Passb\u00fcros, bei dem der Reisepassantrag eingereicht wurde, die Erm\u00e4chtigung\/Vollmacht ausstellen.<\/p>\n<p>Gem\u00e4ss den gesetzlichen Vorschriften hat diese Erm\u00e4chtigung\/Vollmacht bzw. deren Ablehnung innerhalb von h\u00f6chstens 30 Tagen zu erfolgen.<\/p>\n<p><strong>DIGITALE FINGERABDR\u00dcCKE UND UNTERSCHRIFT<\/strong><\/p>\n<p>Gem\u00e4ss den Vorschriften f\u00fcr elektronische Reisep\u00e4sse\u00a0<strong>haben B\u00fcrgerinnen und B\u00fcrger im Alter von \u00fcber 12 Jahren den Reisepass mit ihren digitalen Fingerabdr\u00fccken und ihrer digitalen Unterschrift zu versehen<\/strong>. Diese Vorschrift gilt nicht f\u00fcr Minderj\u00e4hrige im Alter von weniger als 12 Jahren; diese sind jedoch in jedem Fall durch die Konsularbeamtin bzw. den Konsularbeamten zu identifizieren.<\/p>\n","protected":false},"excerpt":{"rendered":"Um das Verfahren so einfach und schnell wie m\u00f6glich zu gestalten, sollten Sie sich vor Ihrem Termin vergewissern, dass Ihr Zivilstand auf dem neuesten Stand ist. ERM\u00c4CHTIGUNG\/VOLLMACHT F\u00fcr italienische B\u00fcrgerinnen und B\u00fcrger\u00a0OHNE WOHNSITZ\u00a0im Konsularbezirk, die sich nachweislich in einer Notlage befinden und daher auf die Ausstellung eines Reisepasses angewiesen sind, muss das Passb\u00fcro beim zust\u00e4ndigen [&hellip;]","protected":false},"author":4,"featured_media":0,"parent":2320,"menu_order":5,"comment_status":"closed","ping_status":"closed","template":"","meta":{"footnotes":""},"class_list":["post-3604","page","type-page","status-publish","hentry"],"_links":{"self":[{"href":"https:\/\/consbasilea.esteri.it\/de\/wp-json\/wp\/v2\/pages\/3604","targetHints":{"allow":["GET"]}}],"collection":[{"href":"https:\/\/consbasilea.esteri.it\/de\/wp-json\/wp\/v2\/pages"}],"about":[{"href":"https:\/\/consbasilea.esteri.it\/de\/wp-json\/wp\/v2\/types\/page"}],"author":[{"embeddable":true,"href":"https:\/\/consbasilea.esteri.it\/de\/wp-json\/wp\/v2\/users\/4"}],"replies":[{"embeddable":true,"href":"https:\/\/consbasilea.esteri.it\/de\/wp-json\/wp\/v2\/comments?post=3604"}],"version-history":[{"count":1,"href":"https:\/\/consbasilea.esteri.it\/de\/wp-json\/wp\/v2\/pages\/3604\/revisions"}],"predecessor-version":[{"id":3607,"href":"https:\/\/consbasilea.esteri.it\/de\/wp-json\/wp\/v2\/pages\/3604\/revisions\/3607"}],"up":[{"embeddable":true,"href":"https:\/\/consbasilea.esteri.it\/de\/wp-json\/wp\/v2\/pages\/2320"}],"wp:attachment":[{"href":"https:\/\/consbasilea.esteri.it\/de\/wp-json\/wp\/v2\/media?parent=3604"}],"curies":[{"name":"wp","href":"https:\/\/api.w.org\/{rel}","templated":true}]}}