{"id":3591,"date":"2024-11-08T13:42:50","date_gmt":"2024-11-08T11:42:50","guid":{"rendered":"https:\/\/consbasilea.esteri.it\/?page_id=3591"},"modified":"2024-11-08T15:06:40","modified_gmt":"2024-11-08T13:06:40","slug":"diebstahl-oder-verlust-eines-reisedokuments-etd","status":"publish","type":"page","link":"https:\/\/consbasilea.esteri.it\/de\/servizi-consolari\/servizi-per-il-cittadino-italiano\/reisepaesse\/diebstahl-oder-verlust-eines-reisedokuments-etd\/","title":{"rendered":"Diebstahl oder Verlust eines Reisedokuments  \/ ETD"},"content":{"rendered":"<p><strong>DIEBSTAHL ODER VERLUST EINES REISEDOKUMENTS<\/strong><\/p>\n<p>Bei Diebstahl oder Verlust ist\u00a0<strong>die entsprechende Anzeige bei der Polizei<\/strong>\u00a0vorzuweisen. Falls die Antragstellerin bzw. der Antragsteller nicht \u00fcber ein (italienisches oder ausl\u00e4ndisches) Ausweisdokument verf\u00fcgt, erfolgt ihre bzw. seine Identifikation mittels Aussagen zweier erwachsener Zeuginnen oder Zeugen, die ihrerseits \u00fcber g\u00fcltige Ausweise verf\u00fcgen.<\/p>\n<p><strong>EMERGENCY TRAVEL DOCUMENTS<\/strong><\/p>\n<p>Bei Diebstahl oder Verlust eines Reisedokuments kann f\u00fcr italienische B\u00fcrgerinnen und B\u00fcrger ohne Wohnsitz in der Schweiz ein\u00a0<strong>R\u00fcckkehrausweis (Emergency Travel Document, ETD)<\/strong>\u00a0ausgestellt werden, das ausschliesslich f\u00fcr die R\u00fcckreise nach Italien bzw. das Wohnsitzland gilt.<\/p>\n<p>Einzureichende Unterlagen (bitte schicken Sie einen dringenden Antrag an die Adresse <span style=\"text-decoration: underline;\">basilea.passaporti@esteri.it<\/span> und sprechen Sie anschliessend im Konsulat vor):<\/p>\n<ul>\n<li>Anzeige des Diebstahls bzw. Verlustes des Reisedokuments<\/li>\n<li>Zwei\u00a0<strong><u>farbige Passfotos<\/u><\/strong><u><strong>\u00a0im Format 35\u00d740 mm<\/strong>\u00a0<strong>(neueren Datums)<\/strong><\/u><strong>,\u00a0<\/strong>mit weissem Hintergrund<strong>,<\/strong>\u00a0geschlossenem Mund, Haaren, die das Gesicht nicht bedecken und bevorzugt ohne Brille oder mit einer leichten Brillenfassung gem\u00e4ss den\u00a0<a>Vorschriften<\/a>.<\/li>\n<li>Reisedokument.<\/li>\n<\/ul>\n","protected":false},"excerpt":{"rendered":"DIEBSTAHL ODER VERLUST EINES REISEDOKUMENTS Bei Diebstahl oder Verlust ist\u00a0die entsprechende Anzeige bei der Polizei\u00a0vorzuweisen. Falls die Antragstellerin bzw. der Antragsteller nicht \u00fcber ein (italienisches oder ausl\u00e4ndisches) Ausweisdokument verf\u00fcgt, erfolgt ihre bzw. seine Identifikation mittels Aussagen zweier erwachsener Zeuginnen oder Zeugen, die ihrerseits \u00fcber g\u00fcltige Ausweise verf\u00fcgen. EMERGENCY TRAVEL DOCUMENTS Bei Diebstahl oder Verlust eines [&hellip;]","protected":false},"author":4,"featured_media":0,"parent":2320,"menu_order":4,"comment_status":"closed","ping_status":"closed","template":"","meta":{"footnotes":""},"class_list":["post-3591","page","type-page","status-publish","hentry"],"_links":{"self":[{"href":"https:\/\/consbasilea.esteri.it\/de\/wp-json\/wp\/v2\/pages\/3591","targetHints":{"allow":["GET"]}}],"collection":[{"href":"https:\/\/consbasilea.esteri.it\/de\/wp-json\/wp\/v2\/pages"}],"about":[{"href":"https:\/\/consbasilea.esteri.it\/de\/wp-json\/wp\/v2\/types\/page"}],"author":[{"embeddable":true,"href":"https:\/\/consbasilea.esteri.it\/de\/wp-json\/wp\/v2\/users\/4"}],"replies":[{"embeddable":true,"href":"https:\/\/consbasilea.esteri.it\/de\/wp-json\/wp\/v2\/comments?post=3591"}],"version-history":[{"count":1,"href":"https:\/\/consbasilea.esteri.it\/de\/wp-json\/wp\/v2\/pages\/3591\/revisions"}],"predecessor-version":[{"id":3602,"href":"https:\/\/consbasilea.esteri.it\/de\/wp-json\/wp\/v2\/pages\/3591\/revisions\/3602"}],"up":[{"embeddable":true,"href":"https:\/\/consbasilea.esteri.it\/de\/wp-json\/wp\/v2\/pages\/2320"}],"wp:attachment":[{"href":"https:\/\/consbasilea.esteri.it\/de\/wp-json\/wp\/v2\/media?parent=3591"}],"curies":[{"name":"wp","href":"https:\/\/api.w.org\/{rel}","templated":true}]}}