{"id":3589,"date":"2024-11-08T13:39:35","date_gmt":"2024-11-08T11:39:35","guid":{"rendered":"https:\/\/consbasilea.esteri.it\/?page_id=3589"},"modified":"2024-11-08T14:59:20","modified_gmt":"2024-11-08T12:59:20","slug":"ausstellung-eines-zweitpasses","status":"publish","type":"page","link":"https:\/\/consbasilea.esteri.it\/de\/servizi-consolari\/servizi-per-il-cittadino-italiano\/reisepaesse\/ausstellung-eines-zweitpasses\/","title":{"rendered":"Ausstellung eines Zweitpasses"},"content":{"rendered":"<p>Ein Zweitpass wird nur\u00a0in Ausnahmef\u00e4llen\u00a0und ausschliesslich\u00a0f\u00fcr B\u00fcrgerinnen und B\u00fcrger ausgestellt, die ins Ausland reisen und aus besonderen und nachweislichen Gr\u00fcnden internationaler Natur zwei getrennte Reisep\u00e4sse ben\u00f6tigen, um in bestimmte Staaten einzureisen und sich dort aufzuhalten.<\/p>\n<p>Am Termin sind dieselben Unterlagen vorzulegen wie bei Antr\u00e4gen auf Reisep\u00e4sse f\u00fcr vollj\u00e4hrige Personen.<\/p>\n<p>Vorab per E-Mail an die Adresse\u00a0<a href=\"mailto:basilea.passaporti@esteri.it\">basilea.passaporti@esteri.it<\/a>\u00a0einzureichende Unterlagen:<\/p>\n<ul>\n<li><a href=\"https:\/\/consbasilea.esteri.it\/wp-content\/uploads\/2023\/06\/istanza_secondo_passaporto.pdf\">Antrag auf einen Zweitpass<\/a>;<\/li>\n<li>Erkl\u00e4rung des Arbeitgebers zur Bef\u00fcrwortung des Antrags.<\/li>\n<\/ul>\n","protected":false},"excerpt":{"rendered":"Ein Zweitpass wird nur\u00a0in Ausnahmef\u00e4llen\u00a0und ausschliesslich\u00a0f\u00fcr B\u00fcrgerinnen und B\u00fcrger ausgestellt, die ins Ausland reisen und aus besonderen und nachweislichen Gr\u00fcnden internationaler Natur zwei getrennte Reisep\u00e4sse ben\u00f6tigen, um in bestimmte Staaten einzureisen und sich dort aufzuhalten. Am Termin sind dieselben Unterlagen vorzulegen wie bei Antr\u00e4gen auf Reisep\u00e4sse f\u00fcr vollj\u00e4hrige Personen. Vorab per E-Mail an die Adresse\u00a0basilea.passaporti@esteri.it\u00a0einzureichende [&hellip;]","protected":false},"author":4,"featured_media":0,"parent":2320,"menu_order":4,"comment_status":"closed","ping_status":"closed","template":"","meta":{"footnotes":""},"class_list":["post-3589","page","type-page","status-publish","hentry"],"_links":{"self":[{"href":"https:\/\/consbasilea.esteri.it\/de\/wp-json\/wp\/v2\/pages\/3589","targetHints":{"allow":["GET"]}}],"collection":[{"href":"https:\/\/consbasilea.esteri.it\/de\/wp-json\/wp\/v2\/pages"}],"about":[{"href":"https:\/\/consbasilea.esteri.it\/de\/wp-json\/wp\/v2\/types\/page"}],"author":[{"embeddable":true,"href":"https:\/\/consbasilea.esteri.it\/de\/wp-json\/wp\/v2\/users\/4"}],"replies":[{"embeddable":true,"href":"https:\/\/consbasilea.esteri.it\/de\/wp-json\/wp\/v2\/comments?post=3589"}],"version-history":[{"count":1,"href":"https:\/\/consbasilea.esteri.it\/de\/wp-json\/wp\/v2\/pages\/3589\/revisions"}],"predecessor-version":[{"id":3590,"href":"https:\/\/consbasilea.esteri.it\/de\/wp-json\/wp\/v2\/pages\/3589\/revisions\/3590"}],"up":[{"embeddable":true,"href":"https:\/\/consbasilea.esteri.it\/de\/wp-json\/wp\/v2\/pages\/2320"}],"wp:attachment":[{"href":"https:\/\/consbasilea.esteri.it\/de\/wp-json\/wp\/v2\/media?parent=3589"}],"curies":[{"name":"wp","href":"https:\/\/api.w.org\/{rel}","templated":true}]}}