{"id":3585,"date":"2024-11-08T13:38:04","date_gmt":"2024-11-08T11:38:04","guid":{"rendered":"https:\/\/consbasilea.esteri.it\/?page_id=3585"},"modified":"2024-11-15T09:50:11","modified_gmt":"2024-11-15T07:50:11","slug":"ausstellung-eines-passes-fuer-personen-die-unter-vormundschaftsmassnahmen-oder-allgemeiner-beistandschaft-stehen-sowie-fuer-personen-mit-dauerhafter-reisebehinderung","status":"publish","type":"page","link":"https:\/\/consbasilea.esteri.it\/de\/servizi-consolari\/servizi-per-il-cittadino-italiano\/reisepaesse\/ausstellung-eines-passes-fuer-personen-die-unter-vormundschaftsmassnahmen-oder-allgemeiner-beistandschaft-stehen-sowie-fuer-personen-mit-dauerhafter-reisebehinderung\/","title":{"rendered":"Ausstellung eines Passes f\u00fcr Personen, die unter Vormundschaftsmassnahmen oder allgemeiner Beistandschaft stehen, sowie f\u00fcr Personen mit dauerhafter Reisebehinderung."},"content":{"rendered":"<p><strong>AUSSTELLUNG EINES PASSES F\u00dcR PERSONEN UNTER VORMUNDSCHAFTSMASSNAHMEN ODER ALLGEMEINER BEISTANDSCHAFT<\/strong><\/p>\n<p>Falls der Antrag durch eine Person unter Vormundschaftsmassnahmen oder allgemeiner Beistandschaft gestellt wird, kann die Vormundin bzw. der Vormund eine Mail an die Adresse basilea.passaporti@esteri.it mit folgendem Betreff schreiben: Vormundschaft \/ Allgemeine Beistandschaft (Nachname) (Vorname) (Geburtsdatum) der betreffenden Person. Bitte geben Sie in der E-Mail auch eine Telefonnummer an, unter der die Vormundin bzw. der Vormund kontaktiert werden kann.<\/p>\n<p><strong>AUSSTELLUNG EINES PASSES F\u00dcR PERSONEN MIT DAUERHAFTER REISEBEHINDERUNG<\/strong><\/p>\n<p>Die Erfassung biometrischer Daten, insbesondere der Fingerabdr\u00fccke, ist eine wesentliche Voraussetzung f\u00fcr die Ausstellung eines italienischen Passes.<br \/>\nDie einzige vorgesehene Ausnahme ist ein medizinischer Zustand einer <strong>dauerhaften Behinderung<\/strong>, der Reisen in keiner Weise zul\u00e4sst. Dabei wird betont, dass die Reisebehinderung <strong>dauerhaft<\/strong> und nicht vor\u00fcbergehend sein muss.<\/p>\n<p>Das Passb\u00fcro <a href=\"mailto:basilea.passaporti@esteri.it\">(basilea.passaporti@esteri.it)<\/a> wird den betroffenen Personen die erforderlichen Unterlagen und die Modalit\u00e4ten f\u00fcr deren \u00dcbermittlung mitteilen.<\/p>\n","protected":false},"excerpt":{"rendered":"AUSSTELLUNG EINES PASSES F\u00dcR PERSONEN UNTER VORMUNDSCHAFTSMASSNAHMEN ODER ALLGEMEINER BEISTANDSCHAFT Falls der Antrag durch eine Person unter Vormundschaftsmassnahmen oder allgemeiner Beistandschaft gestellt wird, kann die Vormundin bzw. der Vormund eine Mail an die Adresse basilea.passaporti@esteri.it mit folgendem Betreff schreiben: Vormundschaft \/ Allgemeine Beistandschaft (Nachname) (Vorname) (Geburtsdatum) der betreffenden Person. Bitte geben Sie in der E-Mail [&hellip;]","protected":false},"author":4,"featured_media":0,"parent":2320,"menu_order":3,"comment_status":"closed","ping_status":"closed","template":"","meta":{"footnotes":""},"class_list":["post-3585","page","type-page","status-publish","hentry"],"_links":{"self":[{"href":"https:\/\/consbasilea.esteri.it\/de\/wp-json\/wp\/v2\/pages\/3585","targetHints":{"allow":["GET"]}}],"collection":[{"href":"https:\/\/consbasilea.esteri.it\/de\/wp-json\/wp\/v2\/pages"}],"about":[{"href":"https:\/\/consbasilea.esteri.it\/de\/wp-json\/wp\/v2\/types\/page"}],"author":[{"embeddable":true,"href":"https:\/\/consbasilea.esteri.it\/de\/wp-json\/wp\/v2\/users\/4"}],"replies":[{"embeddable":true,"href":"https:\/\/consbasilea.esteri.it\/de\/wp-json\/wp\/v2\/comments?post=3585"}],"version-history":[{"count":2,"href":"https:\/\/consbasilea.esteri.it\/de\/wp-json\/wp\/v2\/pages\/3585\/revisions"}],"predecessor-version":[{"id":3735,"href":"https:\/\/consbasilea.esteri.it\/de\/wp-json\/wp\/v2\/pages\/3585\/revisions\/3735"}],"up":[{"embeddable":true,"href":"https:\/\/consbasilea.esteri.it\/de\/wp-json\/wp\/v2\/pages\/2320"}],"wp:attachment":[{"href":"https:\/\/consbasilea.esteri.it\/de\/wp-json\/wp\/v2\/media?parent=3585"}],"curies":[{"name":"wp","href":"https:\/\/api.w.org\/{rel}","templated":true}]}}