{"id":3576,"date":"2024-11-08T13:35:16","date_gmt":"2024-11-08T11:35:16","guid":{"rendered":"https:\/\/consbasilea.esteri.it\/?page_id=3576"},"modified":"2025-07-03T17:27:35","modified_gmt":"2025-07-03T15:27:35","slug":"ausstellung-von-reisepaessen-fuer-minderjaehrige","status":"publish","type":"page","link":"https:\/\/consbasilea.esteri.it\/de\/servizi-consolari\/servizi-per-il-cittadino-italiano\/reisepaesse\/ausstellung-von-reisepaessen-fuer-minderjaehrige\/","title":{"rendered":"Ausstellung von Reisep\u00e4ssen f\u00fcr Minderj\u00e4hrige"},"content":{"rendered":"<p>Zur\u00a0<strong>Ausstellung eines Reisepasses F\u00dcR MINDERJ\u00c4HRIGE <\/strong>sind dieselben Unterlagen beizubringen wie bei Vollj\u00e4hrigen:<\/p>\n<ol>\n<li>Ein\u00a0<strong>farbiges Passfoto\u00a0<\/strong>im Format35\u00d740 mm\u00a0(nicht \u00e4lter als 6 Monate):mit weissem Hintergrund<strong>,<\/strong>\u00a0mit geschlossenem Mund, Haaren, die das Gesicht nicht bedecken und bevorzugt ohne Brille oder mit einer leichten Brillenfassung gem\u00e4ss den\u00a0Vorschriften.<\/li>\n<li>Kopie der <strong>Aufenthaltsbewilligung<\/strong> (Vorder- und R\u00fcckseite) und Kopie eines offiziellen <strong>Dokuments<\/strong> einer schweizerischen Beh\u00f6rde, aus dem die aktuelle Adresse hervorgeht (folgende Dokumente werden akzeptiert: Wohnsitzbescheinigung, Krankenversicherungspolice, Fahrzeugausweis, erste Seite der Steuererkl\u00e4rung oder Mitteilungen des Migrationsamts).<\/li>\n<li>F\u00fcr Doppelb\u00fcrger (italienisch\/schweizerisch) muss hingegen eine Kopie der <strong>Wohnsitzbescheinigung<\/strong> beigef\u00fcgt werden, die in den letzten drei Monaten ausgestellt wurde.<\/li>\n<li><strong>(abgelaufener\/ablaufender) Reisepass<\/strong>\u00a0bzw. g\u00fcltiger Personalausweis (Identit\u00e4tskarte), falls kein Reisepass zur Verf\u00fcgung steht.<\/li>\n<\/ol>\n<p><strong>MINDERJ\u00c4HRIGE M\u00dcSSEN ZWECKS IDENTIFIKATION VORSPRECHEN<\/strong>. Nach M\u00f6glichkeit sollten beide Elternteile mit g\u00fcltigen Ausweisen (Identit\u00e4tskarte oder Reisepass) zusammen mit dem Kind den Termin wahrnehmen. Ist dies nicht m\u00f6glich, ist eine<a href=\"https:\/\/consbasilea.esteri.it\/wp-content\/uploads\/2023\/06\/2023-atto_assenso_emissione_passaporto_minorenne.pdf\"><strong>\u00a0Einverst\u00e4ndniserkl\u00e4rung<\/strong><\/a> des verhinderten Elternteils erforderlich.<\/p>\n<ul>\n<li>Wenn es sich bei dem verhinderten Elternteil um eine B\u00fcrgerin oder einen B\u00fcrger eines EU-Mitgliedsstaats handelt, ist die Einverst\u00e4ndniserkl\u00e4rung durch sie oder ihn zu unterzeichnen und zusammen mit der Kopie eines g\u00fcltigen Ausweises (Reisepass oder Identit\u00e4tskarte) vorzulegen<\/li>\n<li>Wenn es sich bei dem verhinderten Elternteil NICHT um eine B\u00fcrgerin oder einen B\u00fcrger eines EU-Mitgliedstaats\u00a0handelt, ist ihre bzw. seine Unterschrift durch eine Schweizer Gemeindebeh\u00f6rde oder einen Notar beglaubigen zu lassen.<\/li>\n<\/ul>\n<p>Falls ein Elternteil den Antrag nicht unterzeichnen kann bzw. nicht unterzeichnen will,\u00a0ist ein alternatives Verfahren einzuleiten, in dessen Rahmen das Vormundschaftsgericht beigezogen wird. Das Passb\u00fcro leistet allenfalls die erforderliche Unterst\u00fctzung. In diesen F\u00e4llen empfiehlt sich ein Schreiben an folgende Adresse:\u00a0<a href=\"mailto:basilea.passaporti@esteri.it\">basilea.passaporti@esteri.it<\/a><\/p>\n<p><strong>BEGLEITERKL\u00c4RUNG<\/strong><\/p>\n<p>Wenn ein minderj\u00e4hriges Kind im Alter von unter 14 Jahren eine\u00a0<strong>Auslandsreise ohne Begleitung von mindestens einem Elternteil<\/strong>\u00a0antreten soll, ist eine Begleiterkl\u00e4rung einzuholen (<a href=\"https:\/\/consbasilea.esteri.it\/wp-content\/uploads\/2023\/06\/dichiarazione_accompagnamento_minori1.pdf\">Link<\/a>).<\/p>\n<p>Der betreffende Antrag kann per E-Mail an die Adresse\u00a0<a href=\"mailto:basilea.passaporti@esteri.it\">basilea.passaporti@esteri.it<\/a>\u00a0oder auf dem normalen Postweg zusammen mit dem entsprechenden Formular und Kopien der Ausweisdokumente der Eltern, des betroffenen Kindes und der Begleitperson\/en eingereicht werden.<\/p>\n<p>Die Begleiterkl\u00e4rung kann am vorab vereinbarten Termin w\u00e4hrend der \u00d6ffnungszeiten abgeholt werden oder auf Kosten der Antragsteller auf dem Postweg an die Wohnadresse zugestellt werden (in letzterem Fall ist ein frankiertes Couvert beizulegen).<\/p>\n<p>Begleiterkl\u00e4rungen gelten jeweils f\u00fcr eine einzige Reise (Hin- und R\u00fcckreise) \u00fcber die Grenzen des Wohnsitzlandes der minderj\u00e4hrigen Person.<\/p>\n<p>Falls ein Elternteil <strong>nicht B\u00fcrgerin oder B\u00fcrger Italiens<\/strong> bzw. der Europ\u00e4ischen Union ist, ist dessen Unterschrift auf dem Antrag grunds\u00e4tzlich vor der zust\u00e4ndigen Konsulatsbeamtin bzw. dem zust\u00e4ndigen Konsulatsbeamten zu leisten oder (bei Wohnsitz in der Schweiz) durch die zust\u00e4ndige Gemeinde bzw. ein anderes italienisches Konsulat bzw. (bei Wohnsitz in Italien) das zust\u00e4ndige Polizeipr\u00e4sidium oder die zust\u00e4ndige Gemeinde beglaubigen zu lassen (Unterschriftsbeglaubigung).<\/p>\n","protected":false},"excerpt":{"rendered":"Zur\u00a0Ausstellung eines Reisepasses F\u00dcR MINDERJ\u00c4HRIGE sind dieselben Unterlagen beizubringen wie bei Vollj\u00e4hrigen: Ein\u00a0farbiges Passfoto\u00a0im Format35\u00d740 mm\u00a0(nicht \u00e4lter als 6 Monate):mit weissem Hintergrund,\u00a0mit geschlossenem Mund, Haaren, die das Gesicht nicht bedecken und bevorzugt ohne Brille oder mit einer leichten Brillenfassung gem\u00e4ss den\u00a0Vorschriften. Kopie der Aufenthaltsbewilligung (Vorder- und R\u00fcckseite) und Kopie eines offiziellen Dokuments einer schweizerischen Beh\u00f6rde, [&hellip;]","protected":false},"author":4,"featured_media":0,"parent":2320,"menu_order":1,"comment_status":"closed","ping_status":"closed","template":"","meta":{"footnotes":""},"class_list":["post-3576","page","type-page","status-publish","hentry"],"_links":{"self":[{"href":"https:\/\/consbasilea.esteri.it\/de\/wp-json\/wp\/v2\/pages\/3576","targetHints":{"allow":["GET"]}}],"collection":[{"href":"https:\/\/consbasilea.esteri.it\/de\/wp-json\/wp\/v2\/pages"}],"about":[{"href":"https:\/\/consbasilea.esteri.it\/de\/wp-json\/wp\/v2\/types\/page"}],"author":[{"embeddable":true,"href":"https:\/\/consbasilea.esteri.it\/de\/wp-json\/wp\/v2\/users\/4"}],"replies":[{"embeddable":true,"href":"https:\/\/consbasilea.esteri.it\/de\/wp-json\/wp\/v2\/comments?post=3576"}],"version-history":[{"count":3,"href":"https:\/\/consbasilea.esteri.it\/de\/wp-json\/wp\/v2\/pages\/3576\/revisions"}],"predecessor-version":[{"id":4561,"href":"https:\/\/consbasilea.esteri.it\/de\/wp-json\/wp\/v2\/pages\/3576\/revisions\/4561"}],"up":[{"embeddable":true,"href":"https:\/\/consbasilea.esteri.it\/de\/wp-json\/wp\/v2\/pages\/2320"}],"wp:attachment":[{"href":"https:\/\/consbasilea.esteri.it\/de\/wp-json\/wp\/v2\/media?parent=3576"}],"curies":[{"name":"wp","href":"https:\/\/api.w.org\/{rel}","templated":true}]}}