{"id":3529,"date":"2024-11-05T11:10:17","date_gmt":"2024-11-05T09:10:17","guid":{"rendered":"https:\/\/consbasilea.esteri.it\/?page_id=3529"},"modified":"2025-01-09T15:35:22","modified_gmt":"2025-01-09T13:35:22","slug":"konsulargebuehren","status":"publish","type":"page","link":"https:\/\/consbasilea.esteri.it\/de\/servizi-consolari\/servizi-per-il-cittadino-italiano\/konsulargebuehren\/","title":{"rendered":"Konsulargeb\u00fchren"},"content":{"rendered":"<p>Die Konsulatsgeb\u00fchren \u00e4ndern sich alle drei Monate.<\/p>\n<ul>\n<li><strong>2025<\/strong>\n<ul>\n<li><a href=\"https:\/\/consbasilea.esteri.it\/wp-content\/uploads\/2025\/01\/Tabella-tariffa-consolare-I-trimestre-2025-2.pdf\">Januar-M\u00e4rz<\/a><\/li>\n<\/ul>\n<\/li>\n<\/ul>\n","protected":false},"excerpt":{"rendered":"Die Konsulatsgeb\u00fchren \u00e4ndern sich alle drei Monate. 2025 Januar-M\u00e4rz","protected":false},"author":4,"featured_media":0,"parent":2112,"menu_order":15,"comment_status":"closed","ping_status":"closed","template":"","meta":{"footnotes":""},"class_list":["post-3529","page","type-page","status-publish","hentry"],"_links":{"self":[{"href":"https:\/\/consbasilea.esteri.it\/de\/wp-json\/wp\/v2\/pages\/3529","targetHints":{"allow":["GET"]}}],"collection":[{"href":"https:\/\/consbasilea.esteri.it\/de\/wp-json\/wp\/v2\/pages"}],"about":[{"href":"https:\/\/consbasilea.esteri.it\/de\/wp-json\/wp\/v2\/types\/page"}],"author":[{"embeddable":true,"href":"https:\/\/consbasilea.esteri.it\/de\/wp-json\/wp\/v2\/users\/4"}],"replies":[{"embeddable":true,"href":"https:\/\/consbasilea.esteri.it\/de\/wp-json\/wp\/v2\/comments?post=3529"}],"version-history":[{"count":2,"href":"https:\/\/consbasilea.esteri.it\/de\/wp-json\/wp\/v2\/pages\/3529\/revisions"}],"predecessor-version":[{"id":3927,"href":"https:\/\/consbasilea.esteri.it\/de\/wp-json\/wp\/v2\/pages\/3529\/revisions\/3927"}],"up":[{"embeddable":true,"href":"https:\/\/consbasilea.esteri.it\/de\/wp-json\/wp\/v2\/pages\/2112"}],"wp:attachment":[{"href":"https:\/\/consbasilea.esteri.it\/de\/wp-json\/wp\/v2\/media?parent=3529"}],"curies":[{"name":"wp","href":"https:\/\/api.w.org\/{rel}","templated":true}]}}