{"id":3316,"date":"2024-10-03T14:11:14","date_gmt":"2024-10-03T12:11:14","guid":{"rendered":"https:\/\/consbasilea.esteri.it\/?page_id=3316"},"modified":"2024-10-07T09:05:05","modified_gmt":"2024-10-07T07:05:05","slug":"antrag-auf-schirmherrschaft","status":"publish","type":"page","link":"https:\/\/consbasilea.esteri.it\/de\/chi-siamo\/la-rete-consolare\/antrag-auf-schirmherrschaft\/","title":{"rendered":"Antrag auf Schirmherrschaft"},"content":{"rendered":"<p><strong>Das Italienische Konsulat in Basel kann seine Schirmherrschaft f\u00fcr Initiativen und Veranstaltungen kultureller, wissenschaftlicher, humanit\u00e4rer, touristischer, wirtschaftlicher, sportlicher und \u00e4hnlicher Art gew\u00e4hren.<\/strong><\/p>\n<p>Gem\u00e4ss den vom italienischen Ministerium f\u00fcr Ausw\u00e4rtige Angelegenheiten und Internationale Zusammenarbeit (MAECI) festgelegten Richtlinien zur Gew\u00e4hrung von Schirmherrschaften durch Auslandsvertretungen muss das Ereignis folgende Kriterien erf\u00fcllen, um eine Schirmherrschaft zu erhalten:<\/p>\n<ul>\n<li>Von klarer und sp\u00fcrbarer Bedeutung sein<\/li>\n<li>Innerhalb eines begrenzten und festgelegten Zeitraums stattfinden<\/li>\n<li>Nach M\u00f6glichkeit \u00fcber eine rein lokale Bedeutung hinausgehen<\/li>\n<li>Keinen gewinnorientierten Charakter haben, auch nicht indirekt<\/li>\n<\/ul>\n<p>Um die Schirmherrschaft zu beantragen, m\u00fcssen Interessierte eine Bewerbung mit den folgenden Angaben einreichen:<\/p>\n<ul>\n<li>Daten und Qualifikation der antragstellenden Person (Name, Adresse, Telefonnummer, E-Mail-Adresse, Funktion bei der F\u00f6rderung bzw. Organisation der Veranstaltung)<\/li>\n<li>Ort, Datum und detailliertes Programm der Veranstaltung, einschliesslich der Namen allf\u00e4lliger Referentinnen und Referenten, Themen der Vortr\u00e4ge sowie der Dauer des Anlasses<\/li>\n<li>Falls vorhanden, die Gew\u00e4hrung von Schirmherrschaften durch andere Ministerien oder nationale und internationale Institutionen, ordnungsgem\u00e4ss dokumentiert und dem Antrag beigef\u00fcgt<\/li>\n<\/ul>\n<p>Der Antrag ist an folgende Adresse zu senden:\u00a0<a href=\"mailto:segreteria.basilea@esteri.it\">segreteria.basilea@esteri.it<\/a><\/p>\n","protected":false},"excerpt":{"rendered":"Das Italienische Konsulat in Basel kann seine Schirmherrschaft f\u00fcr Initiativen und Veranstaltungen kultureller, wissenschaftlicher, humanit\u00e4rer, touristischer, wirtschaftlicher, sportlicher und \u00e4hnlicher Art gew\u00e4hren. Gem\u00e4ss den vom italienischen Ministerium f\u00fcr Ausw\u00e4rtige Angelegenheiten und Internationale Zusammenarbeit (MAECI) festgelegten Richtlinien zur Gew\u00e4hrung von Schirmherrschaften durch Auslandsvertretungen muss das Ereignis folgende Kriterien erf\u00fcllen, um eine Schirmherrschaft zu erhalten: Von klarer [&hellip;]","protected":false},"author":4,"featured_media":0,"parent":2094,"menu_order":2,"comment_status":"closed","ping_status":"closed","template":"","meta":{"footnotes":""},"class_list":["post-3316","page","type-page","status-publish","hentry"],"_links":{"self":[{"href":"https:\/\/consbasilea.esteri.it\/de\/wp-json\/wp\/v2\/pages\/3316","targetHints":{"allow":["GET"]}}],"collection":[{"href":"https:\/\/consbasilea.esteri.it\/de\/wp-json\/wp\/v2\/pages"}],"about":[{"href":"https:\/\/consbasilea.esteri.it\/de\/wp-json\/wp\/v2\/types\/page"}],"author":[{"embeddable":true,"href":"https:\/\/consbasilea.esteri.it\/de\/wp-json\/wp\/v2\/users\/4"}],"replies":[{"embeddable":true,"href":"https:\/\/consbasilea.esteri.it\/de\/wp-json\/wp\/v2\/comments?post=3316"}],"version-history":[{"count":1,"href":"https:\/\/consbasilea.esteri.it\/de\/wp-json\/wp\/v2\/pages\/3316\/revisions"}],"predecessor-version":[{"id":3317,"href":"https:\/\/consbasilea.esteri.it\/de\/wp-json\/wp\/v2\/pages\/3316\/revisions\/3317"}],"up":[{"embeddable":true,"href":"https:\/\/consbasilea.esteri.it\/de\/wp-json\/wp\/v2\/pages\/2094"}],"wp:attachment":[{"href":"https:\/\/consbasilea.esteri.it\/de\/wp-json\/wp\/v2\/media?parent=3316"}],"curies":[{"name":"wp","href":"https:\/\/api.w.org\/{rel}","templated":true}]}}