{"id":2381,"date":"2023-04-03T19:30:58","date_gmt":"2023-04-03T17:30:58","guid":{"rendered":"https:\/\/consbasilea.esteri.it\/?page_id=2381"},"modified":"2025-08-05T14:10:00","modified_gmt":"2025-08-05T12:10:00","slug":"staatsbuergerschaft","status":"publish","type":"page","link":"https:\/\/consbasilea.esteri.it\/de\/servizi-consolari\/servizi-per-il-cittadino-straniero\/staatsbuergerschaft\/","title":{"rendered":"Staatsb\u00fcrgerschaft"},"content":{"rendered":"<p>Informationen zu den verschiedenen M\u00f6glichkeiten, die italienische Staatsb\u00fcrgerschaft zu erwerben, finden Sie auf der\u00a0<a href=\"https:\/\/www.esteri.it\/it\/servizi-consolari-e-visti\/italiani-all-estero\/cittadinanza\/\">Website<\/a> des Ministeriums f\u00fcr ausw\u00e4rtige Angelegenheiten und internationale Zusammenarbeit.<\/p>\n<p>Auf unserer Website finden Sie die wichtigsten Informationen zu folgenden Themen:<\/p>\n<p><a href=\"https:\/\/consbasilea.esteri.it\/de\/servizi-consolari\/servizi-per-il-cittadino-straniero\/staatsbuergerschaft\/geburten\/\"><strong>GEBURTEN<\/strong><\/a><\/p>\n<p>Informationen zur Eintragung des Auszugs aus dem Geburtsregister von Kindern, deren Eltern <u>miteinander verheiratet sind<\/u>, sowie zur Eintragung des Auszugs aus dem Geburtsregister f\u00fcr Kinder, deren Eltern<u> nicht miteinander verheiratet sind<\/u> (Anerkennung des Kindes)<\/p>\n<p><a href=\"https:\/\/consbasilea.esteri.it\/de\/servizi-consolari\/servizi-per-il-cittadino-straniero\/staatsbuergerschaft\/staatsbuergerschaft-durch-abstammung-iure-sanguinis\/\"><strong>STAATSB\u00dcRGERSCHAFT DURCH ABSTAMMUNG (IURE SANGUINIS)\u00a0<\/strong><\/a><\/p>\n<p>Aktualisierte Seite nach Inkrafttreten des Gesetzesdekrets Nr. 36 vom 28. M\u00e4rz 2025 \u00abDringende Bestimmungen zur Staatsb\u00fcrgerschaft\u00bb, umgewandelt mit \u00c4nderungen durch Gesetz Nr. 74 vom 23. Mai 2025.<\/p>\n<p>Angesichts der Komplexit\u00e4t des Themas empfehlen wir, die Hinweise im entsprechenden <a href=\"https:\/\/consbasilea.esteri.it\/de\/servizi-consolari\/servizi-per-il-cittadino-straniero\/staatsbuergerschaft\/staatsbuergerschaft-durch-abstammung-iure-sanguinis\/\">Abschnitt<\/a> unserer Website aufmerksam zu lesen und sich anschliessend direkt per E-Mail an das Amt f\u00fcr B\u00fcrgerschaftsangelegenheiten unseres Konsulat zu wenden, unter folgender Adresse: <a href=\"mailto:cittadinanza.basilea@esteri.it\">cittadinanza.basilea@esteri.it<\/a><\/p>\n<p>Aufbau des Abschnitts der Website:<\/p>\n<ol>\n<li><a href=\"https:\/\/consbasilea.esteri.it\/de\/servizi-consolari\/servizi-per-il-cittadino-straniero\/staatsbuergerschaft\/staatsbuergerschaft-durch-abstammung-iure-sanguinis\/\">Allgemeine Informationen<\/a> zur Staatsb\u00fcrgerschaft durch Abstammung (iure sanguinis)<\/li>\n<li><a href=\"https:\/\/consbasilea.esteri.it\/de\/servizi-consolari\/servizi-per-il-cittadino-straniero\/staatsbuergerschaft\/staatsbuergerschaft-durch-abstammung-iure-sanguinis\/erwerb-der-staatsbuergerschaft-durch-gesetz-minderjaehrige-im-ausland-geborene-kinder\/\">Informationen<\/a> zum Erwerb der Staatsb\u00fcrgerschaft \u00abdurch Gesetz\u00bb (minderj\u00e4hrige, im Ausland geborene Kinder)<\/li>\n<li><a href=\"https:\/\/consbasilea.esteri.it\/de\/servizi-consolari\/servizi-per-il-cittadino-straniero\/staatsbuergerschaft\/staatsbuergerschaft-durch-abstammung-iure-sanguinis\/wiedererwerb-der-italienischen-staatsbuergerschaft\/\">Informationen<\/a> zum Wiedererwerb der italienischen Staatsb\u00fcrgerschaft<\/li>\n<\/ol>\n<p><a href=\"https:\/\/consbasilea.esteri.it\/de\/servizi-consolari\/servizi-per-il-cittadino-straniero\/staatsbuergerschaft\/erwerb-der-italienischen-staatsbuergerschaft-durch-eheschliessung-oder-eingetragene-partnerschaft\/\"><strong>ERWERB DER ITALIENISCHEN STAATSB\u00dcRGERSCHAFT DURCH EHESCHLIESSUNG ODER EINGETRAGENE PARTNERSCHAFT<\/strong><\/a><\/p>\n<p>Die geltenden Rechtsvorschriften verlangen Kenntnisse der italienischen Sprache. Daher werden die Angaben zum Erwerb der italienischen Staatsb\u00fcrgerschaft durch Eheschliessung in italienischer Sprache zur Verf\u00fcgung gestellt.<\/p>\n<p>Personen, die aufgrund einer Eheschliessung oder einer eingetragenen Partnerschaft die italienische Staatsb\u00fcrgerschaft beantragen, m\u00fcssen ihre Pflichten gegen\u00fcber der italienischen Republik kennen. In erster Linie sind dies die Einhaltung der nationalen Werte und ein untadeliges Verhalten.<\/p>\n<p>Massgeblich f\u00fcr den Erwerb der italienischen Staatsb\u00fcrgerschaft durch eine ausl\u00e4ndische oder staatenlose Ehegattin bzw. einen ausl\u00e4ndischen oder staatenlosen Ehegatten, die oder der nach dem 27. April 1983 eine Ehe mit einem italienischen B\u00fcrger oder einer italienischen B\u00fcrgerin geschlossen hat, ist das Gesetz Nr. 91 (Art. 5, 6, 7 und 8) vom 5. Februar 1992 in seiner jeweils g\u00fcltigen Form.<\/p>\n<p>Antr\u00e4ge auf Einb\u00fcrgerung in Italien k\u00f6nnen auch durch ausl\u00e4ndische B\u00fcrgerinnen und B\u00fcrger eingereicht werden, die eine eingetragene Partnerschaft mit einer italienischen B\u00fcrgerin oder einem italienischen B\u00fcrger geschlossen haben, welche in den Zivilstandsregistern der zust\u00e4ndigen italienischen Gemeinde erfasst ist (Gesetzesdekrete 5, 6 und 7\/ 2017).<\/p>\n<p>Die ausl\u00e4ndische Ehegattin\/eingetragene Partnerin bzw. der ausl\u00e4ndische Ehegatte\/eingetragene Partner kann die italienische Staatsb\u00fcrgerschaft auf Antrag erwerben, sofern die nach geltendem Recht gestellten Anforderungen erf\u00fcllt sind. Diese Anforderungen werden im Folgenden er\u00f6rtert.<\/p>\n<p>Aufbau des Abschnitts der Website:<\/p>\n<ol>\n<li><a href=\"https:\/\/consbasilea.esteri.it\/de\/servizi-consolari\/servizi-per-il-cittadino-straniero\/staatsbuergerschaft\/erwerb-der-italienischen-staatsbuergerschaft-durch-eheschliessung-oder-eingetragene-partnerschaft\/anforderungen-fuer-die-beantragung-der-italienischen-staatsbuergerschaft\/\">Anforderungen<\/a> f\u00fcr die Beantragung der italienischen Staatsb\u00fcrgerschaft<\/li>\n<li><a href=\"https:\/\/consbasilea.esteri.it\/de\/servizi-consolari\/servizi-per-il-cittadino-straniero\/staatsbuergerschaft\/erwerb-der-italienischen-staatsbuergerschaft-durch-eheschliessung-oder-eingetragene-partnerschaft\/fuer-den-einbuergerungsantrag-erforderliche-dokumente\/\">Dokumente<\/a>, die f\u00fcr den Einb\u00fcrgerungseintrag erforderlich sind<\/li>\n<li><a href=\"https:\/\/consbasilea.esteri.it\/de\/servizi-consolari\/servizi-per-il-cittadino-straniero\/staatsbuergerschaft\/erwerb-der-italienischen-staatsbuergerschaft-durch-eheschliessung-oder-eingetragene-partnerschaft\/verfahren\/\">Verfahren<\/a><\/li>\n<li><a href=\"https:\/\/consbasilea.esteri.it\/de\/servizi-consolari\/servizi-per-il-cittadino-straniero\/staatsbuergerschaft\/erwerb-der-italienischen-staatsbuergerschaft-durch-eheschliessung-oder-eingetragene-partnerschaft\/vereinfachte-verfahren-und-kosten\/\">Kosten und hilfreiche Ansprechpartner<\/a><\/li>\n<\/ol>\n<p>&nbsp;<\/p>\n","protected":false},"excerpt":{"rendered":"Informationen zu den verschiedenen M\u00f6glichkeiten, die italienische Staatsb\u00fcrgerschaft zu erwerben, finden Sie auf der\u00a0Website des Ministeriums f\u00fcr ausw\u00e4rtige Angelegenheiten und internationale Zusammenarbeit. Auf unserer Website finden Sie die wichtigsten Informationen zu folgenden Themen: GEBURTEN Informationen zur Eintragung des Auszugs aus dem Geburtsregister von Kindern, deren Eltern miteinander verheiratet sind, sowie zur Eintragung des Auszugs aus [&hellip;]","protected":false},"author":4,"featured_media":0,"parent":2117,"menu_order":2,"comment_status":"closed","ping_status":"closed","template":"","meta":{"footnotes":""},"class_list":["post-2381","page","type-page","status-publish","hentry"],"_links":{"self":[{"href":"https:\/\/consbasilea.esteri.it\/de\/wp-json\/wp\/v2\/pages\/2381","targetHints":{"allow":["GET"]}}],"collection":[{"href":"https:\/\/consbasilea.esteri.it\/de\/wp-json\/wp\/v2\/pages"}],"about":[{"href":"https:\/\/consbasilea.esteri.it\/de\/wp-json\/wp\/v2\/types\/page"}],"author":[{"embeddable":true,"href":"https:\/\/consbasilea.esteri.it\/de\/wp-json\/wp\/v2\/users\/4"}],"replies":[{"embeddable":true,"href":"https:\/\/consbasilea.esteri.it\/de\/wp-json\/wp\/v2\/comments?post=2381"}],"version-history":[{"count":6,"href":"https:\/\/consbasilea.esteri.it\/de\/wp-json\/wp\/v2\/pages\/2381\/revisions"}],"predecessor-version":[{"id":4614,"href":"https:\/\/consbasilea.esteri.it\/de\/wp-json\/wp\/v2\/pages\/2381\/revisions\/4614"}],"up":[{"embeddable":true,"href":"https:\/\/consbasilea.esteri.it\/de\/wp-json\/wp\/v2\/pages\/2117"}],"wp:attachment":[{"href":"https:\/\/consbasilea.esteri.it\/de\/wp-json\/wp\/v2\/media?parent=2381"}],"curies":[{"name":"wp","href":"https:\/\/api.w.org\/{rel}","templated":true}]}}