{"id":2373,"date":"2023-07-06T11:55:11","date_gmt":"2023-07-06T09:55:11","guid":{"rendered":"https:\/\/consbasilea.esteri.it\/?page_id=2373"},"modified":"2024-09-19T14:08:35","modified_gmt":"2024-09-19T12:08:35","slug":"universitaeten-in-italien","status":"publish","type":"page","link":"https:\/\/consbasilea.esteri.it\/de\/servizi-consolari\/servizi-per-il-cittadino-italiano\/schule\/universitaeten-in-italien\/","title":{"rendered":"Universit\u00e4ten in Italien"},"content":{"rendered":"<div class=\"col-lg-8\">\n<article id=\"post-564\" class=\"post-564 page type-page status-publish hentry\">\n<div class=\"entry-content\">\n<p>Angaben zur Organisation und dem Betrieb der italienischen Universit\u00e4ten finden sich in der entsprechenden Rubrik der Website des\u00a0<a href=\"https:\/\/www.miur.gov.it\/\" target=\"_blank\" rel=\"noopener\"><strong>Ministero dell\u2019Istruzione\u00a0e del Merito<\/strong><\/a>\u00a0(Seite auf Italienisch).<\/p>\n<p>Umfassende Verzeichnisse der Universit\u00e4ten k\u00f6nnen \u00fcber die spezielle Suchmaschine\u00a0<a href=\"https:\/\/www.cineca.it\/en\" target=\"_blank\" rel=\"noopener\"><strong>CINECA<\/strong><\/a>\u00a0abgerufen werden (auf Italienisch und Englisch).<\/p>\n<p>Eine spezifische Seite zu den italienischen Universit\u00e4ten finden Sie auch auf der Website der\u00a0<a href=\"http:\/\/www.crui.it\/\" target=\"_blank\" rel=\"noopener\"><strong>CRUI \u2013 Conferenza dei Rettori delle Universit\u00e0 Italiane<\/strong><\/a>\u00a0(Hochschulkonferenz der italienischen Universit\u00e4ten, auf Italienischer und Englisch).<\/p>\n<p>Ausl\u00e4ndische Studentinnen und Studenten, die an einer italienischen Universit\u00e4t studieren m\u00f6chten, finden n\u00fctzliche Angaben auf der Website des\u00a0<a href=\"https:\/\/www.miur.gov.it\/web\/guest\/universita\" target=\"_blank\" rel=\"noopener\"><strong>MIUR<\/strong><\/a>\u00a0(Ministero dell\u2019Istruzione e del Merito) in der Rubrik Offerta formativa (Bildungsangebote, Angaben auf Italienisch).<\/p>\n<\/div>\n<footer class=\"entry-footer\"><\/footer>\n<\/article>\n<\/div>\n<aside id=\"secondary\" class=\"widget-area col-lg-4 ps-3 d-none d-lg-block d-xl-block affix-parent\">\n<div class=\"sidebar-wrapper affix-top side-affix\"><\/div>\n<\/aside>\n","protected":false},"excerpt":{"rendered":"Angaben zur Organisation und dem Betrieb der italienischen Universit\u00e4ten finden sich in der entsprechenden Rubrik der Website des\u00a0Ministero dell\u2019Istruzione\u00a0e del Merito\u00a0(Seite auf Italienisch). Umfassende Verzeichnisse der Universit\u00e4ten k\u00f6nnen \u00fcber die spezielle Suchmaschine\u00a0CINECA\u00a0abgerufen werden (auf Italienisch und Englisch). Eine spezifische Seite zu den italienischen Universit\u00e4ten finden Sie auch auf der Website der\u00a0CRUI \u2013 Conferenza dei Rettori [&hellip;]","protected":false},"author":4,"featured_media":0,"parent":2354,"menu_order":4,"comment_status":"closed","ping_status":"closed","template":"","meta":{"footnotes":""},"class_list":["post-2373","page","type-page","status-publish","hentry"],"_links":{"self":[{"href":"https:\/\/consbasilea.esteri.it\/de\/wp-json\/wp\/v2\/pages\/2373","targetHints":{"allow":["GET"]}}],"collection":[{"href":"https:\/\/consbasilea.esteri.it\/de\/wp-json\/wp\/v2\/pages"}],"about":[{"href":"https:\/\/consbasilea.esteri.it\/de\/wp-json\/wp\/v2\/types\/page"}],"author":[{"embeddable":true,"href":"https:\/\/consbasilea.esteri.it\/de\/wp-json\/wp\/v2\/users\/4"}],"replies":[{"embeddable":true,"href":"https:\/\/consbasilea.esteri.it\/de\/wp-json\/wp\/v2\/comments?post=2373"}],"version-history":[{"count":3,"href":"https:\/\/consbasilea.esteri.it\/de\/wp-json\/wp\/v2\/pages\/2373\/revisions"}],"predecessor-version":[{"id":3104,"href":"https:\/\/consbasilea.esteri.it\/de\/wp-json\/wp\/v2\/pages\/2373\/revisions\/3104"}],"up":[{"embeddable":true,"href":"https:\/\/consbasilea.esteri.it\/de\/wp-json\/wp\/v2\/pages\/2354"}],"wp:attachment":[{"href":"https:\/\/consbasilea.esteri.it\/de\/wp-json\/wp\/v2\/media?parent=2373"}],"curies":[{"name":"wp","href":"https:\/\/api.w.org\/{rel}","templated":true}]}}