{"id":2362,"date":"2023-07-06T11:31:05","date_gmt":"2023-07-06T09:31:05","guid":{"rendered":"https:\/\/consbasilea.esteri.it\/?page_id=2362"},"modified":"2024-09-19T14:02:39","modified_gmt":"2024-09-19T12:02:39","slug":"anerkennung-von-studienabschluessen","status":"publish","type":"page","link":"https:\/\/consbasilea.esteri.it\/de\/servizi-consolari\/servizi-per-il-cittadino-italiano\/schule\/anerkennung-von-studienabschluessen\/","title":{"rendered":"Anerkennung von Studienabschl\u00fcssen"},"content":{"rendered":"<div>\n<p>Schweizerische Hochschulabschl\u00fcsse werden in Italien im Rahmen des bilateralen Abkommens vom 7. Dezember 2007 anerkannt. Es steht den jeweiligen Universit\u00e4ten nach wie vor frei, immatrikulierten Personen allf\u00e4llige Erg\u00e4nzungen auf der Ebene der Studienleistungen oder der einzelnen F\u00e4cher vorzuschlagen.<\/p>\n<\/div>\n<div>\n<p>Personen, die aus beruflichen Gr\u00fcnden eine \u00c4quivalenzerkl\u00e4rung\/Anerkennung ihrer akademischen Abschl\u00fcsse ben\u00f6tigen, wenden sich bitte direkt an die zust\u00e4ndigen Amtsstellen in Italien. Weitere Angaben finden Sie auf der Website des\u00a0<a href=\"https:\/\/www.miur.gov.it\/\" target=\"_blank\" rel=\"noopener\">MIUR<\/a>\u00a0(Ministero dell\u2019Istruzione e del Merito, Angaben in italienischer Sprache) und des\u00a0<a href=\"https:\/\/www.cimea.it\/\" target=\"_blank\" rel=\"noopener\">CIMEA<\/a>\u00a0(Centro informazioni mobilit\u00e0 equivalenze accademiche, Angaben in italienischer und englischer Sprache).<\/p>\n<\/div>\n<div>\n<p>Falls f\u00fcr die \u00c4quivalenzerkl\u00e4rung\/Anerkennung eine \u00abRechtswerterkl\u00e4rung vor Ort\u00bb erforderlich ist, wird diese durch das zust\u00e4ndige Konsulat ausgestellt. F\u00fcr weitere Informationen\u00a0<a href=\"https:\/\/consbasilea.esteri.it\/de\/servizi-consolari\/servizi-per-il-cittadino-italiano\/schule\/rechtswerterklaerung\/\" target=\"_blank\" rel=\"noopener\">hier klicken.<\/a><\/p>\n<\/div>\n<div>\n<p>Personen, die ihre italienischen Schul- oder Berufsbildungsabschl\u00fcsse in der Schweiz anerkennen lassen m\u00f6chten, wenden sich bitte an das\u00a0<a href=\"https:\/\/www.sbfi.admin.ch\/sbfi\/de\/home\/das-sbfi\/das-sbfi.html\" target=\"_blank\" rel=\"noopener\">Staatssekretariat f\u00fcr Bildung, Forschung und Innovation SBFI des Bundes<\/a>.<\/p>\n<\/div>\n","protected":false},"excerpt":{"rendered":"Schweizerische Hochschulabschl\u00fcsse werden in Italien im Rahmen des bilateralen Abkommens vom 7. Dezember 2007 anerkannt. Es steht den jeweiligen Universit\u00e4ten nach wie vor frei, immatrikulierten Personen allf\u00e4llige Erg\u00e4nzungen auf der Ebene der Studienleistungen oder der einzelnen F\u00e4cher vorzuschlagen. Personen, die aus beruflichen Gr\u00fcnden eine \u00c4quivalenzerkl\u00e4rung\/Anerkennung ihrer akademischen Abschl\u00fcsse ben\u00f6tigen, wenden sich bitte direkt an die [&hellip;]","protected":false},"author":4,"featured_media":0,"parent":2354,"menu_order":1,"comment_status":"closed","ping_status":"closed","template":"","meta":{"footnotes":""},"class_list":["post-2362","page","type-page","status-publish","hentry"],"_links":{"self":[{"href":"https:\/\/consbasilea.esteri.it\/de\/wp-json\/wp\/v2\/pages\/2362","targetHints":{"allow":["GET"]}}],"collection":[{"href":"https:\/\/consbasilea.esteri.it\/de\/wp-json\/wp\/v2\/pages"}],"about":[{"href":"https:\/\/consbasilea.esteri.it\/de\/wp-json\/wp\/v2\/types\/page"}],"author":[{"embeddable":true,"href":"https:\/\/consbasilea.esteri.it\/de\/wp-json\/wp\/v2\/users\/4"}],"replies":[{"embeddable":true,"href":"https:\/\/consbasilea.esteri.it\/de\/wp-json\/wp\/v2\/comments?post=2362"}],"version-history":[{"count":5,"href":"https:\/\/consbasilea.esteri.it\/de\/wp-json\/wp\/v2\/pages\/2362\/revisions"}],"predecessor-version":[{"id":3096,"href":"https:\/\/consbasilea.esteri.it\/de\/wp-json\/wp\/v2\/pages\/2362\/revisions\/3096"}],"up":[{"embeddable":true,"href":"https:\/\/consbasilea.esteri.it\/de\/wp-json\/wp\/v2\/pages\/2354"}],"wp:attachment":[{"href":"https:\/\/consbasilea.esteri.it\/de\/wp-json\/wp\/v2\/media?parent=2362"}],"curies":[{"name":"wp","href":"https:\/\/api.w.org\/{rel}","templated":true}]}}