{"id":2358,"date":"2023-07-06T11:12:43","date_gmt":"2023-07-06T09:12:43","guid":{"rendered":"https:\/\/consbasilea.esteri.it\/?page_id=2358"},"modified":"2024-11-13T14:20:46","modified_gmt":"2024-11-13T12:20:46","slug":"rechtswerterklaerung","status":"publish","type":"page","link":"https:\/\/consbasilea.esteri.it\/de\/servizi-consolari\/servizi-per-il-cittadino-italiano\/schule\/rechtswerterklaerung\/","title":{"rendered":"Rechtswerterkl\u00e4rung"},"content":{"rendered":"<p style=\"font-weight: 400;\">Die \u00abRechtswerterkl\u00e4rung\u00bb (Dichiarazione di Valore) ist ein Dokument, das den Wert eines akademischen Abschlusses oder Titels belegt, der in einem anderen als dem italienischen Bildungssystem erworben wurde. Sie wird in italienischer Sprache abgefasst und von den f\u00fcr die jeweilige \u00abZone\u00bb (d. h. den Konsularkreis bzw. Konsularbezirk) zust\u00e4ndigen diplomatischen Vertretungen der italienischen Republik im Ausland (Botschaften\/Konsulate) ausgestellt. Der Konsularbezirk des Konsulats Basel umfasst die\u00a0<strong>Kantone Basel-Stadt, Basel-Landschaft, Aargau, Solothurn und Jura<\/strong>.<\/p>\n<p style=\"font-weight: 400;\">Da die Schweiz das \u00dcbereinkommen zur Befreiung ausl\u00e4ndischer \u00f6ffentlicher Urkunden von der Beglaubigung vom 5. Oktober 1961 unterzeichnet hat, ist die Titelurkunde mit der sogenannten \u00abApostille (Convention de La Haye du 5 octobre 1961)\u00bb zu versehen, bevor eine Rechtswerterkl\u00e4rung beantragt wird.<\/p>\n<p style=\"font-weight: 400;\">Eine Rechtswerterkl\u00e4rung kann zu folgenden Zwecken beantragt werden:<\/p>\n<ul style=\"font-weight: 400;\">\n<li>Weiterf\u00fchrung der schulischen oder universit\u00e4ren Ausbildung;<\/li>\n<li>Immatrikulation bei einer Universit\u00e4t;<\/li>\n<li>Zulassung zu einem Postgraduiertenstudium (Master, Doktorat etc.) aufgrund eines ausl\u00e4ndischen akademischen Titels;<\/li>\n<li>\u00c4quivalenzantrag.<\/li>\n<\/ul>\n<p style=\"font-weight: 400;\"><strong>Ausl\u00e4ndische Studienabschl\u00fcsse und berufliche Bef\u00e4higungsnachweise werden in Italien nicht automatisch anerkannt<\/strong>\u00a0und haben somit keine Rechtskraft. Somit dient die\u00a0<strong>Rechtswerterkl\u00e4rung ausschliesslich zur Beschreibung des Stellenwerts von Studienabschl\u00fcssen im Herkunftsland bzw. zur Anerkennung oder \u00c4quivalenzerkl\u00e4rung von Titeln oder falls die betreffenden Titel im Verkehr mit der \u00f6ffentlichen Verwaltung bzw. bei der Aus\u00fcbung von reglementierten Berufen gef\u00fchrt werden sollen<\/strong>.<\/p>\n<p style=\"font-weight: 400;\">Im Allgemeinen kommt der Rechtswerterkl\u00e4rung bei der effektiven Anerkennung von ausl\u00e4ndischen Studienabschl\u00fcssen seitens der zust\u00e4ndigen Beh\u00f6rden in Italien keine entscheidende und differenzierende Rolle zu.<\/p>\n<p style=\"font-weight: 400;\"><strong>Notwendige Unterlagen f\u00fcr die Ausstellung einer Rechtswerterkl\u00e4rung vor Ort von Hochschulabschl\u00fcssen, Maturit\u00e4ten, F\u00e4higkeitszeugnissen und anderen Abschl\u00fcssen an Bildungseinrichtungen und Universit\u00e4ten der Kantone Basel-Stadt, Basel-Landschaft, Aargau, Solothurn und Jura:<\/strong><\/p>\n<ul style=\"font-weight: 400;\">\n<li><strong><u><a href=\"https:\/\/consbasilea.esteri.it\/wp-content\/uploads\/2023\/06\/basilea_modulo_richiesta_dichiarazione_valore_online.pdf\">Online editierbarer Antrag der betroffenen Person\u00a0<\/a><\/u><\/strong>mit Nachweis des Studiengangs und Angabe des Grundes f\u00fcr den Antrag auf eine Rechtswerterkl\u00e4rung.<\/li>\n<li>Schweizer Studienabschluss- oder Diplomurkunde im Original einschliesslich APOSTILLE durch die Staatskanzlei des Kantons, in welchem der Abschluss\/das Diplom verliehen wurde.\u00a0Weitere Informationen:\n<ul>\n<li><a href=\"https:\/\/www.bs.ch\/themen\/persoenliches-und-wohnen\/pass-identitaetskarte-einbuergerung-und-beglaubigungen\/beglaubigung-legalisation\">BASEL-STADT<\/a><\/li>\n<li><a href=\"https:\/\/www.baselland.ch\/politik-und-behorden\/direktionen\/sicherheitsdirektion\/zivilrechtsverwaltung\/handelsregister\/infos\/apostille?searchterm=apostille\">BASEL-LANDSCHAFT<\/a><\/li>\n<li><a href=\"https:\/\/www.ag.ch\/de\/verwaltung\/dvi\/ausweiszentrum\/beglaubigungen\">AARGAU<\/a><\/li>\n<li><a href=\"https:\/\/www.so.ch\/staatskanzlei\/ueber-uns\/beglaubigungen-apostillen\/\">SOLOTHURN<\/a><\/li>\n<li><a href=\"https:\/\/www.jura.ch\/DIN\/SPOP\/Bureau-des-passeports-et-des-legalisations\/Legalisations.html\">JURA<\/a><\/li>\n<li><a href=\"https:\/\/www.bk.admin.ch\/bk\/it\/home\/service\/legalizzazioni.html\">VON INSTITUTIONEN DES BUNDES VERLIEHENE TITEL\/DIPLOME<\/a><\/li>\n<\/ul>\n<\/li>\n<\/ul>\n<ul style=\"font-weight: 400;\">\n<li>Professionelle \u00dcbersetzung auf Italienisch des genannten Titels\/Diploms durch eine \u00dcbersetzerin oder einen \u00dcbersetzer. Informationen zur \u00dcbersetzung finden Sie auf der Seite <a href=\"https:\/\/consbasilea.esteri.it\/de\/servizi-consolari\/servizi-per-il-cittadino-italiano\/zivilstand\/eintragung-von-zivilstandsurkunden-in-italien\/uebersetzerinnen-und-uebersetzer-mit-hinterlegter-unterschrift\/\">\u00dcbersetzerinnen und \u00dcbersetzer mit hinterlegter Unterschrift \u2013 Consolato d\u2019Italia Basilea<\/a>.<\/li>\n<li>Fotokopie eines Ausweises, aus dem das Geburtsdatum und der Geburtsort klar ersichtlich sind.<\/li>\n<\/ul>\n<p style=\"font-weight: 400;\">Eine zu Studienzwecken erlassene Rechtswerterkl\u00e4rung ist kostenlos (Art. 66, Gesetzesdekret 71\/2011); in allen anderen F\u00e4llen ist vorgesehen, dass das Konsulat einen Betrag von rund CHF 50.00 erhebt. Dieser Betrag ist bei Abholung der Rechtswerterkl\u00e4rung in bar zu entrichten.<\/p>\n<p style=\"font-weight: 400;\">Bei einer Postzustellung der Rechtswerterkl\u00e4rung ist dem Antrag ein adressiertes und frankiertes Couvert beizulegen. Die Unterlagen sind im Original vorzulegen; sie k\u00f6nnen jedoch vorab per E-Mail an folgende Adresse eingereicht werden:\u00a0<strong><a href=\"mailto:basilea.dich.valore@esteri.it\">basilea.dich.valore@esteri.it<\/a><\/strong>.\u00a0<strong>Die Originaldokumente werden zusammen mit der Rechtswerterkl\u00e4rung zur\u00fcckgegeben.<\/strong><\/p>\n<p style=\"font-weight: 400;\"><strong>Anschliessende Verfahren:<\/strong><\/p>\n<p style=\"font-weight: 400;\">Die Rechtswerterkl\u00e4rung ist den zust\u00e4ndigen italienischen Beh\u00f6rden vorzulegen; d. h.:<\/p>\n<ul style=\"font-weight: 400;\">\n<li>den Bildungseinrichtungen (sofern die Schulpflicht noch nicht erf\u00fcllt ist);<\/li>\n<li>den Ambiti Territoriali (vormals Schulbeh\u00f6rden der einzelnen Provinzen), sofern es sich um Abschl\u00fcsse\/Diplome auf voruniversit\u00e4rem Niveau handelt;<\/li>\n<li>den Universit\u00e4ten zwecks \u00c4quivalenzerkl\u00e4rung von ausl\u00e4ndischen Hochschulabschl\u00fcssen; dem italienischen Ministerium f\u00fcr Schule, Hochschule und Forschung, sofern es sich um eine akademische Anerkennung von im Ausland erworbenen Doktoraten (Ph. D.) handelt;<\/li>\n<li>den zust\u00e4ndigen Ministerien, sofern es sich um eine (zwecks Aus\u00fcbung von reglementierten Berufen erforderliche) Anerkennung von Berufsausbildungen handelt.<\/li>\n<\/ul>\n","protected":false},"excerpt":{"rendered":"Die \u00abRechtswerterkl\u00e4rung\u00bb (Dichiarazione di Valore) ist ein Dokument, das den Wert eines akademischen Abschlusses oder Titels belegt, der in einem anderen als dem italienischen Bildungssystem erworben wurde. Sie wird in italienischer Sprache abgefasst und von den f\u00fcr die jeweilige \u00abZone\u00bb (d. h. den Konsularkreis bzw. Konsularbezirk) zust\u00e4ndigen diplomatischen Vertretungen der italienischen Republik im Ausland (Botschaften\/Konsulate) [&hellip;]","protected":false},"author":4,"featured_media":0,"parent":2354,"menu_order":0,"comment_status":"closed","ping_status":"closed","template":"","meta":{"footnotes":""},"class_list":["post-2358","page","type-page","status-publish","hentry"],"_links":{"self":[{"href":"https:\/\/consbasilea.esteri.it\/de\/wp-json\/wp\/v2\/pages\/2358","targetHints":{"allow":["GET"]}}],"collection":[{"href":"https:\/\/consbasilea.esteri.it\/de\/wp-json\/wp\/v2\/pages"}],"about":[{"href":"https:\/\/consbasilea.esteri.it\/de\/wp-json\/wp\/v2\/types\/page"}],"author":[{"embeddable":true,"href":"https:\/\/consbasilea.esteri.it\/de\/wp-json\/wp\/v2\/users\/4"}],"replies":[{"embeddable":true,"href":"https:\/\/consbasilea.esteri.it\/de\/wp-json\/wp\/v2\/comments?post=2358"}],"version-history":[{"count":6,"href":"https:\/\/consbasilea.esteri.it\/de\/wp-json\/wp\/v2\/pages\/2358\/revisions"}],"predecessor-version":[{"id":3727,"href":"https:\/\/consbasilea.esteri.it\/de\/wp-json\/wp\/v2\/pages\/2358\/revisions\/3727"}],"up":[{"embeddable":true,"href":"https:\/\/consbasilea.esteri.it\/de\/wp-json\/wp\/v2\/pages\/2354"}],"wp:attachment":[{"href":"https:\/\/consbasilea.esteri.it\/de\/wp-json\/wp\/v2\/media?parent=2358"}],"curies":[{"name":"wp","href":"https:\/\/api.w.org\/{rel}","templated":true}]}}