{"id":2354,"date":"2023-04-03T19:30:35","date_gmt":"2023-04-03T17:30:35","guid":{"rendered":"https:\/\/consbasilea.esteri.it\/?page_id=2354"},"modified":"2024-01-31T12:46:12","modified_gmt":"2024-01-31T10:46:12","slug":"schule","status":"publish","type":"page","link":"https:\/\/consbasilea.esteri.it\/de\/servizi-consolari\/servizi-per-il-cittadino-italiano\/schule\/","title":{"rendered":"Schule"},"content":{"rendered":"<div>\n<p><strong>ANMELDUNG F\u00dcR ITALIENISCH- UND LANDESKUNDEKURSE<\/strong><\/p>\n<\/div>\n<div>\n<p>Auch im laufenden Jahr erfolgen die Anmeldungen f\u00fcr Italienisch- und Landeskundekurse \u00fcber das Kursportal:\u00a0<a href=\"https:\/\/web.spaggiari.eu\/alw\/app\/default\/login_preiscrizione_ch.php?custcode=XEES0080&amp;lang=it\" target=\"_blank\" rel=\"noopener\"><strong>BASEL\/ONLINE-ANMELDUNG<\/strong><\/a><strong>\u00a0<\/strong><\/p>\n<\/div>\n<div>\n<p>Familien, deren Kinder\u00a0<strong>BEREITS<\/strong>\u00a0Kurse besuchen, haben die Anmeldung f\u00fcr das folgende Schuljahr zu\u00a0<strong>best\u00e4tigen<\/strong>.<\/p>\n<\/div>\n<div>\n<p>Die Verfahren sind \u00e4usserst einfach; s\u00e4mtliche Angaben finden Sie in der Rubrik der Website, die sich mit Anmeldungen befasst:\u00a0<a href=\"https:\/\/corsilinguacultura.ch\/iscrizioni\/\"><strong>https:\/\/corsilinguacultura.ch\/de\/anmeldung\/<\/strong><\/a><\/p>\n<\/div>\n<div>\n<p>So gehen Sie vor:<\/p>\n<\/div>\n<div>\n<p><strong>REGISTRIERUNG UND NEUANMELDUNG<\/strong>:<a href=\"https:\/\/consbasilea.esteri.it\/wp-content\/uploads\/2023\/07\/portale_clc_registrazione_iscrizione_27.01.pdf\" target=\"_blank\" rel=\"noopener\">\u00a0Leitfaden<\/a><\/p>\n<\/div>\n<div>\n<p><strong>BEST\u00c4TIGUNG<\/strong>:\u00a0<a href=\"https:\/\/consbasilea.esteri.it\/wp-content\/uploads\/2023\/07\/portale_clc_conferma_iscrizione_27.01.pdf\" target=\"_blank\" rel=\"noopener\">Leitfaden<\/a><\/p>\n<\/div>\n<div>\n<p><a href=\"https:\/\/www.esteri.it\/mae\/resource\/doc\/2017\/07\/dlgs_64_2017.pdf\" target=\"_blank\" rel=\"noopener\">Das Gesetzesdekret Nr. 64 vom 13. April 2017<\/a>\u00a0\u00fcber die Rechtsvorschriften bez\u00fcglich der italienischen Schule im Ausland ersetzt gem\u00e4ss dem Gesetz Nr. 107\/2015 (\u00abBuona Scuola\u00bb) den im \u00abTesto Unico delle disposizioni legislative in materia di istruzione\u00bb (Gesetzesdekret Nr. 297 vom 16. April 1994) vorgesehenen Referenzrahmen. Hierbei handelt es sich um eine signifikante Reform der schulischen Institutionen und eine\u00a0<strong>Wende in der F\u00f6rderung der italienischen Sprache im Ausland<\/strong>.<\/p>\n<\/div>\n<div>\n<p><strong>DIE ITALIENISCH- UND LANDESKUNDEKURSE<\/strong><\/p>\n<\/div>\n<div>\n<p>Allgemeine Informationen zu den Kursen finden Sie auf folgender Website:<\/p>\n<\/div>\n<div>\n<p><a href=\"http:\/\/www.corsilinguacultura.ch\/\" target=\"_blank\" rel=\"noopener\"><strong>www.corsilinguacultura.ch\/de<\/strong><\/a><\/p>\n<\/div>\n<div>\n<p>Gem\u00e4ss dem neuen gesetzlichen Rahmen ist es das Hauptziel der Sprach- und Landeskundekurse in unseren Konsularbezirken,\u00a0<strong>die Verbreitung der italienischen Sprache und Kultur zu f\u00f6rdern<\/strong>, in erster Linie aber einen Beitrag zur\u00a0<strong>schrittweisen Entwicklung einer Mehrsprachigkeit<\/strong>\u00a0zu leisten, die auf der Beherrschung nicht nur der gesprochenen, sondern auch der Schriftsprache sowie auf wesentlichen Kenntnissen der Geschichte unserer Zivilisation und Kultur beruht. Mehrsprachigkeit spielt eine entscheidende Rolle beim beruflichen und fachlichen Erfolg in der Schweizer Gesellschaft. Zudem hat die linguistische Forschung gezeigt, dass Personen mit soliden muttersprachlichen Kenntnissen weitere Sprachen leichter erlernen.<\/p>\n<\/div>\n<div>\n<p>Die Kurse stehen auch Sch\u00fclerinnen und Sch\u00fclern ohne Italienischkenntnisse offen. Der Unterricht sieht personalisierte, individuell zugeschnittene Lernprogramme vor, die die unterschiedlichen F\u00e4higkeiten, Neigungen und Interessen ber\u00fccksichtigen.<\/p>\n<\/div>\n<div>\n<p>Die Kurse sind darauf ausgelegt, dass Sch\u00fclerinnen und Sch\u00fcler am Ende der obligatorischen Schulzeit die Pr\u00fcfungen ablegen k\u00f6nnen, um ein\u00a0<strong>europaweit anerkanntes Sprachzertifikat<\/strong>\u00a0zu erhalten, das f\u00fcr die\u00a0<strong>Eingliederung in den Arbeitsmarkt von wesentlicher Bedeutung<\/strong>\u00a0ist. Dieses Zertifikat kann in den schweizweit anerkannten Sprachenpass aufgenommen werden und erm\u00f6glicht den Zugang zu Ausbildungen und Berufen, in denen Mehrsprachigkeit verlangt wird.<\/p>\n<\/div>\n<div>\n<p>Die Schulen und die Bildungsdepartemente verschiedener Kantone empfehlen den Besuch unseres Bildungsangebots.<\/p>\n<\/div>\n<div>\n<p>Die Tr\u00e4ger, die einen Beitrag vom italienischen Staat erhalten, k\u00f6nnen von den Familien einen\u00a0<strong>freiwilligen Beitrag verlangen.<\/strong><\/p>\n<\/div>\n<div>\n<p>Im Konsularbezirk\u00a0<strong>Basel<\/strong>\u00a0(d. h. den Kantonen Basel-Stadt, Basel-Landschaft, Aargau, Solothurn und Jura) leistet das Ministerium f\u00fcr ausw\u00e4rtige Angelegenheiten und internationale Zusammenarbeit einen Beitrag an die\u00a0<strong>Stiftung ECAP<\/strong>.<\/p>\n<\/div>\n","protected":false},"excerpt":{"rendered":"ANMELDUNG F\u00dcR ITALIENISCH- UND LANDESKUNDEKURSE Auch im laufenden Jahr erfolgen die Anmeldungen f\u00fcr Italienisch- und Landeskundekurse \u00fcber das Kursportal:\u00a0BASEL\/ONLINE-ANMELDUNG\u00a0 Familien, deren Kinder\u00a0BEREITS\u00a0Kurse besuchen, haben die Anmeldung f\u00fcr das folgende Schuljahr zu\u00a0best\u00e4tigen. Die Verfahren sind \u00e4usserst einfach; s\u00e4mtliche Angaben finden Sie in der Rubrik der Website, die sich mit Anmeldungen befasst:\u00a0https:\/\/corsilinguacultura.ch\/de\/anmeldung\/ So gehen Sie vor: REGISTRIERUNG [&hellip;]","protected":false},"author":4,"featured_media":0,"parent":2112,"menu_order":22,"comment_status":"closed","ping_status":"closed","template":"","meta":{"footnotes":""},"class_list":["post-2354","page","type-page","status-publish","hentry"],"_links":{"self":[{"href":"https:\/\/consbasilea.esteri.it\/de\/wp-json\/wp\/v2\/pages\/2354","targetHints":{"allow":["GET"]}}],"collection":[{"href":"https:\/\/consbasilea.esteri.it\/de\/wp-json\/wp\/v2\/pages"}],"about":[{"href":"https:\/\/consbasilea.esteri.it\/de\/wp-json\/wp\/v2\/types\/page"}],"author":[{"embeddable":true,"href":"https:\/\/consbasilea.esteri.it\/de\/wp-json\/wp\/v2\/users\/4"}],"replies":[{"embeddable":true,"href":"https:\/\/consbasilea.esteri.it\/de\/wp-json\/wp\/v2\/comments?post=2354"}],"version-history":[{"count":2,"href":"https:\/\/consbasilea.esteri.it\/de\/wp-json\/wp\/v2\/pages\/2354\/revisions"}],"predecessor-version":[{"id":2406,"href":"https:\/\/consbasilea.esteri.it\/de\/wp-json\/wp\/v2\/pages\/2354\/revisions\/2406"}],"up":[{"embeddable":true,"href":"https:\/\/consbasilea.esteri.it\/de\/wp-json\/wp\/v2\/pages\/2112"}],"wp:attachment":[{"href":"https:\/\/consbasilea.esteri.it\/de\/wp-json\/wp\/v2\/media?parent=2354"}],"curies":[{"name":"wp","href":"https:\/\/api.w.org\/{rel}","templated":true}]}}