{"id":2337,"date":"2023-04-03T19:29:28","date_gmt":"2023-04-03T17:29:28","guid":{"rendered":"https:\/\/consbasilea.esteri.it\/?page_id=2337"},"modified":"2024-01-31T10:19:37","modified_gmt":"2024-01-31T08:19:37","slug":"wahlverwaltung","status":"publish","type":"page","link":"https:\/\/consbasilea.esteri.it\/de\/servizi-consolari\/servizi-per-il-cittadino-italiano\/wahlverwaltung\/","title":{"rendered":"Wahlverwaltung"},"content":{"rendered":"<p><strong>Italienische B\u00fcrgerinnen und B\u00fcrger mit Wohnsitz im Bezirk des Konsulats in Basel und Eintrag im A.I.R.E.\u00a0<\/strong>k\u00f6nnen an ihrem Wohnsitz ihr Wahlrecht bei Wahlen in die Abgeordnetenkammer und den Senat sowie bei aufhebenden Referenden und bei Verfassungsreferenden gem\u00e4ss Art. 75 und 138 der italienischen Verfassung aus\u00fcben. Sofern ein COMITES (Comitato degli italiani residenti all\u2019estero \/ Komitee der Italiener im Ausland) besteht, k\u00f6nnen sich die B\u00fcrgerinnen und B\u00fcrger auch an den entsprechenden Wahlen beteiligen.\u00a0<strong>Es sind dagegen keine Stimmabgaben bei Wahlen der Regional-, Gemeinde- und Provinzr\u00e4te vorgesehen; dasselbe gilt f\u00fcr lokale Referenden.<\/strong><\/p>\n<p>Massgeblich f\u00fcr die\u00a0<strong>Stimmabgabe im Ausland bei politischen Wahlen und nationalen Referenden<\/strong>\u00a0ist das Gesetz Nr. 459 vom 27. Dezember 2001 und die zugeh\u00f6rige Durchf\u00fchrungsverordnung (Dekret des Staatspr\u00e4sidenten Nr. 104 vom 2. April 2003). Bei politischen Wahlen \u00e4ussern sich die italienischen B\u00fcrgerinnen und B\u00fcrger zu den Kandidatinnen und Kandidaten des\u00a0<strong>Wahlbezirks Ausland<\/strong>\u00a0(Circoscrizione estero), wie in Art. 48, 56 und 57 der Verfassung vorgesehen.\u00a0<strong>B\u00fcrgerinnen und B\u00fcrger mit zeitweiligem Aufenthalt im Ausland k\u00f6nnen ebenfalls zur Stimmabgabe<\/strong>\u00a0zugelassen werden, wenn sie aus beruflichen, Studien- oder medizinischen Gr\u00fcnden (Kuren) w\u00e4hrend mindestens drei Monaten an ihrem Aufenthaltsort ans\u00e4ssig sind. Zur brieflichen Wahlteilnahme (Briefwahl) haben diese B\u00fcrgerinnen und B\u00fcrger bis am 32. Tag vor dem Wahltag in Italien einen entsprechenden Antrag bei ihrer\u00a0<strong>Wohngemeinde<\/strong>\u00a0zu stellen.<\/p>\n<p>Massgeblich f\u00fcr die Stimmabgabe im Ausland bei Wahlen von Vertreterinnen und Vertretern der italienischen Republik im Europ\u00e4ischen Parlament ist hingegen das Gesetz Nr. 18 vom 24. Januar 1979 und das Gesetzesdekret Nr. 408 vom 24. Juni 1994 (in das Gesetz Nr. 483 vom 3. August 1994 umgewandelt). Anders als bei den Wahlverfahren gem\u00e4ss dem Gesetz 459\/2001\u00a0<strong>k\u00f6nnen italienische B\u00fcrgerinnen und B\u00fcrger nur dann an Europaparlamentswahlen teilnehmen, wenn sie in einem Mitgliedstaat der EU ans\u00e4ssig und im A.I.R.E. erfasst sind<\/strong>.<\/p>\n<p>Italienische W\u00e4hlerinnen und W\u00e4hler mit Wohnsitz im Ausland und ordnungsgem\u00e4ssem Eintrag im A.I.R.E. k\u00f6nnen \u00fcberdies die Vertreterinnen und Vertreter der COMITES \u2013 Comitato degli italiani residenti all\u2019estero (Komitee der Italiener im Ausland, Gesetz Nr. 286 vom 23. Oktober 2003) w\u00e4hlen, sofern sie am Wahldatum\u00a0<strong>seit mindestens sechs Monaten im Konsularbezirk wohnhaft sind<\/strong>\u00a0und sofern mindestens 3\u2019000 Italienerinnen und Italiener in diesem Konsularbezirk ans\u00e4ssig sind (gesetzlich vorgesehene Untergrenze f\u00fcr die Wahl von COMITES). In diesem Fall verf\u00fcgen italienische B\u00fcrgerinnen und B\u00fcrger, die sich nur zeitweilig im Ausland aufhalten, nicht \u00fcber ein Wahlrecht.<\/p>\n","protected":false},"excerpt":{"rendered":"Italienische B\u00fcrgerinnen und B\u00fcrger mit Wohnsitz im Bezirk des Konsulats in Basel und Eintrag im A.I.R.E.\u00a0k\u00f6nnen an ihrem Wohnsitz ihr Wahlrecht bei Wahlen in die Abgeordnetenkammer und den Senat sowie bei aufhebenden Referenden und bei Verfassungsreferenden gem\u00e4ss Art. 75 und 138 der italienischen Verfassung aus\u00fcben. Sofern ein COMITES (Comitato degli italiani residenti all\u2019estero \/ Komitee [&hellip;]","protected":false},"author":4,"featured_media":0,"parent":2112,"menu_order":10,"comment_status":"closed","ping_status":"closed","template":"","meta":{"footnotes":""},"class_list":["post-2337","page","type-page","status-publish","hentry"],"_links":{"self":[{"href":"https:\/\/consbasilea.esteri.it\/de\/wp-json\/wp\/v2\/pages\/2337","targetHints":{"allow":["GET"]}}],"collection":[{"href":"https:\/\/consbasilea.esteri.it\/de\/wp-json\/wp\/v2\/pages"}],"about":[{"href":"https:\/\/consbasilea.esteri.it\/de\/wp-json\/wp\/v2\/types\/page"}],"author":[{"embeddable":true,"href":"https:\/\/consbasilea.esteri.it\/de\/wp-json\/wp\/v2\/users\/4"}],"replies":[{"embeddable":true,"href":"https:\/\/consbasilea.esteri.it\/de\/wp-json\/wp\/v2\/comments?post=2337"}],"version-history":[{"count":1,"href":"https:\/\/consbasilea.esteri.it\/de\/wp-json\/wp\/v2\/pages\/2337\/revisions"}],"predecessor-version":[{"id":2338,"href":"https:\/\/consbasilea.esteri.it\/de\/wp-json\/wp\/v2\/pages\/2337\/revisions\/2338"}],"up":[{"embeddable":true,"href":"https:\/\/consbasilea.esteri.it\/de\/wp-json\/wp\/v2\/pages\/2112"}],"wp:attachment":[{"href":"https:\/\/consbasilea.esteri.it\/de\/wp-json\/wp\/v2\/media?parent=2337"}],"curies":[{"name":"wp","href":"https:\/\/api.w.org\/{rel}","templated":true}]}}