{"id":2314,"date":"2023-07-04T09:22:03","date_gmt":"2023-07-04T07:22:03","guid":{"rendered":"https:\/\/consbasilea.esteri.it\/?page_id=2314"},"modified":"2026-01-09T16:34:41","modified_gmt":"2026-01-09T14:34:41","slug":"prenotmi","status":"publish","type":"page","link":"https:\/\/consbasilea.esteri.it\/de\/servizi-consolari\/servizi-per-il-cittadino-italiano\/prenotmi\/","title":{"rendered":"Prenot@mi"},"content":{"rendered":"<p>F\u00fcr die Ausstellung von <strong>Reisep\u00e4ssen<\/strong> und <strong>elektronischen Identit\u00e4tskarten (CIE)<\/strong> kann jetzt das Portal <a href=\"https:\/\/prenotami.esteri.it\/\"><strong>PRENOT@MI<\/strong><\/a> benutzt werden. Terminvereinbarungen bei diesem Konsulat erfolgen ausschliesslich \u00fcber dieses Portal.\u00a0<strong>Per E-Mail eingereichte Antr\u00e4ge werden nicht bearbeitet.<\/strong> Um einen Termin zu buchen, m\u00fcssen Sie sich auf der Plattform PRENOT@MI <strong>registrieren<\/strong>. W\u00e4hlen Sie anschliessend die gew\u00fcnschte Dienstleistung und das gew\u00fcnschte Datum samt Uhrzeit aus dem Angebot aus.<\/p>\n<p><strong>\u00d6FFNUNG DER TERMINE F\u00dcR REISEP\u00c4SSE UND CIE AUF DER PLATTFORM PRENOT@MI<\/strong><\/p>\n<p data-start=\"157\" data-end=\"418\">Um die Einstellung der gr\u00f6\u00dftm\u00f6glichen Anzahl neuer Slots pro Woche im Portal Prenot@mi zu erm\u00f6glichen, werden die neuen Termine f\u00fcr Reisep\u00e4sse und f\u00fcr elektronische Personalausweise (CIE) ab <strong data-start=\"348\" data-end=\"374\">Montag, dem 12. Januar<\/strong>, einmal w\u00f6chentlich aktualisiert, und zwar:<\/p>\n<ul>\n<li data-start=\"420\" data-end=\"449\"><strong data-start=\"420\" data-end=\"449\">jeden Montag um 12:30 Uhr<\/strong><\/li>\n<\/ul>\n<p data-start=\"451\" data-end=\"583\"><em data-start=\"451\" data-end=\"583\">(Hinweis: Sollte der Montag ein Feiertag sein, erfolgt die Aktualisierung am ersten darauffolgenden Werktag zur gleichen Uhrzeit.)<\/em><\/p>\n<p data-start=\"585\" data-end=\"1088\" data-is-last-node=\"\" data-is-only-node=\"\">Derzeit betragen die Wartezeiten f\u00fcr Termine sowohl f\u00fcr Reisep\u00e4sse als auch f\u00fcr CIE etwa <strong data-start=\"674\" data-end=\"689\">einen Monat<\/strong>. Angesichts der hohen Anzahl von Terminanfragen empfehlen wir den Landsleuten, sich rechtzeitig mit ausreichendem Vorlauf vor dem Ablauf der Dokumente in das Portal einzuloggen, um ihren Termin zu buchen, und zwar <strong data-start=\"904\" data-end=\"940\">ab 180 Tagen vor dem Ablaufdatum<\/strong> (wie es die geltenden Vorschriften vorsehen). Eventuelle von anderen Nutzern stornierte Termine k\u00f6nnen jederzeit wieder im Portal verf\u00fcgbar werden<\/p>\n<p><strong>\u00a0WAS VOR DER TERMIN ZU TUN IST:<\/strong><\/p>\n<ul>\n<li><strong><u>\u00a0\u00dcberpr\u00fcfung der eigenen Personalstammdaten<\/u><\/strong><\/li>\n<\/ul>\n<p>Die Dienstleistungen zur Ausstellung von Reisep\u00e4ssen und Identit\u00e4tskarten sind f\u00fcr <strong>italienische Staatsangeh\u00f6rige mit festem Wohnsitz im Bezirk dieses Konsulats <\/strong>(Kantone: Basel-Stadt, Basel-Landschaft, Aargau, Solothurn und Jura) vorgesehen, <strong>die im A.I.R.E.-Register ordnungsgem\u00e4ss<\/strong> mit <strong>einer aktuellen Adresse<\/strong> registriert sind.<\/p>\n<ul>\n<li>\u00a0<strong><u>\u00dcberpr\u00fcfung der eigenen Zivilstandssituation<\/u><\/strong><\/li>\n<\/ul>\n<p>Die Dienstleistungen zur Ausstellung von Reisep\u00e4ssen und Identit\u00e4tskarten sind f\u00fcr B\u00fcrgerinnen und B\u00fcrger reserviert, die dem Konsulat jede <strong>\u00c4nderung ihres Zivilstandes<\/strong> (Heirat, Scheidung, Todesfall, Namens-\/Vornamens-\/Geschlechtswechsel) bereits mitgeteilt haben.<\/p>\n<ul>\n<li><strong>\u00a0<span style=\"text-decoration: underline;\">\u00dcberpr\u00fcfung des Ablaufdatums der eigenen Dokumente<\/span><\/strong><\/li>\n<\/ul>\n<p>Reisep\u00e4sse und Identit\u00e4tskarten sind normalerweise <strong>fr\u00fchestens 6 Monate vor Ablauf nicht erneuerbar<\/strong>. Angesichts der hohen Anzahl an Anfragen werden <strong>Landsleute ohne g\u00fcltige Dokumente<\/strong> <strong>oder mit<\/strong> <strong>Dokumenten, die innerhalb der n\u00e4chsten 6 Monate ablaufen, durch dieses Konsulat bevorzugt behandelt.\u00a0 <\/strong>Bei besonderen Bed\u00fcrfnissen f\u00fcllen Sie bitte das Feld \u00ab<strong>Hinweise<\/strong>\u00bb auf der Buchungsseite aus.<\/p>\n<p><strong>WAS TUN, UM EINEN BEREITS GEBUCHTEN TERMIN ZU STORNIEREN<\/strong><\/p>\n<p>Falls Sie einen Termin nicht wahrnehmen k\u00f6nnen, bitten wir Sie, <strong><u>ihn umgehend zu stornieren<\/u><\/strong>. Nutzen Sie dazu ihren pers\u00f6nlichen Account auf der Plattform PRENOT@MI, damit der Termin anderen Landsleuten zur Verf\u00fcgung gestellt werden kann.<br \/>\nSchreiben Sie bitte eine E-Mail an die zust\u00e4ndige Stelle, wenn der Termin nicht mehr \u00fcber die Plattform abgesagt werden kann.<\/p>\n<p><strong>DRINGLICHKEITSF\u00c4LLE<\/strong><\/p>\n<p>F\u00fcr alle dringenden F\u00e4lle lesen Sie bitte den entsprechenden Abschnitt auf dieser Website sorgf\u00e4ltig durch. Einen Leitfaden zur Registrierung und Terminvereinbarung mit dem B\u00fcro zur Ausstellung von Reisep\u00e4ssen\/Identit\u00e4tskarten finden Sie <a href=\"https:\/\/consbasilea.esteri.it\/wp-content\/uploads\/2023\/07\/2023_guida_al_prenotami.pdf\"><strong>HIER<\/strong><\/a>.<\/p>\n<p><a href=\"https:\/\/prenotami.esteri.it\/\"><strong>ZUGANG ZUM PORTAL<\/strong><\/a><\/p>\n<p><strong><u>F\u00fcr \u00e4ltere Menschen und Menschen mit Behinderungen steht jeweils am Dienstag und Donnerstag von 14 bis 16 Uhr eine Helpline zur Verf\u00fcgung: +41 79 622 62 61<\/u><\/strong><\/p>\n<p>Bei <strong>schwerwiegenden Problemen w\u00e4hrend der Terminvereinbarungsphase<\/strong> schreiben Sie bitte an die Adressen basilea.passaporti@esteri.it (f\u00fcr P\u00e4sse) bzw. ci_conbasi@esteri.it (f\u00fcr Identit\u00e4tskarten) <strong>unter Angabe des Vor- und Nachnamens <\/strong>der in PRENOT@MI registrierten Person.<\/p>\n","protected":false},"excerpt":{"rendered":"F\u00fcr die Ausstellung von Reisep\u00e4ssen und elektronischen Identit\u00e4tskarten (CIE) kann jetzt das Portal PRENOT@MI benutzt werden. Terminvereinbarungen bei diesem Konsulat erfolgen ausschliesslich \u00fcber dieses Portal.\u00a0Per E-Mail eingereichte Antr\u00e4ge werden nicht bearbeitet. Um einen Termin zu buchen, m\u00fcssen Sie sich auf der Plattform PRENOT@MI registrieren. W\u00e4hlen Sie anschliessend die gew\u00fcnschte Dienstleistung und das gew\u00fcnschte Datum samt [&hellip;]","protected":false},"author":4,"featured_media":0,"parent":2112,"menu_order":0,"comment_status":"closed","ping_status":"closed","template":"","meta":{"footnotes":""},"class_list":["post-2314","page","type-page","status-publish","hentry"],"_links":{"self":[{"href":"https:\/\/consbasilea.esteri.it\/de\/wp-json\/wp\/v2\/pages\/2314","targetHints":{"allow":["GET"]}}],"collection":[{"href":"https:\/\/consbasilea.esteri.it\/de\/wp-json\/wp\/v2\/pages"}],"about":[{"href":"https:\/\/consbasilea.esteri.it\/de\/wp-json\/wp\/v2\/types\/page"}],"author":[{"embeddable":true,"href":"https:\/\/consbasilea.esteri.it\/de\/wp-json\/wp\/v2\/users\/4"}],"replies":[{"embeddable":true,"href":"https:\/\/consbasilea.esteri.it\/de\/wp-json\/wp\/v2\/comments?post=2314"}],"version-history":[{"count":7,"href":"https:\/\/consbasilea.esteri.it\/de\/wp-json\/wp\/v2\/pages\/2314\/revisions"}],"predecessor-version":[{"id":4908,"href":"https:\/\/consbasilea.esteri.it\/de\/wp-json\/wp\/v2\/pages\/2314\/revisions\/4908"}],"up":[{"embeddable":true,"href":"https:\/\/consbasilea.esteri.it\/de\/wp-json\/wp\/v2\/pages\/2112"}],"wp:attachment":[{"href":"https:\/\/consbasilea.esteri.it\/de\/wp-json\/wp\/v2\/media?parent=2314"}],"curies":[{"name":"wp","href":"https:\/\/api.w.org\/{rel}","templated":true}]}}