{"id":2270,"date":"2023-04-03T19:26:56","date_gmt":"2023-04-03T17:26:56","guid":{"rendered":"https:\/\/consbasilea.esteri.it\/?page_id=2270"},"modified":"2024-10-15T09:41:06","modified_gmt":"2024-10-15T07:41:06","slug":"italienische-sprache-und-kultur","status":"publish","type":"page","link":"https:\/\/consbasilea.esteri.it\/de\/italia-e-svizzera\/diplomazia-culturale\/italienische-sprache-und-kultur\/","title":{"rendered":"Italienische Sprache und Kultur"},"content":{"rendered":"<p>Die Kultur ist ein zentrales Element f\u00fcr die F\u00f6rderung Italiens in der Welt und stellt ein materielles und immaterielles Erbe dar, auf das man zur\u00fcckgreifen kann, um sich den Herausforderungen der Gegenwart zu begegnen. Die italienische Sprache \u2013 als Erbe der Vergangenheit und Br\u00fccke in die Zukunft \u2013 ist ein wesentlicher Bestandteil davon.<\/p>\n<p>Als eine der Landessprachen der Schweiz erm\u00f6glicht ihre Kenntnis nicht nur den Zugang zu einem reichen kulturellen Erbe, sondern bietet auch die M\u00f6glichkeit, sowohl in Italien als auch in der Schweiz zu studieren und beruflich t\u00e4tig zu sein.<\/p>\n<p>In Zusammenarbeit mit Kulturinstituten und dem Bildungswesen f\u00f6rdert das Konsulat in Basel sowie das gesamte diplomatisch-konsularische Netz die Verbreitung der italienischen Sprache und Kultur im Ausland.<\/p>\n<p>F\u00fcr Informationen zu Veranstaltungen, die vom Konsulat organisiert oder unterst\u00fctzt werden, empfehlen wir Ihnen regelm\u00e4ssig die Rubrik \u00ab<a href=\"https:\/\/consbasilea.esteri.it\/de\/news\/\">News<\/a>\u00bb auf unserer Website zu besuchen.<\/p>\n<p>Weitere Informationen zu Italienisch-Sprachkursen und kulturellen Veranstaltungen finden Sie in der Rubrik \u00ab<a href=\"https:\/\/consbasilea.esteri.it\/de\/servizi-consolari\/servizi-per-il-cittadino-italiano\/schule\/\">Schule<\/a>\u00bb und auf der Website des <a href=\"https:\/\/iiczurigo.esteri.it\/de\/\">Italienischen Kulturinstituts Z\u00fcrich<\/a>.<\/p>\n","protected":false},"excerpt":{"rendered":"Die Kultur ist ein zentrales Element f\u00fcr die F\u00f6rderung Italiens in der Welt und stellt ein materielles und immaterielles Erbe dar, auf das man zur\u00fcckgreifen kann, um sich den Herausforderungen der Gegenwart zu begegnen. Die italienische Sprache \u2013 als Erbe der Vergangenheit und Br\u00fccke in die Zukunft \u2013 ist ein wesentlicher Bestandteil davon. Als eine [&hellip;]","protected":false},"author":4,"featured_media":0,"parent":2101,"menu_order":2,"comment_status":"closed","ping_status":"closed","template":"","meta":{"footnotes":""},"class_list":["post-2270","page","type-page","status-publish","hentry"],"_links":{"self":[{"href":"https:\/\/consbasilea.esteri.it\/de\/wp-json\/wp\/v2\/pages\/2270","targetHints":{"allow":["GET"]}}],"collection":[{"href":"https:\/\/consbasilea.esteri.it\/de\/wp-json\/wp\/v2\/pages"}],"about":[{"href":"https:\/\/consbasilea.esteri.it\/de\/wp-json\/wp\/v2\/types\/page"}],"author":[{"embeddable":true,"href":"https:\/\/consbasilea.esteri.it\/de\/wp-json\/wp\/v2\/users\/4"}],"replies":[{"embeddable":true,"href":"https:\/\/consbasilea.esteri.it\/de\/wp-json\/wp\/v2\/comments?post=2270"}],"version-history":[{"count":2,"href":"https:\/\/consbasilea.esteri.it\/de\/wp-json\/wp\/v2\/pages\/2270\/revisions"}],"predecessor-version":[{"id":3338,"href":"https:\/\/consbasilea.esteri.it\/de\/wp-json\/wp\/v2\/pages\/2270\/revisions\/3338"}],"up":[{"embeddable":true,"href":"https:\/\/consbasilea.esteri.it\/de\/wp-json\/wp\/v2\/pages\/2101"}],"wp:attachment":[{"href":"https:\/\/consbasilea.esteri.it\/de\/wp-json\/wp\/v2\/media?parent=2270"}],"curies":[{"name":"wp","href":"https:\/\/api.w.org\/{rel}","templated":true}]}}