{"id":2264,"date":"2023-04-03T19:26:13","date_gmt":"2023-04-03T17:26:13","guid":{"rendered":"https:\/\/consbasilea.esteri.it\/?page_id=2264"},"modified":"2024-10-03T13:48:22","modified_gmt":"2024-10-03T11:48:22","slug":"geschaeftstaetigkeit-in-italien","status":"publish","type":"page","link":"https:\/\/consbasilea.esteri.it\/de\/italia-e-svizzera\/diplomazia-economica\/geschaeftstaetigkeit-in-italien\/","title":{"rendered":"Gesch\u00e4ftst\u00e4tigkeit in Italien"},"content":{"rendered":"<p><a href=\"http:\/\/Investitionsf\u00fchrer f\u00fcr Italien (Dokument auf Englisch)\"><strong>Investitionsf\u00fchrer f\u00fcr Italien (Dokument auf Englisch)<\/strong><\/a><\/p>\n<p>Italien ist das sechstgr\u00f6sste Land im OECD-Raum und das viertgr\u00f6sste in Europa, gemessen am Wert des Bruttoinlandsprodukts. Die italienische Produktion macht mehr als 13% des BIP der Europ\u00e4ischen Union aus.<\/p>\n<p>Was die Merkmale seiner Produktionsstruktur betrifft, so ist Italiens Zusammensetzung nach Wirtschaftszweigen \u00e4hnlich wie die der wichtigsten europ\u00e4ischen L\u00e4nder: 27,7% der Produktion entfallen auf das verarbeitende Gewerbe und das Baugewerbe und fast 70% auf den Dienstleistungssektor. Innerhalb des letztgenannten Sektors absorbieren Handel, Verkehr und Kommunikation einen h\u00f6heren Anteil des BIP als im Durchschnitt der europ\u00e4ischen L\u00e4nder.<\/p>\n<p>Im Herzen des Mittelmeers gelegen, ist Italien ein wichtiger Knotenpunkt f\u00fcr Strassen-, See- und Luftverkehrsverbindungen zwischen Nord- und S\u00fcdeuropa.<\/p>\n<p>Mit fast 60 Millionen Verbrauchern und einem BIP, das an vierter Stelle in Italien steht, bietet der italienische Markt unz\u00e4hlige M\u00f6glichkeiten f\u00fcr expandierende Unternehmen.<\/p>\n<p>Dank seiner strategischen Lage kann Italien die 396 Millionen Verbraucher in den anderen EU-L\u00e4ndern und die 240 Millionen in Nordafrika und im Nahen Osten leicht erreichen.<\/p>\n<p>Mit einem Umsatz von rund 65 Mrd. EUR hat Italien eine f\u00fchrende Position erreicht (11% Anteil am europ\u00e4ischen Markt).<\/p>\n<p>In Europa steht Italien an erster Stelle der L\u00e4nder mit den niedrigsten Gr\u00fcndungskosten f\u00fcr den Biotechnologiesektor und an zweiter Stelle f\u00fcr Produkttests in Forschung und Entwicklung, Chemie und Elektronik.<\/p>\n","protected":false},"excerpt":{"rendered":"Investitionsf\u00fchrer f\u00fcr Italien (Dokument auf Englisch) Italien ist das sechstgr\u00f6sste Land im OECD-Raum und das viertgr\u00f6sste in Europa, gemessen am Wert des Bruttoinlandsprodukts. Die italienische Produktion macht mehr als 13% des BIP der Europ\u00e4ischen Union aus. Was die Merkmale seiner Produktionsstruktur betrifft, so ist Italiens Zusammensetzung nach Wirtschaftszweigen \u00e4hnlich wie die der wichtigsten europ\u00e4ischen L\u00e4nder: [&hellip;]","protected":false},"author":4,"featured_media":0,"parent":2098,"menu_order":2,"comment_status":"closed","ping_status":"closed","template":"","meta":{"footnotes":""},"class_list":["post-2264","page","type-page","status-publish","hentry"],"_links":{"self":[{"href":"https:\/\/consbasilea.esteri.it\/de\/wp-json\/wp\/v2\/pages\/2264","targetHints":{"allow":["GET"]}}],"collection":[{"href":"https:\/\/consbasilea.esteri.it\/de\/wp-json\/wp\/v2\/pages"}],"about":[{"href":"https:\/\/consbasilea.esteri.it\/de\/wp-json\/wp\/v2\/types\/page"}],"author":[{"embeddable":true,"href":"https:\/\/consbasilea.esteri.it\/de\/wp-json\/wp\/v2\/users\/4"}],"replies":[{"embeddable":true,"href":"https:\/\/consbasilea.esteri.it\/de\/wp-json\/wp\/v2\/comments?post=2264"}],"version-history":[{"count":2,"href":"https:\/\/consbasilea.esteri.it\/de\/wp-json\/wp\/v2\/pages\/2264\/revisions"}],"predecessor-version":[{"id":3285,"href":"https:\/\/consbasilea.esteri.it\/de\/wp-json\/wp\/v2\/pages\/2264\/revisions\/3285"}],"up":[{"embeddable":true,"href":"https:\/\/consbasilea.esteri.it\/de\/wp-json\/wp\/v2\/pages\/2098"}],"wp:attachment":[{"href":"https:\/\/consbasilea.esteri.it\/de\/wp-json\/wp\/v2\/media?parent=2264"}],"curies":[{"name":"wp","href":"https:\/\/api.w.org\/{rel}","templated":true}]}}