{"id":2240,"date":"2023-04-03T19:29:13","date_gmt":"2023-04-03T17:29:13","guid":{"rendered":"https:\/\/consbasilea.esteri.it\/?page_id=2240"},"modified":"2024-09-19T12:37:11","modified_gmt":"2024-09-19T10:37:11","slug":"hilfe-fuer-buergerinnen-und-buerger-im-ausland","status":"publish","type":"page","link":"https:\/\/consbasilea.esteri.it\/de\/servizi-consolari\/servizi-per-il-cittadino-italiano\/hilfe-fuer-buergerinnen-und-buerger-im-ausland\/","title":{"rendered":"Hilfe f\u00fcr B\u00fcrgerinnen und B\u00fcrger im Ausland"},"content":{"rendered":"<p style=\"font-weight: 400;\">Wenn bei einem Auslandsaufenthalt Probleme auftreten, kann die zust\u00e4ndige Amtsstelle (Ufficio Assistenza) bei Ereignissen und\/oder Vorf\u00e4llen, die im Konsularbezirk des Konsulats Basel (Basel-Stadt, Basel-Landschaft, Aargau, Solothurn und Jura) eintreten, auf Anfrage der oder des Betroffenen zu ihren oder seinen Gunsten intervenieren.<\/p>\n<p style=\"font-weight: 400;\">M\u00f6gliche Interventionen (Beispiele):<\/p>\n<ul style=\"font-weight: 400;\">\n<li><a href=\"https:\/\/www.esteri.it\/en\/servizi-consolari-e-visti\/italiani-all-estero\/assistenzacittadiniestero\/assistenza_detenuti\/\">Hilfe bei Inhaftierung<\/a><\/li>\n<li><a href=\"https:\/\/www.esteri.it\/it\/servizi-consolari-e-visti\/italiani-all-estero\/assistenzacittadiniestero\/assistenza_sanitaria\">Hilfe bei Gesundheitsproblemen<\/a><\/li>\n<li><a href=\"https:\/\/www.esteri.it\/en\/servizi-consolari-e-visti\/italiani-all-estero\/assistenzacittadiniestero\/ricerche_connazionali\/\">Hilfe bei der Suche nach Mitb\u00fcrgerinnen oder Mitb\u00fcrgern<\/a><\/li>\n<li><a href=\"https:\/\/www.esteri.it\/en\/servizi-consolari-e-visti\/italiani-all-estero\/assistenzacittadiniestero\/rimpatrio_salme\/\">\u00dcberf\u00fchrung von sterblichen \u00dcberresten im Todesfall<\/a><\/li>\n<\/ul>\n<p style=\"font-weight: 400;\">Informationen erhalten Sie unter der Adresse\u00a0<a href=\"mailto:assistenza.basilea@esteri.it\">assistenza.basilea@esteri.it<\/a><\/p>\n","protected":false},"excerpt":{"rendered":"Wenn bei einem Auslandsaufenthalt Probleme auftreten, kann die zust\u00e4ndige Amtsstelle (Ufficio Assistenza) bei Ereignissen und\/oder Vorf\u00e4llen, die im Konsularbezirk des Konsulats Basel (Basel-Stadt, Basel-Landschaft, Aargau, Solothurn und Jura) eintreten, auf Anfrage der oder des Betroffenen zu ihren oder seinen Gunsten intervenieren. M\u00f6gliche Interventionen (Beispiele): Hilfe bei Inhaftierung Hilfe bei Gesundheitsproblemen Hilfe bei der Suche nach [&hellip;]","protected":false},"author":4,"featured_media":0,"parent":2112,"menu_order":8,"comment_status":"closed","ping_status":"closed","template":"","meta":{"footnotes":""},"class_list":["post-2240","page","type-page","status-publish","hentry"],"_links":{"self":[{"href":"https:\/\/consbasilea.esteri.it\/de\/wp-json\/wp\/v2\/pages\/2240","targetHints":{"allow":["GET"]}}],"collection":[{"href":"https:\/\/consbasilea.esteri.it\/de\/wp-json\/wp\/v2\/pages"}],"about":[{"href":"https:\/\/consbasilea.esteri.it\/de\/wp-json\/wp\/v2\/types\/page"}],"author":[{"embeddable":true,"href":"https:\/\/consbasilea.esteri.it\/de\/wp-json\/wp\/v2\/users\/4"}],"replies":[{"embeddable":true,"href":"https:\/\/consbasilea.esteri.it\/de\/wp-json\/wp\/v2\/comments?post=2240"}],"version-history":[{"count":5,"href":"https:\/\/consbasilea.esteri.it\/de\/wp-json\/wp\/v2\/pages\/2240\/revisions"}],"predecessor-version":[{"id":3067,"href":"https:\/\/consbasilea.esteri.it\/de\/wp-json\/wp\/v2\/pages\/2240\/revisions\/3067"}],"up":[{"embeddable":true,"href":"https:\/\/consbasilea.esteri.it\/de\/wp-json\/wp\/v2\/pages\/2112"}],"wp:attachment":[{"href":"https:\/\/consbasilea.esteri.it\/de\/wp-json\/wp\/v2\/media?parent=2240"}],"curies":[{"name":"wp","href":"https:\/\/api.w.org\/{rel}","templated":true}]}}