{"id":2237,"date":"2023-06-23T09:14:24","date_gmt":"2023-06-23T07:14:24","guid":{"rendered":"https:\/\/consbasilea.esteri.it\/?page_id=2237"},"modified":"2025-07-03T17:30:02","modified_gmt":"2025-07-03T15:30:02","slug":"fast-it-portal-konsularische-dienstleistungen","status":"publish","type":"page","link":"https:\/\/consbasilea.esteri.it\/de\/servizi-consolari\/servizi-per-il-cittadino-italiano\/2221-2\/fast-it-portal-konsularische-dienstleistungen\/","title":{"rendered":"Fast-It \u2013 Portal Konsularische Dienstleistungen"},"content":{"rendered":"<p style=\"font-weight: 400;\"><strong>Die Eintragung im A.I.R.E. ist \u00fcber das Portal \u00ab<a href=\"https:\/\/serviziconsolari.esteri.it\/ScoFE\/index.sco\">Fast-It<\/a>\u00bb zu beantragen. Nach der Registrierung steht es Ihnen in italienischer, deutscher und franz\u00f6sischer Sprache zur Verf\u00fcgung.<\/strong><\/p>\n<p style=\"font-weight: 400;\"><span style=\"text-decoration: underline;\"><strong>Zweck des Portals Fast-It:<\/strong><\/span><\/p>\n<ol>\n<li><a href=\"https:\/\/serviziconsolari.esteri.it\/ScoFE\/index.sco\"><strong>Eintragung im A.I.R.E.<\/strong><\/a>(erstmalig oder nach Zuzug aus einem anderen Konsularbezirk) \u2013 siehe\u00a0<a href=\"https:\/\/consbasilea.esteri.it\/wp-content\/uploads\/2023\/07\/1_guida-pratica_iscrizione-fastit.pdf\">Leitfaden<\/a><\/li>\n<li><strong>Einsicht des eigenen <a href=\"https:\/\/serviziconsolari.esteri.it\/ScoFE\/services\/service-info.sco?serviceId=93\">Eintrags im Meldregister <\/a><\/strong>und ggf. Aktualisierung durch Einbindung des Profils) \u2013 siehe\u00a0<a href=\"https:\/\/consbasilea.esteri.it\/wp-content\/uploads\/2023\/07\/3_guida-pratica_associazione-account-fast-it.pdf\">Leitfaden<\/a><\/li>\n<li><strong>Meldung allf\u00e4lliger <a href=\"https:\/\/serviziconsolari.esteri.it\/ScoFE\/index.sco\">Wohnsitzwechsel <\/a><\/strong>(innerhalb des Konsularbezirks) \u2013 siehe\u00a0<a href=\"https:\/\/consbasilea.esteri.it\/wp-content\/uploads\/2023\/07\/2_guida-pratica_cambio-indirizzo.pdf\">Leitfaden<\/a><\/li>\n<\/ol>\n<p style=\"font-weight: 400;\"><strong><u>Vorgehen nach der Registrierung:<\/u><\/strong><\/p>\n<ol>\n<li><strong>F\u00fcllen Sie <\/strong>das Eintragungs-, Adress\u00e4nderungs-\/ Zuzugsformular (aus einem anderen Konsularbezirk) vollumf\u00e4nglich aus und unterzeichnen Sie es.<\/li>\n<li><strong>Scannen Sie <\/strong>das Dokument ein, speichern Sie es im PDF-Format und legen Sie es zusammen mit den im Folgenden aufgelisteten Unterlagen auf dem Portal ab:<\/li>\n<\/ol>\n<ul>\n<li style=\"font-weight: 400;\"><strong>Bei<u>\u00a0Eintragung im A.I.R.E. <\/u>oder Antrag auf <u>\u00dcbertragung<\/u> aus einem anderen Konsularbezirk:<\/strong>\n<ul>\n<li>Kopie des\u00a0<u>Reisepasses bzw. der Identit\u00e4tskarte<\/u>\u00a0(Vorder- und R\u00fcckseite);<\/li>\n<li>Kopie der <strong>Aufenthaltsbewilligung<\/strong> (Vorder- und R\u00fcckseite) und eine Kopie eines amtlichen <strong>Dokuments<\/strong>, aus dem Ihre derzeitige Anschrift hervorgeht (folgende Dokumente werden akzeptiert: Wohnsitzbescheinigung, Krankenversicherungspolice, Fahrzeugausweis, erste Seite der Steuererkl\u00e4rung oder Mitteilungen des Migrationsamts).<\/li>\n<\/ul>\n<\/li>\n<\/ul>\n<p style=\"font-weight: 400;\">Hinweis:\u00a0<strong>Italienisch-schweizerische Doppelb\u00fcrgerinnen bzw. -b\u00fcrger<\/strong>\u00a0sind stattdessen gehalten, eine h\u00f6chstens drei Monate alte Kopie der Wohnsitzbescheinigung einzureichen<\/p>\n<ul>\n<li style=\"font-weight: 400;\"><strong>Bei Adress\u00e4nderungen sind folgende Dokumente beizulegen:<\/strong>\n<ul>\n<li>Kopie des\u00a0<u>Reisepasses bzw. der Identit\u00e4tskarte<\/u>\u00a0(Vorder- und R\u00fcckseite);<\/li>\n<li><u>Ordnungsgem\u00e4ss ausgef\u00fcllte und unterzeichnete<\/u> rechtsverbindliche Eigenerkl\u00e4rung;<\/li>\n<li><u>Kopie der Aufenthaltsbewilligung<\/u>\u00a0(Vorder- und R\u00fcckseite) und\u00a0<u>Kopie eines Nachweises der aktuellen Wohnadresse<\/u> (folgende Dokumente werden akzeptiert: Wohnsitzbescheinigung, Krankenversicherungspolice, Fahrzeugausweis, erste Seite der Steuererkl\u00e4rung oder Mitteilungen des Migrationsamts)<\/li>\n<\/ul>\n<\/li>\n<\/ul>\n<p style=\"font-weight: 400;\"><strong>HINWEIS:<\/strong><\/p>\n<ol>\n<li style=\"font-weight: 400;\">Beim\u00a0<span style=\"text-decoration: underline;\"><strong>Ausf\u00fcllen des Abschnitts Familie <\/strong><\/span>auf Fast-IT:<\/li>\n<\/ol>\n<ul style=\"font-weight: 400;\">\n<li style=\"list-style-type: none;\">\n<ul>\n<li><strong>\u00a0<\/strong>Bei<span style=\"text-decoration: underline;\"><strong>\u00a0im zust\u00e4ndigen Konsularbezirk wohnhaften Familienangeh\u00f6rigen<\/strong><\/span>\u00a0hat die italienische B\u00fcrgerin bzw. der italienische B\u00fcrger den Antrag auf Eintragung auch f\u00fcr die \u00fcbrigen an derselben Adresse lebenden Familienmitglieder (z. B. Ehegattin\/Ehegatte, Kinder) einzureichen.<\/li>\n<li>Bei\u00a0<span style=\"text-decoration: underline;\"><strong>nicht im zust\u00e4ndigen Konsularbezirk wohnhaften Familienangeh\u00f6rigen<\/strong><\/span>\u00a0sind diese dennoch einschliesslich ihrer korrekten Adresse (in Italien oder im Ausland) anzugeben.<\/li>\n<\/ul>\n<\/li>\n<\/ul>\n<ol start=\"2\">\n<li style=\"font-weight: 400;\"><strong>Eintragungsantr\u00e4ge<span style=\"text-decoration: underline;\"> per E-Mail<\/span> k\u00f6nnen nur in\u00a0entsprechend begr\u00fcndeten\u00a0Ausnahmef\u00e4llen akzeptiert werden.\u00a0<\/strong>Bitte richten Sie Ihre Mail an\u00a0<strong>basilea.anagrafe@esteri.it<\/strong>(es werden keine Antworten auf Informationen erteilt, die auf der Website vorhanden sind; allf\u00e4llige Anh\u00e4nge sind ausschliesslich im PDF-Format zu \u00fcbermitteln).<\/li>\n<\/ol>\n","protected":false},"excerpt":{"rendered":"Die Eintragung im A.I.R.E. ist \u00fcber das Portal \u00abFast-It\u00bb zu beantragen. Nach der Registrierung steht es Ihnen in italienischer, deutscher und franz\u00f6sischer Sprache zur Verf\u00fcgung. Zweck des Portals Fast-It: Eintragung im A.I.R.E.(erstmalig oder nach Zuzug aus einem anderen Konsularbezirk) \u2013 siehe\u00a0Leitfaden Einsicht des eigenen Eintrags im Meldregister und ggf. Aktualisierung durch Einbindung des Profils) \u2013 [&hellip;]","protected":false},"author":4,"featured_media":0,"parent":2221,"menu_order":0,"comment_status":"closed","ping_status":"closed","template":"","meta":{"footnotes":""},"class_list":["post-2237","page","type-page","status-publish","hentry"],"_links":{"self":[{"href":"https:\/\/consbasilea.esteri.it\/de\/wp-json\/wp\/v2\/pages\/2237","targetHints":{"allow":["GET"]}}],"collection":[{"href":"https:\/\/consbasilea.esteri.it\/de\/wp-json\/wp\/v2\/pages"}],"about":[{"href":"https:\/\/consbasilea.esteri.it\/de\/wp-json\/wp\/v2\/types\/page"}],"author":[{"embeddable":true,"href":"https:\/\/consbasilea.esteri.it\/de\/wp-json\/wp\/v2\/users\/4"}],"replies":[{"embeddable":true,"href":"https:\/\/consbasilea.esteri.it\/de\/wp-json\/wp\/v2\/comments?post=2237"}],"version-history":[{"count":6,"href":"https:\/\/consbasilea.esteri.it\/de\/wp-json\/wp\/v2\/pages\/2237\/revisions"}],"predecessor-version":[{"id":4565,"href":"https:\/\/consbasilea.esteri.it\/de\/wp-json\/wp\/v2\/pages\/2237\/revisions\/4565"}],"up":[{"embeddable":true,"href":"https:\/\/consbasilea.esteri.it\/de\/wp-json\/wp\/v2\/pages\/2221"}],"wp:attachment":[{"href":"https:\/\/consbasilea.esteri.it\/de\/wp-json\/wp\/v2\/media?parent=2237"}],"curies":[{"name":"wp","href":"https:\/\/api.w.org\/{rel}","templated":true}]}}