{"id":2235,"date":"2023-07-05T08:55:31","date_gmt":"2023-07-05T06:55:31","guid":{"rendered":"https:\/\/consbasilea.esteri.it\/?page_id=2235"},"modified":"2024-09-23T09:06:31","modified_gmt":"2024-09-23T07:06:31","slug":"meldung-aenderung-von-a-i-r-e-eintraegen-fuer-minderjaehrige","status":"publish","type":"page","link":"https:\/\/consbasilea.esteri.it\/de\/servizi-consolari\/servizi-per-il-cittadino-italiano\/2221-2\/meldung-aenderung-von-a-i-r-e-eintraegen-fuer-minderjaehrige\/","title":{"rendered":"Meldung\/\u00c4nderung von A.I.R.E.-Eintr\u00e4gen f\u00fcr Minderj\u00e4hrige"},"content":{"rendered":"<div class=\"col-lg-8\">\n<article id=\"post-458\" class=\"post-458 page type-page status-publish hentry\">\n<div class=\"entry-content\">\n<p style=\"font-weight: 400;\">Die Reform des Abstammungsrechts durch das Gesetz L219\/2012 und das Gesetzesdekret 154\/2013 hat Nebeneffekte bei der Stammdatenverwaltung von Minderj\u00e4hrigen. Diese betreffen weniger die \u2013 im Grossen und Ganzen unver\u00e4nderten \u2013 Grunds\u00e4tze, sondern vielmehr die verfahrensrechtlichen Vorkehrungen, die in diesen F\u00e4llen zur Anwendung kommen.<\/p>\n<p style=\"font-weight: 400;\">Als Fallbeispiel sei der ge\u00e4nderte Art. 316 Codice civile (Zivilgesetzbuch) \u00fcber die elterliche Verantwortung herangezogen, in dessen erstem Absatz Folgendes festgelegt ist: \u00ab<em>Beide Elternteile sind im Besitz der elterlichen Verantwortung; sie wird in gemeinsamem Einverst\u00e4ndnis ausge\u00fcbt, wobei die F\u00e4higkeiten, die nat\u00fcrlichen Neigungen und die Bestrebungen des Kindes zu ber\u00fccksichtigen sind.\u00a0<strong>Die Eltern legen in gemeinsamem Einverst\u00e4ndnis den gew\u00f6hnlichen Wohnsitz der oder des Minderj\u00e4hrigen fest \u2026<\/strong><\/em>. Die Festlegung des gew\u00f6hnlichen Wohnsitzes geh\u00f6rt somit zu den fundamentalen Entscheidungen, bei denen immer ein gemeinsames Einvernehmen der Eltern angestrebt wird.<\/p>\n<p style=\"font-weight: 400;\">Daher ist\u00a0<u>bei einem beantragten Eintrag\/einer beantragten \u00c4nderung des A.I.R.E.-Eintrags einer minderj\u00e4hrigen Person, die nicht mit beiden Elternteilen zusammenlebt<\/u>, wie folgt vorzugehen:<\/p>\n<ol>\n<li><strong>Der Antrag ist von beiden Personen, welche die elterliche Verantwortung aus\u00fcben, zu unterschreiben.<\/strong><\/li>\n<li><strong>Auch bei \u00dcbermittlung auf dem Postweg oder in elektronischer Form sind dem Antrag Kopien des Identit\u00e4tsausweises beider Unterzeichner beizulegen.<\/strong><\/li>\n<\/ol>\n<p style=\"font-weight: 400;\">Falls keine Willenserkl\u00e4rung beider Elternteile vorliegt,\u00a0<em>hat der Antragsteller bzw. die Antragstellerin den Antrag mit der fehlenden Zustimmung zu erg\u00e4nzen<\/em>\u00a0und an die Adresse\u00a0<a href=\"mailto:basilea.anagrafe@esteri.it\">basilea.anagrafe@esteri.it<\/a>\u00a0zu senden. Eine herunterladbare Vorlage (in italienischer Sprache) findet sich\u00a0<a href=\"https:\/\/consbasilea.esteri.it\/wp-content\/uploads\/2023\/06\/2023-Basilea_atto_assenso_cambio_residenza_figli_minori.pdf\"><strong>hier<\/strong><\/a>.<\/p>\n<p style=\"font-weight: 400;\">Hinweis: Es ist\u00a0<strong><em>eine aktuelle Zustimmung erforderlich<\/em><\/strong>, d.\u00a0h. sie hat zeitnahe zu erfolgen oder sich ausdr\u00fccklich auf den Antrag auf Eintragung des Wohnortwechsels zu beziehen.<\/p>\n<p style=\"font-weight: 400;\">Falls die Antragstellerin oder der Antragsteller erkl\u00e4rt, dass das Einverst\u00e4ndnis des anderen Inhabers der elterlichen Verantwortung nicht besteht, z.\u00a0B. weil die betreffende Person verstorben ist oder weil sie durch Gerichtsbeschluss von der Elternschaft ausgeschlossen ist oder weil die oder der Minderj\u00e4hrige nur von einem Elternteil anerkannt wurde, hat die Antragstellerin oder der Antragsteller dies\u00a0<em>mit entsprechenden Dokumenten zu belegen \u2013 sofern diese nicht bereits Teil der eingereichten Unterlagen oder im Archiv hinterlegt sind<\/em>.<\/p>\n<p style=\"font-weight: 400;\">Falls die Antragstellerin oder der Antragsteller jedoch erkl\u00e4rt, dass das Einverst\u00e4ndnis des anderen Elternteils schlichtweg nicht eingeholt werden kann (nicht nur, weil diese Person allenfalls nicht zu ermitteln ist, sondern vor allem auch bei schlichtem Desinteresse,\u00a0<em>hat erstere bzw. ersterer dennoch die letzten bekannten Koordinaten anzugeben, unter denen diese Person potenziell zu finden ist.<\/em>\u00a0<strong>Der Begriff Koordinaten bezeichnet in diesem Zusammenhang nicht nur die Adresse, sondern auch allf\u00e4llige Telefonnummern und E-Mail-Adressen.<\/strong><\/p>\n<p>&nbsp;<\/p>\n<\/div>\n<footer class=\"entry-footer\"><\/footer>\n<\/article>\n<\/div>\n<aside id=\"secondary\" class=\"widget-area col-lg-4 ps-3 d-none d-lg-block d-xl-block affix-parent\">\n<div class=\"sidebar-wrapper affix-top side-affix\">\n<p><strong>Anmeldung eines neugeborenen Kindes bei AIRE<\/strong><\/p>\n<p>Die Anmeldung eines neugeborenen Kindes, das in der Schweiz geboren wurde, kann nicht \u00fcber das Portal Fast.it erfolgen, da ein Auszug aus der Geburtsurkunde im internationalen Format und im <strong>ORIGINAL<\/strong> (<strong>Auszug aus dem Geburtsregister &#8211; CIEC<\/strong>) mit den Namen beider Elternteile erforderlich ist (siehe Abschnitt \u201e<a href=\"https:\/\/consbasilea.esteri.it\/de\/servizi-consolari\/servizi-per-il-cittadino-italiano\/zivilstand\/eintragung-von-zivilstandsurkunden-in-italien\/\">Zivilstand<\/a>\u201c). Die originale Geburtsurkunde muss per Post zum Konsulat gechickt werden.<\/p>\n<\/div>\n<\/aside>\n","protected":false},"excerpt":{"rendered":"Die Reform des Abstammungsrechts durch das Gesetz L219\/2012 und das Gesetzesdekret 154\/2013 hat Nebeneffekte bei der Stammdatenverwaltung von Minderj\u00e4hrigen. Diese betreffen weniger die \u2013 im Grossen und Ganzen unver\u00e4nderten \u2013 Grunds\u00e4tze, sondern vielmehr die verfahrensrechtlichen Vorkehrungen, die in diesen F\u00e4llen zur Anwendung kommen. Als Fallbeispiel sei der ge\u00e4nderte Art. 316 Codice civile (Zivilgesetzbuch) \u00fcber die [&hellip;]","protected":false},"author":4,"featured_media":0,"parent":2221,"menu_order":0,"comment_status":"closed","ping_status":"closed","template":"","meta":{"footnotes":""},"class_list":["post-2235","page","type-page","status-publish","hentry"],"_links":{"self":[{"href":"https:\/\/consbasilea.esteri.it\/de\/wp-json\/wp\/v2\/pages\/2235","targetHints":{"allow":["GET"]}}],"collection":[{"href":"https:\/\/consbasilea.esteri.it\/de\/wp-json\/wp\/v2\/pages"}],"about":[{"href":"https:\/\/consbasilea.esteri.it\/de\/wp-json\/wp\/v2\/types\/page"}],"author":[{"embeddable":true,"href":"https:\/\/consbasilea.esteri.it\/de\/wp-json\/wp\/v2\/users\/4"}],"replies":[{"embeddable":true,"href":"https:\/\/consbasilea.esteri.it\/de\/wp-json\/wp\/v2\/comments?post=2235"}],"version-history":[{"count":7,"href":"https:\/\/consbasilea.esteri.it\/de\/wp-json\/wp\/v2\/pages\/2235\/revisions"}],"predecessor-version":[{"id":3173,"href":"https:\/\/consbasilea.esteri.it\/de\/wp-json\/wp\/v2\/pages\/2235\/revisions\/3173"}],"up":[{"embeddable":true,"href":"https:\/\/consbasilea.esteri.it\/de\/wp-json\/wp\/v2\/pages\/2221"}],"wp:attachment":[{"href":"https:\/\/consbasilea.esteri.it\/de\/wp-json\/wp\/v2\/media?parent=2235"}],"curies":[{"name":"wp","href":"https:\/\/api.w.org\/{rel}","templated":true}]}}