{"id":2221,"date":"2023-04-03T19:28:49","date_gmt":"2023-04-03T17:28:49","guid":{"rendered":"https:\/\/consbasilea.esteri.it\/?page_id=2221"},"modified":"2024-01-30T10:49:27","modified_gmt":"2024-01-30T08:49:27","slug":"2221-2","status":"publish","type":"page","link":"https:\/\/consbasilea.esteri.it\/de\/servizi-consolari\/servizi-per-il-cittadino-italiano\/2221-2\/","title":{"rendered":"Register der im Ausland lebenden Italienerinnen und Italiener (A.I.R.E.)"},"content":{"rendered":"<p style=\"font-weight: 400;\">Das\u00a0<a href=\"https:\/\/www.esteri.it\/it\/servizi-consolari-e-visti\/italiani-all-estero\/aire_0\/\">Register der im Ausland lebenden Italienerinnen und Italiener (A.I.R.E.)<\/a>\u00a0wurde mit dem Gesetz Nr. 470 vom 27. Oktober 1988 eingef\u00fchrt.\u00a0Es wird von den Gemeinden gef\u00fchrt und beruht auf den Daten und Angaben, die von den konsularischen Vertretungen im Ausland \u00fcbermittelt werden.<\/p>\n<p style=\"font-weight: 400;\">Die Eintragung im Melderegister A.I.R.E. geh\u00f6rt zu den b\u00fcrgerlichen Rechten und Pflichten (Art. 6, Gesetz 470\/1988) und ist eine Vorbedingung f\u00fcr die Nutzung der konsularischen Dienstleistungen der Vertretungen im Ausland sowie f\u00fcr die Aus\u00fcbung wesentlicher B\u00fcrgerrechte, wie beispielsweise:<\/p>\n<ul style=\"font-weight: 400;\">\n<li>das Recht zur brieflichen Stimmabgabe bei politischen Wahlen und Referenden gem\u00e4ss Artikel 75 und 138 der italienischen Verfassung und den Vorgaben im Gesetz Nr. 459\/2001;<\/li>\n<li>das Recht zur Stimmabgabe an anerkannten Standorten des diplomatisch-konsularischen Netzes in Mitgliedstaaten der Europ\u00e4ischen Union anl\u00e4sslich der Wahlen von Vertreterinnen und Vertretern der italienischen Republik im Europ\u00e4ischen Parlament;<\/li>\n<li>die Ausstellung von Personalausweisen und Reisedokumenten;<\/li>\n<li>die M\u00f6glichkeit, bei Konsulaten im Ausland die Ausstellung von Bef\u00e4higungsausweisen zu beantragen.<\/li>\n<\/ul>\n<p style=\"font-weight: 400;\"><strong>Folgende Personenkreise sind zur Eintragung im Melderegister A.I.R.E. verpflichtet:<\/strong><\/p>\n<ul style=\"font-weight: 400;\">\n<li>alle italienischen B\u00fcrgerinnen und B\u00fcrger, die beabsichtigen, sich f\u00fcr mehr als 12 Monate im Ausland aufzuhalten (Art. 8, Gesetz 470\/1988). Die Eintragung hat\u00a0<strong>innerhalb von 90 Tagen<\/strong>\u00a0ab dem Datum der Verlegung des Wohnsitzes zu erfolgen;<\/li>\n<li>italienische B\u00fcrgerinnen und B\u00fcrger, die bereits im Ausland ans\u00e4ssig sind, sofern sie entweder im Ausland zur Welt kamen oder die italienische Staatsb\u00fcrgerschaft sp\u00e4ter auf andere Art erworben haben.<\/li>\n<\/ul>\n<p style=\"font-weight: 400;\"><strong>Keine Verpflichtung zur Eintragung im Melderegister A.I.R.E. besteht in folgenden F\u00e4llen:<\/strong><\/p>\n<ul style=\"font-weight: 400;\">\n<li>Auslandsaufenthalte von weniger als 12 Monaten;<\/li>\n<li>T\u00e4tigkeit als Saisonarbeiterin oder -arbeiter;<\/li>\n<li>im Auslandsdienst besch\u00e4ftigte Staatsbeamtinnen und -beamte, die gem\u00e4ss dem Wiener \u00dcbereinkommen \u00fcber diplomatische Beziehungen und dem Wiener \u00dcbereinkommen \u00fcber konsularische Beziehungen aus dem Jahr 1961 bzw. 1963 bei den lokalen Beh\u00f6rden gemeldet sind;<\/li>\n<li>italienische Soldatinnen und Soldaten in Mission bei den B\u00fcros und Strukturen der NATO im Ausland.<\/li>\n<\/ul>\n<p style=\"font-weight: 400;\"><strong>WICHTIGER HINWEIS \u2013 So tragen Sie sich in das Melderegister A.I.R.E. ein:<\/strong><\/p>\n<p style=\"font-weight: 400;\">Die Eintragung im Melderegister A.I.R.E. ist\u00a0<strong>KOSTENLOS<\/strong>.<\/p>\n<p style=\"font-weight: 400;\">Die\u00a0<a href=\"https:\/\/www.esteri.it\/it\/servizi-consolari-e-visti\/italiani-all-estero\/aire_0\/\">Eintragung im Register A.I.R.E.<\/a>\u00a0hat\u00a0<strong>innerhalb von 90 Tagen<\/strong>\u00a0ab dem Datum der Verlegung des Wohnsitzes zu erfolgen; gleichzeitig ist im Einwohnerregister (Anagrafe della Popolazione Residente, A.P.R.) der Herkunftsgemeinde eine entsprechende L\u00f6schung vorzunehmen. Die Eintragung von im Ausland ans\u00e4ssigen italienischen B\u00fcrgerinnen und B\u00fcrger kann auch ex officio aufgrund von Angaben und Daten erfolgen, die dem zust\u00e4ndigen Konsulat vorliegen (Art. 6 Abs. 6, Gesetz 470\/1988).<\/p>\n<p style=\"font-weight: 400;\"><strong>Der Antrag auf Eintragung ist \u00fcber das Portal\u00a0<a href=\"https:\/\/serviziconsolari.esteri.it\/ScoFE\/index.sco\">FAST-IT<\/a><\/strong>\u00a0zu stellen. Nutzen Sie zu diesem Zweck das entsprechende Antragsformular (<a href=\"https:\/\/consbasilea.esteri.it\/de\/it\/servizi-consolari\/servizi-per-il-cittadino-italiano\/anagrafe-degli-italiani-residenti-allestero-aire\/fast-it-il-portale-dei-servizi-consolari\/\">siehe diesbez\u00fcglicher Abschnitt auf dieser Website<\/a>) und legen Sie die verlangten Dokumente und Unterlagen bei. \u00dcber FAST-IT lassen sich auch\u00a0<strong><u>allf\u00e4llige Adress\u00e4nderungen<\/u><\/strong>\u00a0von B\u00fcrgerinnen und B\u00fcrgern melden.<\/p>\n<p style=\"font-weight: 400;\">Eintragungsantr\u00e4ge per E-Mail k\u00f6nnen nur in\u00a0<strong><u>entsprechend begr\u00fcndeten<\/u><\/strong>\u00a0Ausnahmef\u00e4llen akzeptiert werden. Bitte richten Sie Ihre Mail an\u00a0<a href=\"mailto:basilea.anagrafe@esteri.it\">basilea.anagrafe@esteri.it<\/a>\u00a0(es werden keine Antworten auf Informationen erteilt, die auf der Website vorhanden sind; allf\u00e4llige Anh\u00e4nge sind ausschliesslich im PDF-Format zu \u00fcbermitteln).<\/p>\n","protected":false},"excerpt":{"rendered":"Das\u00a0Register der im Ausland lebenden Italienerinnen und Italiener (A.I.R.E.)\u00a0wurde mit dem Gesetz Nr. 470 vom 27. Oktober 1988 eingef\u00fchrt.\u00a0Es wird von den Gemeinden gef\u00fchrt und beruht auf den Daten und Angaben, die von den konsularischen Vertretungen im Ausland \u00fcbermittelt werden. Die Eintragung im Melderegister A.I.R.E. geh\u00f6rt zu den b\u00fcrgerlichen Rechten und Pflichten (Art. 6, Gesetz [&hellip;]","protected":false},"author":4,"featured_media":0,"parent":2112,"menu_order":4,"comment_status":"closed","ping_status":"closed","template":"","meta":{"footnotes":""},"class_list":["post-2221","page","type-page","status-publish","hentry"],"_links":{"self":[{"href":"https:\/\/consbasilea.esteri.it\/de\/wp-json\/wp\/v2\/pages\/2221","targetHints":{"allow":["GET"]}}],"collection":[{"href":"https:\/\/consbasilea.esteri.it\/de\/wp-json\/wp\/v2\/pages"}],"about":[{"href":"https:\/\/consbasilea.esteri.it\/de\/wp-json\/wp\/v2\/types\/page"}],"author":[{"embeddable":true,"href":"https:\/\/consbasilea.esteri.it\/de\/wp-json\/wp\/v2\/users\/4"}],"replies":[{"embeddable":true,"href":"https:\/\/consbasilea.esteri.it\/de\/wp-json\/wp\/v2\/comments?post=2221"}],"version-history":[{"count":3,"href":"https:\/\/consbasilea.esteri.it\/de\/wp-json\/wp\/v2\/pages\/2221\/revisions"}],"predecessor-version":[{"id":2300,"href":"https:\/\/consbasilea.esteri.it\/de\/wp-json\/wp\/v2\/pages\/2221\/revisions\/2300"}],"up":[{"embeddable":true,"href":"https:\/\/consbasilea.esteri.it\/de\/wp-json\/wp\/v2\/pages\/2112"}],"wp:attachment":[{"href":"https:\/\/consbasilea.esteri.it\/de\/wp-json\/wp\/v2\/media?parent=2221"}],"curies":[{"name":"wp","href":"https:\/\/api.w.org\/{rel}","templated":true}]}}