{"id":2217,"date":"2023-06-20T15:02:00","date_gmt":"2023-06-20T13:02:00","guid":{"rendered":"https:\/\/consbasilea.esteri.it\/?page_id=2217"},"modified":"2024-11-15T15:01:03","modified_gmt":"2024-11-15T13:01:03","slug":"2217-2","status":"publish","type":"page","link":"https:\/\/consbasilea.esteri.it\/de\/servizi-consolari\/servizi-per-il-cittadino-italiano\/2217-2\/","title":{"rendered":"Identit\u00e4tskarten"},"content":{"rendered":"<p><strong>ALLGEMEINE INFORMATIONEN<\/strong><\/p>\n<p>Die elektronische Identit\u00e4tskarte (Carta d\u2019Identit\u00e0 Elettronica, CIE), auch als elektronischer Personalausweis bezeichnet, ist ein multifunktionales Dokument: Sie belegt die Identit\u00e4t der B\u00fcrgerin oder des B\u00fcrgers, sie dient als Reisedokument, sie enth\u00e4lt die Steueridentifikationsnummer und kann zur Beantragung einer digitalen Identit\u00e4t im SPID-System (Sistema Pubblico di Identit\u00e0 Digitale) verwendet werden. Die digitale Identit\u00e4t berechtigt zum Zugang zu den Dienstleistungen der \u00f6ffentlichen Verwaltung der italienischen Republik.<\/p>\n<p>Die\u00a0<strong>Geltungsdauer<\/strong> der Identit\u00e4tskarte h\u00e4ngt vom Alter der Inhaberin bzw. des Inhabers ab:<\/p>\n<p>\u2013 Geltungsdauer von 3 Jahren bei Minderj\u00e4hrigen im Alter 0 bis 3 Jahren;<br \/>\n\u2013\u00a0Geltungsdauer von 5 Jahren bei Minderj\u00e4hrigen im Alter 3 bis 18 Jahren;<br \/>\n\u2013 Geltungsdauer von 10 Jahren bei Vollj\u00e4hrigen.<\/p>\n<p>Die CIE wird ausschliesslich nach pers\u00f6nlicher Terminvereinbarung ausgestellt; entsprechende Termine k\u00f6nnen nur von italienischen B\u00fcrgerinnen und B\u00fcrgern vereinbart werden, die im Konsularbezirk (Basel-Stadt, Basel-Landschaft, Aargau, Solothurn und Jura) wohnhaft und im A.I.R.E. (Register der im Ausland lebenden Italienerinnen und Italiener) erfasst sind.<\/p>\n<p>&nbsp;<\/p>\n<p><b><strong>BUCHUNG EINES TERMINS F\u00dcR EINE IDENTIT\u00c4TSKARTE<\/strong><\/b><\/p>\n<p>Um einen Termin zu vereinbaren, m\u00fcssen Sie die folgende Schritte:<\/p>\n<ul>\n<li>Anmeldung bei\u00a0<a href=\"https:\/\/consbasilea.esteri.it\/de\/servizi-consolari\/servizi-per-il-cittadino-italiano\/prenotmi\/\"><strong>PRENOT@MI<\/strong><\/a>.<\/li>\n<li>Auswahl des \u201eIdentit\u00e4tskarte\u201c-Amtsstelle<\/li>\n<li>Auswahl des bevorzugten Datum und der bevorzugten Zeit aus dem Angebot.<\/li>\n<\/ul>\n<p>Bitte beachten Sie, dass die Termine\u00a0<b><strong>nur in begrenztem Umfang verf\u00fcgbar<\/strong><\/b>\u00a0sind und\u00a0<b><strong>zu Beginn jeder Woche im Portal ver\u00f6ffentlicht<\/strong><\/b>\u00a0werden.<\/p>\n<p>&nbsp;<\/p>\n<p><strong>AUSSTELLUNG DES DOKUMENTS<\/strong><\/p>\n<p>Anders als der Reisepass kann die Identit\u00e4tskarte <strong>nicht<\/strong> am Datum des Termins auf Sicht ausgestellt werden.<\/p>\n<p>Innerhalb von zwei Wochen nach Stellung des Antrags im Konsulat nimmt die italienische Staatsdruckerei und M\u00fcnzpr\u00e4geanstalt (Istituto Poligrafico e Zecca dello Stato) den Druck und Postversand der CIE vor. Der Versand erfolgt an die durch die Antragstellerin oder den Antragsteller angegebene Wohnadresse (bzw. Postanschrift).<\/p>\n<p>Falls die Zustellung aufgrund von fehlerhaften Adressangaben nicht erfolgen kann, wird die CIE 30 Tage bei der lokalen Poststelle hinterlegt. Nach Ablauf dieser Frist wird das betreffende Couvert dem Konsulat f\u00fcr einen letzten Zustellversuch \u00fcbergeben.<\/p>\n<p>Die Kosten variieren je nach den <a href=\"https:\/\/consbasilea.esteri.it\/de\/servizi-consolari\/servizi-per-il-cittadino-italiano\/konsulargebuehren\/\">geltenden Konsulargeb\u00fchren<\/a>. Die Kosten f\u00fcr die Erstausstellung einer Identit\u00e4tskarte belaufen sich derzeit auf<b><strong> 21 CHF<\/strong><\/b>, w\u00e4hrend die Kosten f\u00fcr ein Duplikat <b><strong>25,90 CHF<\/strong><\/b> betragen.<\/p>\n<p>Nach dem aktuellen Wechselkurs EUR\/CHF kann dieser Betrag geringf\u00fcgig schwanken). Der Betrag ist\u00a0<strong>mit BANCOMAT-\/DEBITKARTE<\/strong>\u00a0(V-Pay, Maestro, Postfinance)\u00a0<strong>zahlbar<\/strong><strong>. Zahlungen mit Kreditkarte sind ausgeschlossen. Barzahlungen werden NUR IN AUSNAHMEF\u00c4LLEN angenommen.<\/strong><\/p>\n","protected":false},"excerpt":{"rendered":"ALLGEMEINE INFORMATIONEN Die elektronische Identit\u00e4tskarte (Carta d\u2019Identit\u00e0 Elettronica, CIE), auch als elektronischer Personalausweis bezeichnet, ist ein multifunktionales Dokument: Sie belegt die Identit\u00e4t der B\u00fcrgerin oder des B\u00fcrgers, sie dient als Reisedokument, sie enth\u00e4lt die Steueridentifikationsnummer und kann zur Beantragung einer digitalen Identit\u00e4t im SPID-System (Sistema Pubblico di Identit\u00e0 Digitale) verwendet werden. Die digitale Identit\u00e4t berechtigt [&hellip;]","protected":false},"author":4,"featured_media":0,"parent":2112,"menu_order":2,"comment_status":"closed","ping_status":"closed","template":"","meta":{"footnotes":""},"class_list":["post-2217","page","type-page","status-publish","hentry"],"_links":{"self":[{"href":"https:\/\/consbasilea.esteri.it\/de\/wp-json\/wp\/v2\/pages\/2217","targetHints":{"allow":["GET"]}}],"collection":[{"href":"https:\/\/consbasilea.esteri.it\/de\/wp-json\/wp\/v2\/pages"}],"about":[{"href":"https:\/\/consbasilea.esteri.it\/de\/wp-json\/wp\/v2\/types\/page"}],"author":[{"embeddable":true,"href":"https:\/\/consbasilea.esteri.it\/de\/wp-json\/wp\/v2\/users\/4"}],"replies":[{"embeddable":true,"href":"https:\/\/consbasilea.esteri.it\/de\/wp-json\/wp\/v2\/comments?post=2217"}],"version-history":[{"count":6,"href":"https:\/\/consbasilea.esteri.it\/de\/wp-json\/wp\/v2\/pages\/2217\/revisions"}],"predecessor-version":[{"id":3784,"href":"https:\/\/consbasilea.esteri.it\/de\/wp-json\/wp\/v2\/pages\/2217\/revisions\/3784"}],"up":[{"embeddable":true,"href":"https:\/\/consbasilea.esteri.it\/de\/wp-json\/wp\/v2\/pages\/2112"}],"wp:attachment":[{"href":"https:\/\/consbasilea.esteri.it\/de\/wp-json\/wp\/v2\/media?parent=2217"}],"curies":[{"name":"wp","href":"https:\/\/api.w.org\/{rel}","templated":true}]}}