{"id":2194,"date":"2023-07-05T09:40:48","date_gmt":"2023-07-05T07:40:48","guid":{"rendered":"https:\/\/consbasilea.esteri.it\/?page_id=2194"},"modified":"2026-03-05T18:01:45","modified_gmt":"2026-03-05T16:01:45","slug":"2194-2","status":"publish","type":"page","link":"https:\/\/consbasilea.esteri.it\/de\/chi-siamo\/la-rete-consolare\/2194-2\/","title":{"rendered":"Konsularische Korrespondenten"},"content":{"rendered":"<p>Die konsularischen Korrespondenten unterst\u00fctzen unsere Mitb\u00fcrgerinnen und Mitb\u00fcrger bei der Anforderung konsularischer Dienstleistungen.\u00a0<strong>Ihr Einsatz ist kostenlos<\/strong>\u00a0und erfolgt im Rahmen der geltenden Vorschriften.<\/p>\n<p>Im Konsularbezirk des Konsulats der Italienischen Republik, Basel sind folgende konsularischen Korrespondentinnen und Korrespondenten t\u00e4tig:<\/p>\n<p><strong>KANTON AARGAU<\/strong><\/p>\n<p><strong>Giorgio CIRELLI<\/strong><br \/>\nTel. 061 851 02 84<br \/>\nE-Mail: corr.cons.fricktal@gmail.com<br \/>\n(<strong>Empfang nach Vereinbarung<\/strong>\u00a0im B\u00fcro beim \u00abPfarreizentrum Schallen\u00bb, Hauptstrasse 17, 4313 M\u00f6hlin.)<\/p>\n<p><strong>Angelo DI LUCCI<\/strong><br \/>\nM\u00fcllerachenweg 12 \u2013 5503 Schafisheim (AG)<br \/>\nTel. 043\/ 322 20 25<br \/>\nMobil: 078 \/ 843 02 67<br \/>\nE-Mail:\u00a0<a>adilucci@bluewin.ch<\/a><br \/>\n(Empfang jeweils freitags von 16:30 bis 18:30 Uhr, c\/o Associazione Abruzzesi Argovia, Hintere Bahnhofstr. 13, Suhr)<\/p>\n<p><strong>Luisa Giuseppina GREGIS<br \/>\n<\/strong>E-Mail:\u00a0<a>inossap@gmail.com<br \/>\n<\/a>Tel. 077 498 19 42 (auch \u00fcber WhatsApp erreichbar)<\/p>\n<p><strong>Raffaele LAVANGA<\/strong><br \/>\nE-Mail: raffaele.lavanga@bluemail.ch<br \/>\nCentro Parrocchiale Chi-Ro M\u00fchlethalstrasse 13 , 4800 Zofingen<\/p>\n<p>(Empfang jeweils am 1. und 3. Donnerstag im Monat von 15:00 bis 17:30 Uhr)<br \/>\nFerner empf\u00e4ngt Herr Lavanga Italienerinnen und Italiener am Centro Sociale Italiano, Sonnenbergstrasse 23, 5408 Ennetbaden, jeweils freitags von 15:30 bis 18:00 Uhr, Tel. 056 \/ 222 73 52.<\/p>\n<p><strong>Augusta LORETUCCI<\/strong><br \/>\nTurnerweg 5 \u2013 5600 Lenzburg (AG)<br \/>\nTel. 062 \/ 891 15 55 oder 062 \/ 822 68 37<br \/>\nE-Mail: augusta.loretucci@acli.it<br \/>\n(Empfang jeweils dienstags von 16:00 bis 19:00 Uhr, Boccia Club, Lenzburgerstrasse 2, Lenzburg \/ Niederlenz; jeweils am 2. und 4. Mittwoch des Monats von 16:00 bis 19:00 Uhr, Volkshaus, Konsumweg 2, Reinach\/AG)<\/p>\n<p><strong>Claudio RUGGERI<\/strong><br \/>\nLindengasse 589 \u2013 5042 Hirschthal (AG)<br \/>\nTel. 062 \/ 824 51 02<br \/>\nMobil: 079 \/ 415 10 16<br \/>\nE-Mail:\u00a0<a>ruggeri589@bluewin.ch<\/a><\/p>\n<p><strong>Antonio TOCCO<\/strong><br \/>\nE-Mail: toccoantonio68@gmail.com<br \/>\nEmpfang:<br \/>\nc\/o Patronato Ital-Uil, 056\/245 49 12, Hauptstrasse 20 \u2013 5312 D\u00f6ttingen\/AG (jeweils mittwochs von 15:00 bis 18:00 Uhr)<br \/>\nc\/o UNIA Baden (jeden 1. und 3. Freitag des Monats von 14:30 bis 16:30 Uhr)<\/p>\n<p><strong>KANTON JURA<\/strong><\/p>\n<p>&#8211;<\/p>\n<p><strong>KANTON SOLOTHURN<\/strong><\/p>\n<p><strong>Aldo DOMANICO<\/strong><br \/>\nGartenstrasse 28 \u2013 5012 Sch\u00f6nenwerd (SO)<br \/>\nMobil: 079 \/ 659 69 27<br \/>\nE-Mail: adomanico@bluewin.ch<br \/>\n(Empfang jeweils am 1. und 3. Montag des Monats von 17:00 bis 19:00 Uhr, c\/o Unione Sportiva Oltenese, M\u00fchlegasse 12, Olten)<\/p>\n<p><strong>Nicola PAOLA<\/strong><br \/>\nBenediktusweg 5 \u2013 4552 Derendingen (SO)<br \/>\nTel. 032 685 07 28<br \/>\nMobil: 079 262 48 69<br \/>\nE-Mail: nicolapaola64@gmail.com<br \/>\n(Empfang t\u00e4glich ab 17:00 Uhr)<\/p>\n","protected":false},"excerpt":{"rendered":"Die konsularischen Korrespondenten unterst\u00fctzen unsere Mitb\u00fcrgerinnen und Mitb\u00fcrger bei der Anforderung konsularischer Dienstleistungen.\u00a0Ihr Einsatz ist kostenlos\u00a0und erfolgt im Rahmen der geltenden Vorschriften. Im Konsularbezirk des Konsulats der Italienischen Republik, Basel sind folgende konsularischen Korrespondentinnen und Korrespondenten t\u00e4tig: KANTON AARGAU Giorgio CIRELLI Tel. 061 851 02 84 E-Mail: corr.cons.fricktal@gmail.com (Empfang nach Vereinbarung\u00a0im B\u00fcro beim \u00abPfarreizentrum Schallen\u00bb, [&hellip;]","protected":false},"author":4,"featured_media":0,"parent":2094,"menu_order":0,"comment_status":"closed","ping_status":"closed","template":"","meta":{"footnotes":""},"class_list":["post-2194","page","type-page","status-publish","hentry"],"_links":{"self":[{"href":"https:\/\/consbasilea.esteri.it\/de\/wp-json\/wp\/v2\/pages\/2194","targetHints":{"allow":["GET"]}}],"collection":[{"href":"https:\/\/consbasilea.esteri.it\/de\/wp-json\/wp\/v2\/pages"}],"about":[{"href":"https:\/\/consbasilea.esteri.it\/de\/wp-json\/wp\/v2\/types\/page"}],"author":[{"embeddable":true,"href":"https:\/\/consbasilea.esteri.it\/de\/wp-json\/wp\/v2\/users\/4"}],"replies":[{"embeddable":true,"href":"https:\/\/consbasilea.esteri.it\/de\/wp-json\/wp\/v2\/comments?post=2194"}],"version-history":[{"count":4,"href":"https:\/\/consbasilea.esteri.it\/de\/wp-json\/wp\/v2\/pages\/2194\/revisions"}],"predecessor-version":[{"id":5145,"href":"https:\/\/consbasilea.esteri.it\/de\/wp-json\/wp\/v2\/pages\/2194\/revisions\/5145"}],"up":[{"embeddable":true,"href":"https:\/\/consbasilea.esteri.it\/de\/wp-json\/wp\/v2\/pages\/2094"}],"wp:attachment":[{"href":"https:\/\/consbasilea.esteri.it\/de\/wp-json\/wp\/v2\/media?parent=2194"}],"curies":[{"name":"wp","href":"https:\/\/api.w.org\/{rel}","templated":true}]}}